{"id":10720,"date":"2017-06-08T13:14:07","date_gmt":"2017-06-08T12:14:07","guid":{"rendered":"https:\/\/websjop.bwhontwerpers.nl\/?post_type=product&#038;p=10720"},"modified":"2024-11-06T09:45:08","modified_gmt":"2024-11-06T08:45:08","slug":"fryslan-tas-mei-blommen","status":"publish","type":"product","link":"https:\/\/websjop.afuk.frl\/frl\/winkel\/fryslan-tas-mei-blommen\/","title":{"rendered":"Frysl\u00e2n tas met bloemmotief"},"content":{"rendered":"<p>Prachtig uitgevoerde Robin Ruth schoudertas, bedrukt met Frysl\u00e2n en de namen van de Friese Elfsteden. De tas kan afgesloten worden met een rits, heeft een binnenvakje met rits en een stevige bodem. Met rozenmotief.<\/p>\n<p>Maat: 32 x 46 cm.<\/p>\n<p>&nbsp;<\/p>\n","protected":false},"excerpt":{"rendered":"<p>Frysl\u00e2n tas mei blommen<\/p>\n","protected":false},"featured_media":43911,"comment_status":"closed","ping_status":"closed","template":"","meta":{"_acf_changed":false},"product_brand":[],"product_cat":[565,1313],"product_tag":[22033,22882,22881,22884,18201,22883],"class_list":{"0":"post-10720","1":"product","2":"type-product","3":"status-publish","4":"has-post-thumbnail","6":"product_cat-friese-producten","7":"product_cat-simmer-yn-fryslan","8":"product_tag-bloemmotief","9":"product_tag-blommotyf","10":"product_tag-fryslan-tas","11":"product_tag-roazen","12":"product_tag-robin-ruth","13":"product_tag-rozen","14":"product_shipping_class-pakketpost-verzending","16":"first","17":"instock","18":"taxable","19":"shipping-taxable","20":"purchasable","21":"product-type-simple"},"acf":[],"yoast_head":"<!-- This site is optimized with the Yoast SEO plugin v27.3 - https:\/\/yoast.com\/product\/yoast-seo-wordpress\/ -->\n<title>Frysl\u00e2n tas met bloemmotief &#8211; Af\u00fbk Websjop<\/title>\n<meta name=\"description\" content=\"Prachtige Robin Ruth schoudertas, bedrukt met Frysl\u00e2n en de namen van de Friese Elfsteden. De tas kan afgesloten worden met een rits. Met bloemmotief.\" \/>\n<meta name=\"robots\" content=\"index, follow, max-snippet:-1, max-image-preview:large, max-video-preview:-1\" \/>\n<link rel=\"canonical\" href=\"https:\/\/websjop.afuk.frl\/frl\/winkel\/fryslan-tas-mei-blommen\/\" \/>\n<meta property=\"og:locale\" content=\"fy_NL\" \/>\n<meta property=\"og:type\" content=\"article\" \/>\n<meta property=\"og:title\" content=\"Frysl\u00e2n tas met bloemmotief &#8211; Af\u00fbk Websjop\" \/>\n<meta property=\"og:description\" content=\"Prachtige Robin Ruth schoudertas, bedrukt met Frysl\u00e2n en de namen van de Friese Elfsteden. De tas kan afgesloten worden met een rits. Met bloemmotief.\" \/>\n<meta property=\"og:url\" content=\"https:\/\/websjop.afuk.frl\/frl\/winkel\/fryslan-tas-mei-blommen\/\" \/>\n<meta property=\"og:site_name\" content=\"Af\u00fbk Websjop\" \/>\n<meta property=\"article:modified_time\" content=\"2024-11-06T08:45:08+00:00\" \/>\n<meta property=\"og:image\" content=\"https:\/\/websjop.afuk.frl\/wp-content\/uploads\/2017\/06\/Tas-mei-blommen.jpg\" \/>\n\t<meta property=\"og:image:width\" content=\"1861\" \/>\n\t<meta property=\"og:image:height\" content=\"1976\" \/>\n\t<meta property=\"og:image:type\" content=\"image\/jpeg\" \/>\n<meta name=\"twitter:card\" content=\"summary_large_image\" \/>\n<script type=\"application\/ld+json\" class=\"yoast-schema-graph\">{\"@context\":\"https:\\\/\\\/schema.org\",\"@graph\":[{\"@type\":\"WebPage\",\"@id\":\"https:\\\/\\\/websjop.afuk.frl\\\/frl\\\/winkel\\\/fryslan-tas-mei-blommen\\\/\",\"url\":\"https:\\\/\\\/websjop.afuk.frl\\\/frl\\\/winkel\\\/fryslan-tas-mei-blommen\\\/\",\"name\":\"Frysl\u00e2n tas met bloemmotief &#8211; Af\u00fbk Websjop\",\"isPartOf\":{\"@id\":\"https:\\\/\\\/websjop.afuk.frl\\\/frl\\\/#website\"},\"primaryImageOfPage\":{\"@id\":\"https:\\\/\\\/websjop.afuk.frl\\\/frl\\\/winkel\\\/fryslan-tas-mei-blommen\\\/#primaryimage\"},\"image\":{\"@id\":\"https:\\\/\\\/websjop.afuk.frl\\\/frl\\\/winkel\\\/fryslan-tas-mei-blommen\\\/#primaryimage\"},\"thumbnailUrl\":\"https:\\\/\\\/websjop.afuk.frl\\\/wp-content\\\/uploads\\\/2017\\\/06\\\/Tas-mei-blommen.jpg\",\"datePublished\":\"2017-06-08T12:14:07+00:00\",\"dateModified\":\"2024-11-06T08:45:08+00:00\",\"description\":\"Prachtige Robin Ruth schoudertas, bedrukt met Frysl\u00e2n en de namen van de Friese Elfsteden. De tas kan afgesloten worden met een rits. Met bloemmotief.\",\"breadcrumb\":{\"@id\":\"https:\\\/\\\/websjop.afuk.frl\\\/frl\\\/winkel\\\/fryslan-tas-mei-blommen\\\/#breadcrumb\"},\"inLanguage\":\"fy-NL\",\"potentialAction\":[{\"@type\":\"ReadAction\",\"target\":[\"https:\\\/\\\/websjop.afuk.frl\\\/frl\\\/winkel\\\/fryslan-tas-mei-blommen\\\/\"]}]},{\"@type\":\"ImageObject\",\"inLanguage\":\"fy-NL\",\"@id\":\"https:\\\/\\\/websjop.afuk.frl\\\/frl\\\/winkel\\\/fryslan-tas-mei-blommen\\\/#primaryimage\",\"url\":\"https:\\\/\\\/websjop.afuk.frl\\\/wp-content\\\/uploads\\\/2017\\\/06\\\/Tas-mei-blommen.jpg\",\"contentUrl\":\"https:\\\/\\\/websjop.afuk.frl\\\/wp-content\\\/uploads\\\/2017\\\/06\\\/Tas-mei-blommen.jpg\",\"width\":1861,\"height\":1976},{\"@type\":\"BreadcrumbList\",\"@id\":\"https:\\\/\\\/websjop.afuk.frl\\\/frl\\\/winkel\\\/fryslan-tas-mei-blommen\\\/#breadcrumb\",\"itemListElement\":[{\"@type\":\"ListItem\",\"position\":1,\"name\":\"Home\",\"item\":\"https:\\\/\\\/websjop.afuk.frl\\\/frl\\\/\"},{\"@type\":\"ListItem\",\"position\":2,\"name\":\"Winkel\",\"item\":\"https:\\\/\\\/websjop.afuk.frl\\\/nl\\\/winkel\\\/\"},{\"@type\":\"ListItem\",\"position\":3,\"name\":\"Frysl\u00e2n tas met bloemmotief\"}]},{\"@type\":\"WebSite\",\"@id\":\"https:\\\/\\\/websjop.afuk.frl\\\/frl\\\/#website\",\"url\":\"https:\\\/\\\/websjop.afuk.frl\\\/frl\\\/\",\"name\":\"Af\u00fbk Websjop\",\"description\":\"\",\"potentialAction\":[{\"@type\":\"SearchAction\",\"target\":{\"@type\":\"EntryPoint\",\"urlTemplate\":\"https:\\\/\\\/websjop.afuk.frl\\\/frl\\\/?s={search_term_string}\"},\"query-input\":{\"@type\":\"PropertyValueSpecification\",\"valueRequired\":true,\"valueName\":\"search_term_string\"}}],\"inLanguage\":\"fy-NL\"}]}<\/script>\n<!-- \/ Yoast SEO plugin. -->","yoast_head_json":{"title":"Frysl\u00e2n tas met bloemmotief &#8211; Af\u00fbk Websjop","description":"Prachtige Robin Ruth schoudertas, bedrukt met Frysl\u00e2n en de namen van de Friese Elfsteden. De tas kan afgesloten worden met een rits. Met bloemmotief.","robots":{"index":"index","follow":"follow","max-snippet":"max-snippet:-1","max-image-preview":"max-image-preview:large","max-video-preview":"max-video-preview:-1"},"canonical":"https:\/\/websjop.afuk.frl\/frl\/winkel\/fryslan-tas-mei-blommen\/","og_locale":"fy_NL","og_type":"article","og_title":"Frysl\u00e2n tas met bloemmotief &#8211; Af\u00fbk Websjop","og_description":"Prachtige Robin Ruth schoudertas, bedrukt met Frysl\u00e2n en de namen van de Friese Elfsteden. De tas kan afgesloten worden met een rits. Met bloemmotief.","og_url":"https:\/\/websjop.afuk.frl\/frl\/winkel\/fryslan-tas-mei-blommen\/","og_site_name":"Af\u00fbk Websjop","article_modified_time":"2024-11-06T08:45:08+00:00","og_image":[{"width":1861,"height":1976,"url":"https:\/\/websjop.afuk.frl\/wp-content\/uploads\/2017\/06\/Tas-mei-blommen.jpg","type":"image\/jpeg"}],"twitter_card":"summary_large_image","schema":{"@context":"https:\/\/schema.org","@graph":[{"@type":"WebPage","@id":"https:\/\/websjop.afuk.frl\/frl\/winkel\/fryslan-tas-mei-blommen\/","url":"https:\/\/websjop.afuk.frl\/frl\/winkel\/fryslan-tas-mei-blommen\/","name":"Frysl\u00e2n tas met bloemmotief &#8211; Af\u00fbk Websjop","isPartOf":{"@id":"https:\/\/websjop.afuk.frl\/frl\/#website"},"primaryImageOfPage":{"@id":"https:\/\/websjop.afuk.frl\/frl\/winkel\/fryslan-tas-mei-blommen\/#primaryimage"},"image":{"@id":"https:\/\/websjop.afuk.frl\/frl\/winkel\/fryslan-tas-mei-blommen\/#primaryimage"},"thumbnailUrl":"https:\/\/websjop.afuk.frl\/wp-content\/uploads\/2017\/06\/Tas-mei-blommen.jpg","datePublished":"2017-06-08T12:14:07+00:00","dateModified":"2024-11-06T08:45:08+00:00","description":"Prachtige Robin Ruth schoudertas, bedrukt met Frysl\u00e2n en de namen van de Friese Elfsteden. De tas kan afgesloten worden met een rits. Met bloemmotief.","breadcrumb":{"@id":"https:\/\/websjop.afuk.frl\/frl\/winkel\/fryslan-tas-mei-blommen\/#breadcrumb"},"inLanguage":"fy-NL","potentialAction":[{"@type":"ReadAction","target":["https:\/\/websjop.afuk.frl\/frl\/winkel\/fryslan-tas-mei-blommen\/"]}]},{"@type":"ImageObject","inLanguage":"fy-NL","@id":"https:\/\/websjop.afuk.frl\/frl\/winkel\/fryslan-tas-mei-blommen\/#primaryimage","url":"https:\/\/websjop.afuk.frl\/wp-content\/uploads\/2017\/06\/Tas-mei-blommen.jpg","contentUrl":"https:\/\/websjop.afuk.frl\/wp-content\/uploads\/2017\/06\/Tas-mei-blommen.jpg","width":1861,"height":1976},{"@type":"BreadcrumbList","@id":"https:\/\/websjop.afuk.frl\/frl\/winkel\/fryslan-tas-mei-blommen\/#breadcrumb","itemListElement":[{"@type":"ListItem","position":1,"name":"Home","item":"https:\/\/websjop.afuk.frl\/frl\/"},{"@type":"ListItem","position":2,"name":"Winkel","item":"https:\/\/websjop.afuk.frl\/nl\/winkel\/"},{"@type":"ListItem","position":3,"name":"Frysl\u00e2n tas met bloemmotief"}]},{"@type":"WebSite","@id":"https:\/\/websjop.afuk.frl\/frl\/#website","url":"https:\/\/websjop.afuk.frl\/frl\/","name":"Af\u00fbk Websjop","description":"","potentialAction":[{"@type":"SearchAction","target":{"@type":"EntryPoint","urlTemplate":"https:\/\/websjop.afuk.frl\/frl\/?s={search_term_string}"},"query-input":{"@type":"PropertyValueSpecification","valueRequired":true,"valueName":"search_term_string"}}],"inLanguage":"fy-NL"}]}},"_links":{"self":[{"href":"https:\/\/websjop.afuk.frl\/frl\/wp-json\/wp\/v2\/product\/10720","targetHints":{"allow":["GET"]}}],"collection":[{"href":"https:\/\/websjop.afuk.frl\/frl\/wp-json\/wp\/v2\/product"}],"about":[{"href":"https:\/\/websjop.afuk.frl\/frl\/wp-json\/wp\/v2\/types\/product"}],"replies":[{"embeddable":true,"href":"https:\/\/websjop.afuk.frl\/frl\/wp-json\/wp\/v2\/comments?post=10720"}],"wp:featuredmedia":[{"embeddable":true,"href":"https:\/\/websjop.afuk.frl\/frl\/wp-json\/wp\/v2\/media\/43911"}],"wp:attachment":[{"href":"https:\/\/websjop.afuk.frl\/frl\/wp-json\/wp\/v2\/media?parent=10720"}],"wp:term":[{"taxonomy":"product_brand","embeddable":true,"href":"https:\/\/websjop.afuk.frl\/frl\/wp-json\/wp\/v2\/product_brand?post=10720"},{"taxonomy":"product_cat","embeddable":true,"href":"https:\/\/websjop.afuk.frl\/frl\/wp-json\/wp\/v2\/product_cat?post=10720"},{"taxonomy":"product_tag","embeddable":true,"href":"https:\/\/websjop.afuk.frl\/frl\/wp-json\/wp\/v2\/product_tag?post=10720"}],"curies":[{"name":"wp","href":"https:\/\/api.w.org\/{rel}","templated":true}]}}