{"id":10631,"date":"2017-05-02T10:37:26","date_gmt":"2017-05-02T09:37:26","guid":{"rendered":"https:\/\/websjop.bwhontwerpers.nl\/?post_type=product&#038;p=10631"},"modified":"2022-04-11T10:34:03","modified_gmt":"2022-04-11T09:34:03","slug":"ridders-fan-de-rune-tafel","status":"publish","type":"product","link":"https:\/\/websjop.afuk.frl\/frl\/winkel\/ridders-fan-de-rune-tafel\/","title":{"rendered":"Ridders fan de R\u00fbne Tafel"},"content":{"rendered":"<div class=\"product-price-box\">\n<div class=\"product-short-description\">Dit verhaal is een vertaling van de episode Perchevael uit de Haagse Lancelotcomplilatie. Evenwel speelt niet Perseval een hoofdrol, maar eerder Walewein.<\/div>\n<div><\/div>\n<div>Het verhaal begint met een scene aan het hof van Koning Arthur, waar de ridders met elkaar aan de feestdis zitten, omdat Perseval na lange omzwervingen weer terug gekomen is. Terwijl ze eten komt er een hele lelijke vrouw binnen en noemt de ridders een aantal uitdagingen waar ze mee instemmen.<\/div>\n<div><\/div>\n<div>In zestien episodes worden de avonturen beschreven van o.a. mannen als Walewein, Iwain, Gari\u00ebt, Kai, Agrawain, Griflet, Perseval zelf en zijn broer Aglaval. De verteller wisselt de scenes af als in een film, waardoor de lezer een soort caleidoscopisch overzicht krijgt van wat er allemaal gebeurt. Op het laatst moet Walewein in een tweekamp tegen twee sterke ridders vechten. Wie zal de winnaar worden?<\/div>\n<div>Op de achtergrond is steeds Perseval aanwezig om Walewein en anderen te helpen in geval van nood.<\/div>\n<\/div>\n","protected":false},"excerpt":{"rendered":"<p>Ridders fan de R\u00fbne Tafel<\/p>\n","protected":false},"featured_media":10632,"comment_status":"closed","ping_status":"closed","template":"","meta":{"_acf_changed":false},"product_brand":[],"product_cat":[535,537,1215],"product_tag":[20617,5661,20630,20628,20629,20627],"class_list":{"0":"post-10631","1":"product","2":"type-product","3":"status-publish","4":"has-post-thumbnail","6":"product_cat-fryske-boeken","7":"product_cat-romans","8":"product_cat-romans-en-literatuer","9":"product_tag-kening-artur","10":"product_tag-klaas-bruinsma","11":"product_tag-middelnederlands","12":"product_tag-perseval","13":"product_tag-ridderferhalen","14":"product_tag-ridders-fan-de-rune-tafel","15":"product_shipping_class-brievenbus-verzending","16":"pa_auteur-lodewijk-van-velthem","17":"pa_isbn-2840","18":"pa_taal-frysk","19":"pa_uitgever-elikser","20":"pa_vertaler-klaas-bruinsma","22":"first","23":"instock","24":"taxable","25":"shipping-taxable","26":"purchasable","27":"product-type-simple"},"acf":[],"yoast_head":"<!-- This site is optimized with the Yoast SEO plugin v27.3 - https:\/\/yoast.com\/product\/yoast-seo-wordpress\/ -->\n<title>Ridders fan de R\u00fbne Tafel &#8211; Af\u00fbk Websjop<\/title>\n<meta name=\"description\" content=\"In Ridders fan de R\u00fbne Tafel worden in 16 episodes worden de ridderavonturen beschreven van o.a. Walewein, Iwain, Gari\u00ebt, Kai, Agrawain en Perseval.\" \/>\n<meta name=\"robots\" content=\"index, follow, max-snippet:-1, max-image-preview:large, max-video-preview:-1\" \/>\n<link rel=\"canonical\" href=\"https:\/\/websjop.afuk.frl\/frl\/winkel\/ridders-fan-de-rune-tafel\/\" \/>\n<meta property=\"og:locale\" content=\"fy_NL\" \/>\n<meta property=\"og:type\" content=\"article\" \/>\n<meta property=\"og:title\" content=\"Ridders fan de R\u00fbne Tafel &#8211; Af\u00fbk Websjop\" \/>\n<meta property=\"og:description\" content=\"In Ridders fan de R\u00fbne Tafel worden in 16 episodes worden de ridderavonturen beschreven van o.a. Walewein, Iwain, Gari\u00ebt, Kai, Agrawain en Perseval.\" \/>\n<meta property=\"og:url\" content=\"https:\/\/websjop.afuk.frl\/frl\/winkel\/ridders-fan-de-rune-tafel\/\" \/>\n<meta property=\"og:site_name\" content=\"Af\u00fbk Websjop\" \/>\n<meta property=\"article:modified_time\" content=\"2022-04-11T09:34:03+00:00\" \/>\n<meta property=\"og:image\" content=\"https:\/\/websjop.afuk.frl\/wp-content\/uploads\/2017\/05\/products-ridders.jpg\" \/>\n\t<meta property=\"og:image:width\" content=\"400\" \/>\n\t<meta property=\"og:image:height\" content=\"400\" \/>\n\t<meta property=\"og:image:type\" content=\"image\/jpeg\" \/>\n<meta name=\"twitter:card\" content=\"summary_large_image\" \/>\n<meta name=\"twitter:label1\" content=\"Est. reading time\" \/>\n\t<meta name=\"twitter:data1\" content=\"1 minute\" \/>\n<script type=\"application\/ld+json\" class=\"yoast-schema-graph\">{\"@context\":\"https:\\\/\\\/schema.org\",\"@graph\":[{\"@type\":\"WebPage\",\"@id\":\"https:\\\/\\\/websjop.afuk.frl\\\/frl\\\/winkel\\\/ridders-fan-de-rune-tafel\\\/\",\"url\":\"https:\\\/\\\/websjop.afuk.frl\\\/frl\\\/winkel\\\/ridders-fan-de-rune-tafel\\\/\",\"name\":\"Ridders fan de R\u00fbne Tafel &#8211; Af\u00fbk Websjop\",\"isPartOf\":{\"@id\":\"https:\\\/\\\/websjop.afuk.frl\\\/frl\\\/#website\"},\"primaryImageOfPage\":{\"@id\":\"https:\\\/\\\/websjop.afuk.frl\\\/frl\\\/winkel\\\/ridders-fan-de-rune-tafel\\\/#primaryimage\"},\"image\":{\"@id\":\"https:\\\/\\\/websjop.afuk.frl\\\/frl\\\/winkel\\\/ridders-fan-de-rune-tafel\\\/#primaryimage\"},\"thumbnailUrl\":\"https:\\\/\\\/websjop.afuk.frl\\\/wp-content\\\/uploads\\\/2017\\\/05\\\/products-ridders.jpg\",\"datePublished\":\"2017-05-02T09:37:26+00:00\",\"dateModified\":\"2022-04-11T09:34:03+00:00\",\"description\":\"In Ridders fan de R\u00fbne Tafel worden in 16 episodes worden de ridderavonturen beschreven van o.a. Walewein, Iwain, Gari\u00ebt, Kai, Agrawain en Perseval.\",\"breadcrumb\":{\"@id\":\"https:\\\/\\\/websjop.afuk.frl\\\/frl\\\/winkel\\\/ridders-fan-de-rune-tafel\\\/#breadcrumb\"},\"inLanguage\":\"fy-NL\",\"potentialAction\":[{\"@type\":\"ReadAction\",\"target\":[\"https:\\\/\\\/websjop.afuk.frl\\\/frl\\\/winkel\\\/ridders-fan-de-rune-tafel\\\/\"]}]},{\"@type\":\"ImageObject\",\"inLanguage\":\"fy-NL\",\"@id\":\"https:\\\/\\\/websjop.afuk.frl\\\/frl\\\/winkel\\\/ridders-fan-de-rune-tafel\\\/#primaryimage\",\"url\":\"https:\\\/\\\/websjop.afuk.frl\\\/wp-content\\\/uploads\\\/2017\\\/05\\\/products-ridders.jpg\",\"contentUrl\":\"https:\\\/\\\/websjop.afuk.frl\\\/wp-content\\\/uploads\\\/2017\\\/05\\\/products-ridders.jpg\",\"width\":400,\"height\":400},{\"@type\":\"BreadcrumbList\",\"@id\":\"https:\\\/\\\/websjop.afuk.frl\\\/frl\\\/winkel\\\/ridders-fan-de-rune-tafel\\\/#breadcrumb\",\"itemListElement\":[{\"@type\":\"ListItem\",\"position\":1,\"name\":\"Home\",\"item\":\"https:\\\/\\\/websjop.afuk.frl\\\/frl\\\/\"},{\"@type\":\"ListItem\",\"position\":2,\"name\":\"Winkel\",\"item\":\"https:\\\/\\\/websjop.afuk.frl\\\/nl\\\/winkel\\\/\"},{\"@type\":\"ListItem\",\"position\":3,\"name\":\"Ridders fan de R\u00fbne Tafel\"}]},{\"@type\":\"WebSite\",\"@id\":\"https:\\\/\\\/websjop.afuk.frl\\\/frl\\\/#website\",\"url\":\"https:\\\/\\\/websjop.afuk.frl\\\/frl\\\/\",\"name\":\"Af\u00fbk Websjop\",\"description\":\"\",\"potentialAction\":[{\"@type\":\"SearchAction\",\"target\":{\"@type\":\"EntryPoint\",\"urlTemplate\":\"https:\\\/\\\/websjop.afuk.frl\\\/frl\\\/?s={search_term_string}\"},\"query-input\":{\"@type\":\"PropertyValueSpecification\",\"valueRequired\":true,\"valueName\":\"search_term_string\"}}],\"inLanguage\":\"fy-NL\"}]}<\/script>\n<!-- \/ Yoast SEO plugin. -->","yoast_head_json":{"title":"Ridders fan de R\u00fbne Tafel &#8211; Af\u00fbk Websjop","description":"In Ridders fan de R\u00fbne Tafel worden in 16 episodes worden de ridderavonturen beschreven van o.a. Walewein, Iwain, Gari\u00ebt, Kai, Agrawain en Perseval.","robots":{"index":"index","follow":"follow","max-snippet":"max-snippet:-1","max-image-preview":"max-image-preview:large","max-video-preview":"max-video-preview:-1"},"canonical":"https:\/\/websjop.afuk.frl\/frl\/winkel\/ridders-fan-de-rune-tafel\/","og_locale":"fy_NL","og_type":"article","og_title":"Ridders fan de R\u00fbne Tafel &#8211; Af\u00fbk Websjop","og_description":"In Ridders fan de R\u00fbne Tafel worden in 16 episodes worden de ridderavonturen beschreven van o.a. Walewein, Iwain, Gari\u00ebt, Kai, Agrawain en Perseval.","og_url":"https:\/\/websjop.afuk.frl\/frl\/winkel\/ridders-fan-de-rune-tafel\/","og_site_name":"Af\u00fbk Websjop","article_modified_time":"2022-04-11T09:34:03+00:00","og_image":[{"width":400,"height":400,"url":"https:\/\/websjop.afuk.frl\/wp-content\/uploads\/2017\/05\/products-ridders.jpg","type":"image\/jpeg"}],"twitter_card":"summary_large_image","twitter_misc":{"Est. reading time":"1 minute"},"schema":{"@context":"https:\/\/schema.org","@graph":[{"@type":"WebPage","@id":"https:\/\/websjop.afuk.frl\/frl\/winkel\/ridders-fan-de-rune-tafel\/","url":"https:\/\/websjop.afuk.frl\/frl\/winkel\/ridders-fan-de-rune-tafel\/","name":"Ridders fan de R\u00fbne Tafel &#8211; Af\u00fbk Websjop","isPartOf":{"@id":"https:\/\/websjop.afuk.frl\/frl\/#website"},"primaryImageOfPage":{"@id":"https:\/\/websjop.afuk.frl\/frl\/winkel\/ridders-fan-de-rune-tafel\/#primaryimage"},"image":{"@id":"https:\/\/websjop.afuk.frl\/frl\/winkel\/ridders-fan-de-rune-tafel\/#primaryimage"},"thumbnailUrl":"https:\/\/websjop.afuk.frl\/wp-content\/uploads\/2017\/05\/products-ridders.jpg","datePublished":"2017-05-02T09:37:26+00:00","dateModified":"2022-04-11T09:34:03+00:00","description":"In Ridders fan de R\u00fbne Tafel worden in 16 episodes worden de ridderavonturen beschreven van o.a. Walewein, Iwain, Gari\u00ebt, Kai, Agrawain en Perseval.","breadcrumb":{"@id":"https:\/\/websjop.afuk.frl\/frl\/winkel\/ridders-fan-de-rune-tafel\/#breadcrumb"},"inLanguage":"fy-NL","potentialAction":[{"@type":"ReadAction","target":["https:\/\/websjop.afuk.frl\/frl\/winkel\/ridders-fan-de-rune-tafel\/"]}]},{"@type":"ImageObject","inLanguage":"fy-NL","@id":"https:\/\/websjop.afuk.frl\/frl\/winkel\/ridders-fan-de-rune-tafel\/#primaryimage","url":"https:\/\/websjop.afuk.frl\/wp-content\/uploads\/2017\/05\/products-ridders.jpg","contentUrl":"https:\/\/websjop.afuk.frl\/wp-content\/uploads\/2017\/05\/products-ridders.jpg","width":400,"height":400},{"@type":"BreadcrumbList","@id":"https:\/\/websjop.afuk.frl\/frl\/winkel\/ridders-fan-de-rune-tafel\/#breadcrumb","itemListElement":[{"@type":"ListItem","position":1,"name":"Home","item":"https:\/\/websjop.afuk.frl\/frl\/"},{"@type":"ListItem","position":2,"name":"Winkel","item":"https:\/\/websjop.afuk.frl\/nl\/winkel\/"},{"@type":"ListItem","position":3,"name":"Ridders fan de R\u00fbne Tafel"}]},{"@type":"WebSite","@id":"https:\/\/websjop.afuk.frl\/frl\/#website","url":"https:\/\/websjop.afuk.frl\/frl\/","name":"Af\u00fbk Websjop","description":"","potentialAction":[{"@type":"SearchAction","target":{"@type":"EntryPoint","urlTemplate":"https:\/\/websjop.afuk.frl\/frl\/?s={search_term_string}"},"query-input":{"@type":"PropertyValueSpecification","valueRequired":true,"valueName":"search_term_string"}}],"inLanguage":"fy-NL"}]}},"_links":{"self":[{"href":"https:\/\/websjop.afuk.frl\/frl\/wp-json\/wp\/v2\/product\/10631","targetHints":{"allow":["GET"]}}],"collection":[{"href":"https:\/\/websjop.afuk.frl\/frl\/wp-json\/wp\/v2\/product"}],"about":[{"href":"https:\/\/websjop.afuk.frl\/frl\/wp-json\/wp\/v2\/types\/product"}],"replies":[{"embeddable":true,"href":"https:\/\/websjop.afuk.frl\/frl\/wp-json\/wp\/v2\/comments?post=10631"}],"wp:featuredmedia":[{"embeddable":true,"href":"https:\/\/websjop.afuk.frl\/frl\/wp-json\/wp\/v2\/media\/10632"}],"wp:attachment":[{"href":"https:\/\/websjop.afuk.frl\/frl\/wp-json\/wp\/v2\/media?parent=10631"}],"wp:term":[{"taxonomy":"product_brand","embeddable":true,"href":"https:\/\/websjop.afuk.frl\/frl\/wp-json\/wp\/v2\/product_brand?post=10631"},{"taxonomy":"product_cat","embeddable":true,"href":"https:\/\/websjop.afuk.frl\/frl\/wp-json\/wp\/v2\/product_cat?post=10631"},{"taxonomy":"product_tag","embeddable":true,"href":"https:\/\/websjop.afuk.frl\/frl\/wp-json\/wp\/v2\/product_tag?post=10631"}],"curies":[{"name":"wp","href":"https:\/\/api.w.org\/{rel}","templated":true}]}}