{"id":10566,"date":"2017-03-06T12:43:44","date_gmt":"2017-03-06T11:43:44","guid":{"rendered":"https:\/\/websjop.bwhontwerpers.nl\/?post_type=product&#038;p=10566"},"modified":"2021-09-24T12:55:50","modified_gmt":"2021-09-24T11:55:50","slug":"kompleten-e-book","status":"publish","type":"product","link":"https:\/\/websjop.afuk.frl\/frl\/winkel\/kompleten-e-book\/","title":{"rendered":"Kompleten &#8211; e-book"},"content":{"rendered":"<div class=\"short-description\">\n<p><strong>Kompleten e-book<\/strong><\/p>\n<div class=\"std\">\n<p>In roman fan Marga Claus oer w\u00fbnderbaarlike gen\u00eazingen yn in fier l\u00e2n en in net minder w\u00fbnderbaarlike sykte en dea ticht by h\u00fbs.<\/p>\n<p>Healwei de tweintichste ieu is der yn in Braziliaanske melaatskenkoloanje sprake fan w\u00fbnderlike Mariaferskiningen, mei d\u00earby fleskes miswyn dy&#8217;t spontaan oerrinne, en slim sike minsken dy&#8217;t ynienen gen\u00eazen binne. De nuchtere Boalserter pater Rogatus Hoogma besiket dat mystearje te befetsjen, mar Rome wol der gjin praat fan hawwe.<\/p>\n<p>Anno 2010 l\u00fbkt in Fryske skriuwster har acht dagen werom yn in benedictinerkleaster om de histoaryske brieven oer dy melaatsken te l\u00eazen. Se wit net dat dy brieven oer sykte en gen\u00eazing \u00e9n har ferbliuw yn it kleaster benammen wat oer har eigen takomst fertelle.<\/p>\n<p>In roman oer w\u00fbnderbaarlike gen\u00eazingen yn in fier l\u00e2n en in net minder w\u00fbnderbaarlike sykte en dea ticht by h\u00fbs.\u00a0Besjoch hjir de <a href=\"http:\/\/www.youtube.com\/watch?v=GFGbV0wYaL8\" target=\"_blank\" rel=\"noopener noreferrer\">fideotrailer fan Kompleten<\/a>.<\/p>\n<p>Fan Marga Claus (Ljouwert, 1955) ferskynden s\u00fbnt 2000 fjouwer (dokumint\u00eare) romans. Twa titels kamen \u00fat yn in Nederl\u00e2nske oersetting, by \u00fatjouwerij Van Gennep yn Amsterdam.<\/p>\n<p>&nbsp;<\/p>\n<p><em>Kompleten, Marga Claus, Utjouwerij Af\u00fbk,\u00a0nominearre foar de Gysbert Japicx-priis 2015<\/em><\/p>\n<p>&nbsp;<\/p>\n<\/div>\n<p>&nbsp;<\/p>\n<\/div>\n","protected":false},"excerpt":{"rendered":"<p>Kompleten &#8211; e-book<br \/>\nroman fan Marga Claus<\/p>\n","protected":false},"featured_media":12309,"comment_status":"closed","ping_status":"closed","template":"","meta":{"_acf_changed":false},"product_brand":[],"product_cat":[548,535],"product_tag":[18349,8036],"class_list":{"0":"post-10566","1":"product","2":"type-product","3":"status-publish","4":"has-post-thumbnail","6":"product_cat-e-books","7":"product_cat-fryske-boeken","8":"product_tag-ebook","9":"product_tag-kompleten","10":"pa_auteur-marga-claus-2","11":"pa_is-een-afuk-product-0-2","12":"pa_sale-label-0-3","14":"first","15":"instock","16":"downloadable","17":"virtual","18":"taxable","19":"purchasable","20":"product-type-simple"},"acf":[],"yoast_head":"<!-- This site is optimized with the Yoast SEO plugin v27.3 - https:\/\/yoast.com\/product\/yoast-seo-wordpress\/ -->\n<title>Kompleten - e-book &#8211; Af\u00fbk Websjop<\/title>\n<meta name=\"robots\" content=\"index, follow, max-snippet:-1, max-image-preview:large, max-video-preview:-1\" \/>\n<link rel=\"canonical\" href=\"https:\/\/websjop.afuk.frl\/frl\/winkel\/kompleten-e-book\/\" \/>\n<meta property=\"og:locale\" content=\"fy_NL\" \/>\n<meta property=\"og:type\" content=\"article\" \/>\n<meta property=\"og:title\" content=\"Kompleten - e-book &#8211; Af\u00fbk Websjop\" \/>\n<meta property=\"og:description\" content=\"Kompleten - e-book roman fan Marga Claus\" \/>\n<meta property=\"og:url\" content=\"https:\/\/websjop.afuk.frl\/frl\/winkel\/kompleten-e-book\/\" \/>\n<meta property=\"og:site_name\" content=\"Af\u00fbk Websjop\" \/>\n<meta property=\"article:modified_time\" content=\"2021-09-24T11:55:50+00:00\" \/>\n<meta property=\"og:image\" content=\"https:\/\/websjop.afuk.frl\/wp-content\/uploads\/2017\/03\/kompleten-ebook.jpg\" \/>\n\t<meta property=\"og:image:width\" content=\"550\" \/>\n\t<meta property=\"og:image:height\" content=\"799\" \/>\n\t<meta property=\"og:image:type\" content=\"image\/jpeg\" \/>\n<meta name=\"twitter:card\" content=\"summary_large_image\" \/>\n<meta name=\"twitter:label1\" content=\"Est. reading time\" \/>\n\t<meta name=\"twitter:data1\" content=\"1 minute\" \/>\n<script type=\"application\/ld+json\" class=\"yoast-schema-graph\">{\"@context\":\"https:\\\/\\\/schema.org\",\"@graph\":[{\"@type\":\"WebPage\",\"@id\":\"https:\\\/\\\/websjop.afuk.frl\\\/frl\\\/winkel\\\/kompleten-e-book\\\/\",\"url\":\"https:\\\/\\\/websjop.afuk.frl\\\/frl\\\/winkel\\\/kompleten-e-book\\\/\",\"name\":\"Kompleten - e-book &#8211; Af\u00fbk Websjop\",\"isPartOf\":{\"@id\":\"https:\\\/\\\/websjop.afuk.frl\\\/frl\\\/#website\"},\"primaryImageOfPage\":{\"@id\":\"https:\\\/\\\/websjop.afuk.frl\\\/frl\\\/winkel\\\/kompleten-e-book\\\/#primaryimage\"},\"image\":{\"@id\":\"https:\\\/\\\/websjop.afuk.frl\\\/frl\\\/winkel\\\/kompleten-e-book\\\/#primaryimage\"},\"thumbnailUrl\":\"https:\\\/\\\/websjop.afuk.frl\\\/wp-content\\\/uploads\\\/2017\\\/03\\\/kompleten-ebook.jpg\",\"datePublished\":\"2017-03-06T11:43:44+00:00\",\"dateModified\":\"2021-09-24T11:55:50+00:00\",\"breadcrumb\":{\"@id\":\"https:\\\/\\\/websjop.afuk.frl\\\/frl\\\/winkel\\\/kompleten-e-book\\\/#breadcrumb\"},\"inLanguage\":\"fy-NL\",\"potentialAction\":[{\"@type\":\"ReadAction\",\"target\":[\"https:\\\/\\\/websjop.afuk.frl\\\/frl\\\/winkel\\\/kompleten-e-book\\\/\"]}]},{\"@type\":\"ImageObject\",\"inLanguage\":\"fy-NL\",\"@id\":\"https:\\\/\\\/websjop.afuk.frl\\\/frl\\\/winkel\\\/kompleten-e-book\\\/#primaryimage\",\"url\":\"https:\\\/\\\/websjop.afuk.frl\\\/wp-content\\\/uploads\\\/2017\\\/03\\\/kompleten-ebook.jpg\",\"contentUrl\":\"https:\\\/\\\/websjop.afuk.frl\\\/wp-content\\\/uploads\\\/2017\\\/03\\\/kompleten-ebook.jpg\",\"width\":550,\"height\":799},{\"@type\":\"BreadcrumbList\",\"@id\":\"https:\\\/\\\/websjop.afuk.frl\\\/frl\\\/winkel\\\/kompleten-e-book\\\/#breadcrumb\",\"itemListElement\":[{\"@type\":\"ListItem\",\"position\":1,\"name\":\"Home\",\"item\":\"https:\\\/\\\/websjop.afuk.frl\\\/frl\\\/\"},{\"@type\":\"ListItem\",\"position\":2,\"name\":\"Winkel\",\"item\":\"https:\\\/\\\/websjop.afuk.frl\\\/nl\\\/winkel\\\/\"},{\"@type\":\"ListItem\",\"position\":3,\"name\":\"Kompleten &#8211; e-book\"}]},{\"@type\":\"WebSite\",\"@id\":\"https:\\\/\\\/websjop.afuk.frl\\\/frl\\\/#website\",\"url\":\"https:\\\/\\\/websjop.afuk.frl\\\/frl\\\/\",\"name\":\"Af\u00fbk Websjop\",\"description\":\"\",\"potentialAction\":[{\"@type\":\"SearchAction\",\"target\":{\"@type\":\"EntryPoint\",\"urlTemplate\":\"https:\\\/\\\/websjop.afuk.frl\\\/frl\\\/?s={search_term_string}\"},\"query-input\":{\"@type\":\"PropertyValueSpecification\",\"valueRequired\":true,\"valueName\":\"search_term_string\"}}],\"inLanguage\":\"fy-NL\"}]}<\/script>\n<!-- \/ Yoast SEO plugin. -->","yoast_head_json":{"title":"Kompleten - e-book &#8211; Af\u00fbk Websjop","robots":{"index":"index","follow":"follow","max-snippet":"max-snippet:-1","max-image-preview":"max-image-preview:large","max-video-preview":"max-video-preview:-1"},"canonical":"https:\/\/websjop.afuk.frl\/frl\/winkel\/kompleten-e-book\/","og_locale":"fy_NL","og_type":"article","og_title":"Kompleten - e-book &#8211; Af\u00fbk Websjop","og_description":"Kompleten - e-book roman fan Marga Claus","og_url":"https:\/\/websjop.afuk.frl\/frl\/winkel\/kompleten-e-book\/","og_site_name":"Af\u00fbk Websjop","article_modified_time":"2021-09-24T11:55:50+00:00","og_image":[{"width":550,"height":799,"url":"https:\/\/websjop.afuk.frl\/wp-content\/uploads\/2017\/03\/kompleten-ebook.jpg","type":"image\/jpeg"}],"twitter_card":"summary_large_image","twitter_misc":{"Est. reading time":"1 minute"},"schema":{"@context":"https:\/\/schema.org","@graph":[{"@type":"WebPage","@id":"https:\/\/websjop.afuk.frl\/frl\/winkel\/kompleten-e-book\/","url":"https:\/\/websjop.afuk.frl\/frl\/winkel\/kompleten-e-book\/","name":"Kompleten - e-book &#8211; Af\u00fbk Websjop","isPartOf":{"@id":"https:\/\/websjop.afuk.frl\/frl\/#website"},"primaryImageOfPage":{"@id":"https:\/\/websjop.afuk.frl\/frl\/winkel\/kompleten-e-book\/#primaryimage"},"image":{"@id":"https:\/\/websjop.afuk.frl\/frl\/winkel\/kompleten-e-book\/#primaryimage"},"thumbnailUrl":"https:\/\/websjop.afuk.frl\/wp-content\/uploads\/2017\/03\/kompleten-ebook.jpg","datePublished":"2017-03-06T11:43:44+00:00","dateModified":"2021-09-24T11:55:50+00:00","breadcrumb":{"@id":"https:\/\/websjop.afuk.frl\/frl\/winkel\/kompleten-e-book\/#breadcrumb"},"inLanguage":"fy-NL","potentialAction":[{"@type":"ReadAction","target":["https:\/\/websjop.afuk.frl\/frl\/winkel\/kompleten-e-book\/"]}]},{"@type":"ImageObject","inLanguage":"fy-NL","@id":"https:\/\/websjop.afuk.frl\/frl\/winkel\/kompleten-e-book\/#primaryimage","url":"https:\/\/websjop.afuk.frl\/wp-content\/uploads\/2017\/03\/kompleten-ebook.jpg","contentUrl":"https:\/\/websjop.afuk.frl\/wp-content\/uploads\/2017\/03\/kompleten-ebook.jpg","width":550,"height":799},{"@type":"BreadcrumbList","@id":"https:\/\/websjop.afuk.frl\/frl\/winkel\/kompleten-e-book\/#breadcrumb","itemListElement":[{"@type":"ListItem","position":1,"name":"Home","item":"https:\/\/websjop.afuk.frl\/frl\/"},{"@type":"ListItem","position":2,"name":"Winkel","item":"https:\/\/websjop.afuk.frl\/nl\/winkel\/"},{"@type":"ListItem","position":3,"name":"Kompleten &#8211; e-book"}]},{"@type":"WebSite","@id":"https:\/\/websjop.afuk.frl\/frl\/#website","url":"https:\/\/websjop.afuk.frl\/frl\/","name":"Af\u00fbk Websjop","description":"","potentialAction":[{"@type":"SearchAction","target":{"@type":"EntryPoint","urlTemplate":"https:\/\/websjop.afuk.frl\/frl\/?s={search_term_string}"},"query-input":{"@type":"PropertyValueSpecification","valueRequired":true,"valueName":"search_term_string"}}],"inLanguage":"fy-NL"}]}},"_links":{"self":[{"href":"https:\/\/websjop.afuk.frl\/frl\/wp-json\/wp\/v2\/product\/10566","targetHints":{"allow":["GET"]}}],"collection":[{"href":"https:\/\/websjop.afuk.frl\/frl\/wp-json\/wp\/v2\/product"}],"about":[{"href":"https:\/\/websjop.afuk.frl\/frl\/wp-json\/wp\/v2\/types\/product"}],"replies":[{"embeddable":true,"href":"https:\/\/websjop.afuk.frl\/frl\/wp-json\/wp\/v2\/comments?post=10566"}],"wp:featuredmedia":[{"embeddable":true,"href":"https:\/\/websjop.afuk.frl\/frl\/wp-json\/wp\/v2\/media\/12309"}],"wp:attachment":[{"href":"https:\/\/websjop.afuk.frl\/frl\/wp-json\/wp\/v2\/media?parent=10566"}],"wp:term":[{"taxonomy":"product_brand","embeddable":true,"href":"https:\/\/websjop.afuk.frl\/frl\/wp-json\/wp\/v2\/product_brand?post=10566"},{"taxonomy":"product_cat","embeddable":true,"href":"https:\/\/websjop.afuk.frl\/frl\/wp-json\/wp\/v2\/product_cat?post=10566"},{"taxonomy":"product_tag","embeddable":true,"href":"https:\/\/websjop.afuk.frl\/frl\/wp-json\/wp\/v2\/product_tag?post=10566"}],"curies":[{"name":"wp","href":"https:\/\/api.w.org\/{rel}","templated":true}]}}