{"id":10514,"date":"2017-02-08T09:15:38","date_gmt":"2017-02-08T08:15:38","guid":{"rendered":"https:\/\/websjop.bwhontwerpers.nl\/?post_type=product&#038;p=10514"},"modified":"2019-12-20T11:57:14","modified_gmt":"2019-12-20T10:57:14","slug":"ho-wu-en-misty-mac","status":"publish","type":"product","link":"https:\/\/websjop.afuk.frl\/frl\/winkel\/ho-wu-en-misty-mac\/","title":{"rendered":"Ho Wu en Misty Mac"},"content":{"rendered":"<h5><span style=\"font-size: large\"><strong>Ho Wu en Misty Mac<\/strong><\/span><\/h5>\n<p>&nbsp;<\/p>\n<h5>Synopsis<\/h5>\n<p>&nbsp;<\/p>\n<h3>It kearen fan jo untheistering<\/h3>\n<p>&nbsp;<\/p>\n<p>De twa sakelju Ho Wu en Misty Mac binne net protagonist en antagonist, net inoar syn <em>love-interest<\/em>, <em>side-kick<\/em> of kontagonist. Se steane net yn in hoeder-beskermeling ferh\u00e2lding, se binne gjin sibben, gjin yntime partners yn in h\u00faslike situaasje, en ek gjin profesjonele partners yn in saaklike relaasje. Mar as diade, de meast stabile, want ommers mar twamansgroep yn de omfiemjende sosjale struktuer, beh\u00e2lde de twa yn de \u00fbnmeilydsume wr\u00e2ld foarby merk en steat har maksimale sosjale hannelingsromte. Oerlibjen is net foar de <em>fittest<\/em>; it is foar de <em>losers<\/em>. De betsjutting fan it libben leit yn it b\u00fbgen fan jo k\u00e2ns op kapitaal, it kearen fan jo \u00fbndernimmers\u00fbntheistering en dan, by in sigaar en in slokje, it fangen fan de wylde man yn jo.<\/p>\n<p>&nbsp;<\/p>\n<p>&nbsp;<\/p>\n<p>&nbsp;<\/p>\n<p>Aggie van der Meer<br \/>\nISBN 978 90 825762 1 4<br \/>\nPaperback 58 siden, Frysk<\/p>\n","protected":false},"excerpt":{"rendered":"<p>Ho Wu en Misty Mac<br \/>\nAggie van der Meer<\/p>\n","protected":false},"featured_media":12321,"comment_status":"closed","ping_status":"closed","template":"","meta":{"_acf_changed":false},"product_brand":[],"product_cat":[1040,535,1215],"product_tag":[],"class_list":{"0":"post-10514","1":"product","2":"type-product","3":"status-publish","4":"has-post-thumbnail","6":"product_cat-ferhalebondels","7":"product_cat-fryske-boeken","8":"product_cat-romans-en-literatuer","9":"product_shipping_class-brievenbus-verzending","10":"pa_auteur-aggie-van-der-meer-2","11":"pa_is-een-afuk-product-0-2","12":"pa_sale-label-0-3","14":"first","15":"instock","16":"taxable","17":"shipping-taxable","18":"purchasable","19":"product-type-simple"},"acf":[],"yoast_head":"<!-- This site is optimized with the Yoast SEO plugin v27.2 - https:\/\/yoast.com\/product\/yoast-seo-wordpress\/ -->\n<title>Ho Wu en Misty Mac &#8211; Af\u00fbk Websjop<\/title>\n<meta name=\"robots\" content=\"index, follow, max-snippet:-1, max-image-preview:large, max-video-preview:-1\" \/>\n<link rel=\"canonical\" href=\"https:\/\/websjop.afuk.frl\/frl\/winkel\/ho-wu-en-misty-mac\/\" \/>\n<meta property=\"og:locale\" content=\"fy_NL\" \/>\n<meta property=\"og:type\" content=\"article\" \/>\n<meta property=\"og:title\" content=\"Ho Wu en Misty Mac &#8211; Af\u00fbk Websjop\" \/>\n<meta property=\"og:description\" content=\"Ho Wu en Misty Mac Aggie van der Meer\" \/>\n<meta property=\"og:url\" content=\"https:\/\/websjop.afuk.frl\/frl\/winkel\/ho-wu-en-misty-mac\/\" \/>\n<meta property=\"og:site_name\" content=\"Af\u00fbk Websjop\" \/>\n<meta property=\"article:modified_time\" content=\"2019-12-20T10:57:14+00:00\" \/>\n<meta property=\"og:image\" content=\"https:\/\/websjop.afuk.frl\/wp-content\/uploads\/2017\/02\/ho-wu-001.jpg\" \/>\n\t<meta property=\"og:image:width\" content=\"1628\" \/>\n\t<meta property=\"og:image:height\" content=\"2524\" \/>\n\t<meta property=\"og:image:type\" content=\"image\/jpeg\" \/>\n<meta name=\"twitter:card\" content=\"summary_large_image\" \/>\n<meta name=\"twitter:label1\" content=\"Est. reading time\" \/>\n\t<meta name=\"twitter:data1\" content=\"1 minute\" \/>\n<script type=\"application\/ld+json\" class=\"yoast-schema-graph\">{\"@context\":\"https:\/\/schema.org\",\"@graph\":[{\"@type\":\"WebPage\",\"@id\":\"https:\/\/websjop.afuk.frl\/frl\/winkel\/ho-wu-en-misty-mac\/\",\"url\":\"https:\/\/websjop.afuk.frl\/frl\/winkel\/ho-wu-en-misty-mac\/\",\"name\":\"Ho Wu en Misty Mac &#8211; Af\u00fbk Websjop\",\"isPartOf\":{\"@id\":\"https:\/\/websjop.afuk.frl\/frl\/#website\"},\"primaryImageOfPage\":{\"@id\":\"https:\/\/websjop.afuk.frl\/frl\/winkel\/ho-wu-en-misty-mac\/#primaryimage\"},\"image\":{\"@id\":\"https:\/\/websjop.afuk.frl\/frl\/winkel\/ho-wu-en-misty-mac\/#primaryimage\"},\"thumbnailUrl\":\"https:\/\/websjop.afuk.frl\/wp-content\/uploads\/2017\/02\/ho-wu-001.jpg\",\"datePublished\":\"2017-02-08T08:15:38+00:00\",\"dateModified\":\"2019-12-20T10:57:14+00:00\",\"breadcrumb\":{\"@id\":\"https:\/\/websjop.afuk.frl\/frl\/winkel\/ho-wu-en-misty-mac\/#breadcrumb\"},\"inLanguage\":\"fy-NL\",\"potentialAction\":[{\"@type\":\"ReadAction\",\"target\":[\"https:\/\/websjop.afuk.frl\/frl\/winkel\/ho-wu-en-misty-mac\/\"]}]},{\"@type\":\"ImageObject\",\"inLanguage\":\"fy-NL\",\"@id\":\"https:\/\/websjop.afuk.frl\/frl\/winkel\/ho-wu-en-misty-mac\/#primaryimage\",\"url\":\"https:\/\/websjop.afuk.frl\/wp-content\/uploads\/2017\/02\/ho-wu-001.jpg\",\"contentUrl\":\"https:\/\/websjop.afuk.frl\/wp-content\/uploads\/2017\/02\/ho-wu-001.jpg\",\"width\":1628,\"height\":2524},{\"@type\":\"BreadcrumbList\",\"@id\":\"https:\/\/websjop.afuk.frl\/frl\/winkel\/ho-wu-en-misty-mac\/#breadcrumb\",\"itemListElement\":[{\"@type\":\"ListItem\",\"position\":1,\"name\":\"Home\",\"item\":\"https:\/\/websjop.afuk.frl\/frl\/\"},{\"@type\":\"ListItem\",\"position\":2,\"name\":\"Winkel\",\"item\":\"https:\/\/websjop.afuk.frl\/nl\/winkel\/\"},{\"@type\":\"ListItem\",\"position\":3,\"name\":\"Ho Wu en Misty Mac\"}]},{\"@type\":\"WebSite\",\"@id\":\"https:\/\/websjop.afuk.frl\/frl\/#website\",\"url\":\"https:\/\/websjop.afuk.frl\/frl\/\",\"name\":\"Af\u00fbk Websjop\",\"description\":\"\",\"potentialAction\":[{\"@type\":\"SearchAction\",\"target\":{\"@type\":\"EntryPoint\",\"urlTemplate\":\"https:\/\/websjop.afuk.frl\/frl\/?s={search_term_string}\"},\"query-input\":{\"@type\":\"PropertyValueSpecification\",\"valueRequired\":true,\"valueName\":\"search_term_string\"}}],\"inLanguage\":\"fy-NL\"}]}<\/script>\n<!-- \/ Yoast SEO plugin. -->","yoast_head_json":{"title":"Ho Wu en Misty Mac &#8211; Af\u00fbk Websjop","robots":{"index":"index","follow":"follow","max-snippet":"max-snippet:-1","max-image-preview":"max-image-preview:large","max-video-preview":"max-video-preview:-1"},"canonical":"https:\/\/websjop.afuk.frl\/frl\/winkel\/ho-wu-en-misty-mac\/","og_locale":"fy_NL","og_type":"article","og_title":"Ho Wu en Misty Mac &#8211; Af\u00fbk Websjop","og_description":"Ho Wu en Misty Mac Aggie van der Meer","og_url":"https:\/\/websjop.afuk.frl\/frl\/winkel\/ho-wu-en-misty-mac\/","og_site_name":"Af\u00fbk Websjop","article_modified_time":"2019-12-20T10:57:14+00:00","og_image":[{"width":1628,"height":2524,"url":"https:\/\/websjop.afuk.frl\/wp-content\/uploads\/2017\/02\/ho-wu-001.jpg","type":"image\/jpeg"}],"twitter_card":"summary_large_image","twitter_misc":{"Est. reading time":"1 minute"},"schema":{"@context":"https:\/\/schema.org","@graph":[{"@type":"WebPage","@id":"https:\/\/websjop.afuk.frl\/frl\/winkel\/ho-wu-en-misty-mac\/","url":"https:\/\/websjop.afuk.frl\/frl\/winkel\/ho-wu-en-misty-mac\/","name":"Ho Wu en Misty Mac &#8211; Af\u00fbk Websjop","isPartOf":{"@id":"https:\/\/websjop.afuk.frl\/frl\/#website"},"primaryImageOfPage":{"@id":"https:\/\/websjop.afuk.frl\/frl\/winkel\/ho-wu-en-misty-mac\/#primaryimage"},"image":{"@id":"https:\/\/websjop.afuk.frl\/frl\/winkel\/ho-wu-en-misty-mac\/#primaryimage"},"thumbnailUrl":"https:\/\/websjop.afuk.frl\/wp-content\/uploads\/2017\/02\/ho-wu-001.jpg","datePublished":"2017-02-08T08:15:38+00:00","dateModified":"2019-12-20T10:57:14+00:00","breadcrumb":{"@id":"https:\/\/websjop.afuk.frl\/frl\/winkel\/ho-wu-en-misty-mac\/#breadcrumb"},"inLanguage":"fy-NL","potentialAction":[{"@type":"ReadAction","target":["https:\/\/websjop.afuk.frl\/frl\/winkel\/ho-wu-en-misty-mac\/"]}]},{"@type":"ImageObject","inLanguage":"fy-NL","@id":"https:\/\/websjop.afuk.frl\/frl\/winkel\/ho-wu-en-misty-mac\/#primaryimage","url":"https:\/\/websjop.afuk.frl\/wp-content\/uploads\/2017\/02\/ho-wu-001.jpg","contentUrl":"https:\/\/websjop.afuk.frl\/wp-content\/uploads\/2017\/02\/ho-wu-001.jpg","width":1628,"height":2524},{"@type":"BreadcrumbList","@id":"https:\/\/websjop.afuk.frl\/frl\/winkel\/ho-wu-en-misty-mac\/#breadcrumb","itemListElement":[{"@type":"ListItem","position":1,"name":"Home","item":"https:\/\/websjop.afuk.frl\/frl\/"},{"@type":"ListItem","position":2,"name":"Winkel","item":"https:\/\/websjop.afuk.frl\/nl\/winkel\/"},{"@type":"ListItem","position":3,"name":"Ho Wu en Misty Mac"}]},{"@type":"WebSite","@id":"https:\/\/websjop.afuk.frl\/frl\/#website","url":"https:\/\/websjop.afuk.frl\/frl\/","name":"Af\u00fbk Websjop","description":"","potentialAction":[{"@type":"SearchAction","target":{"@type":"EntryPoint","urlTemplate":"https:\/\/websjop.afuk.frl\/frl\/?s={search_term_string}"},"query-input":{"@type":"PropertyValueSpecification","valueRequired":true,"valueName":"search_term_string"}}],"inLanguage":"fy-NL"}]}},"_links":{"self":[{"href":"https:\/\/websjop.afuk.frl\/frl\/wp-json\/wp\/v2\/product\/10514","targetHints":{"allow":["GET"]}}],"collection":[{"href":"https:\/\/websjop.afuk.frl\/frl\/wp-json\/wp\/v2\/product"}],"about":[{"href":"https:\/\/websjop.afuk.frl\/frl\/wp-json\/wp\/v2\/types\/product"}],"replies":[{"embeddable":true,"href":"https:\/\/websjop.afuk.frl\/frl\/wp-json\/wp\/v2\/comments?post=10514"}],"wp:featuredmedia":[{"embeddable":true,"href":"https:\/\/websjop.afuk.frl\/frl\/wp-json\/wp\/v2\/media\/12321"}],"wp:attachment":[{"href":"https:\/\/websjop.afuk.frl\/frl\/wp-json\/wp\/v2\/media?parent=10514"}],"wp:term":[{"taxonomy":"product_brand","embeddable":true,"href":"https:\/\/websjop.afuk.frl\/frl\/wp-json\/wp\/v2\/product_brand?post=10514"},{"taxonomy":"product_cat","embeddable":true,"href":"https:\/\/websjop.afuk.frl\/frl\/wp-json\/wp\/v2\/product_cat?post=10514"},{"taxonomy":"product_tag","embeddable":true,"href":"https:\/\/websjop.afuk.frl\/frl\/wp-json\/wp\/v2\/product_tag?post=10514"}],"curies":[{"name":"wp","href":"https:\/\/api.w.org\/{rel}","templated":true}]}}