{"id":10512,"date":"2017-02-08T09:09:31","date_gmt":"2017-02-08T08:09:31","guid":{"rendered":"https:\/\/websjop.bwhontwerpers.nl\/?post_type=product&#038;p=10512"},"modified":"2019-11-05T16:00:21","modified_gmt":"2019-11-05T15:00:21","slug":"marten-hepkes-bakker-dan-krije-ek-de-fugels-dien","status":"publish","type":"product","link":"https:\/\/websjop.afuk.frl\/frl\/winkel\/marten-hepkes-bakker-dan-krije-ek-de-fugels-dien\/","title":{"rendered":"Marten Hepkes Bakker &#8211; Dan krije ek de f\u00fbgels dien"},"content":{"rendered":"<p><span style=\"font-size: large\"><strong>Marten Hepkes Bakker &#8211; Dan krije ek de f\u00fbgels dien<\/strong><\/span><\/p>\n<p>&nbsp;<\/p>\n<p><strong><span style=\"font-size: medium\">Abe de Vries (Gearstaller en ynlieder)<br \/>\n<\/span><\/strong><\/p>\n<p>&nbsp;<\/p>\n<p><strong><span style=\"font-size: medium\"><br \/>\n<\/span><\/strong><span style=\"font-size: small\">Marten Hepkes Bakker (1848-1927) wie yn syn tiid ien fan de popul\u00earste Fryske dichters. Syn fersen binne lykwols noait bondele of bloml\u00easd. De Fryske liter\u00eare kanon hat him folslein \u00fatsletten. Artistyk f\u00fbgelfrij en mei in f\u00fbleindige belutsenens sette er de moderne oergong yn fan idealisearre tematyk nei in naturalistyske, sosjaalkrityske po\u00ebzij. Yn syn tagonklike fersen komme de ynderlike en de b\u00fbtenwr\u00e2ld gear yn natuerlike, floeiende taal, dy&#8217;t romte jout oan lyryk likegoed as maatskippijkrityk. Dizze rike bloml\u00eazing jout de Fryske iermoderne po\u00ebzij in \u00fbnferwachte dynamyk en libennens en in hiel nije stim, dy fan ien fan de markantste dichters \u00fat it Fryske taalgebiet. <\/span><\/p>\n<p>&nbsp;<\/p>\n<p><span style=\"font-size: small\">Utjouwerij Grotesk<\/span><\/p>\n<p>&nbsp;<\/p>\n<p><span style=\"font-size: small\">ISBN: 9789082576221<\/span><\/p>\n<p>&nbsp;<\/p>\n<p><span style=\"font-size: small\">108 siden, paperback<br \/>\n<\/span><\/p>\n","protected":false},"excerpt":{"rendered":"<p>Marten Hepkes Bakker &#8211; Dan krije ek de f\u00fbgels dien<br \/>\ngedichten<br \/>\nAbe de Vries<\/p>\n","protected":false},"featured_media":12355,"comment_status":"closed","ping_status":"closed","template":"","meta":{"_acf_changed":false},"product_brand":[],"product_cat":[538,535,1215],"product_tag":[],"class_list":{"0":"post-10512","1":"product","2":"type-product","3":"status-publish","4":"has-post-thumbnail","6":"product_cat-dichtbondels","7":"product_cat-fryske-boeken","8":"product_cat-romans-en-literatuer","9":"product_shipping_class-brievenbus-verzending","10":"pa_auteur-abe-vries","11":"pa_is-een-afuk-product-0-2","12":"pa_sale-label-0-3","14":"first","15":"instock","16":"taxable","17":"shipping-taxable","18":"purchasable","19":"product-type-simple"},"acf":[],"yoast_head":"<!-- This site is optimized with the Yoast SEO plugin v27.3 - https:\/\/yoast.com\/product\/yoast-seo-wordpress\/ -->\n<title>Marten Hepkes Bakker - Dan krije ek de f\u00fbgels dien &#8211; Af\u00fbk Websjop<\/title>\n<meta name=\"robots\" content=\"index, follow, max-snippet:-1, max-image-preview:large, max-video-preview:-1\" \/>\n<link rel=\"canonical\" href=\"https:\/\/websjop.afuk.frl\/frl\/winkel\/marten-hepkes-bakker-dan-krije-ek-de-fugels-dien\/\" \/>\n<meta property=\"og:locale\" content=\"fy_NL\" \/>\n<meta property=\"og:type\" content=\"article\" \/>\n<meta property=\"og:title\" content=\"Marten Hepkes Bakker - Dan krije ek de f\u00fbgels dien &#8211; Af\u00fbk Websjop\" \/>\n<meta property=\"og:description\" content=\"Marten Hepkes Bakker - Dan krije ek de f\u00fbgels dien gedichten Abe de Vries\" \/>\n<meta property=\"og:url\" content=\"https:\/\/websjop.afuk.frl\/frl\/winkel\/marten-hepkes-bakker-dan-krije-ek-de-fugels-dien\/\" \/>\n<meta property=\"og:site_name\" content=\"Af\u00fbk Websjop\" \/>\n<meta property=\"article:modified_time\" content=\"2019-11-05T15:00:21+00:00\" \/>\n<meta property=\"og:image\" content=\"https:\/\/websjop.afuk.frl\/wp-content\/uploads\/2017\/02\/Marten-hepkes-Bakker-001.jpg\" \/>\n\t<meta property=\"og:image:width\" content=\"1616\" \/>\n\t<meta property=\"og:image:height\" content=\"2520\" \/>\n\t<meta property=\"og:image:type\" content=\"image\/jpeg\" \/>\n<meta name=\"twitter:card\" content=\"summary_large_image\" \/>\n<meta name=\"twitter:label1\" content=\"Est. reading time\" \/>\n\t<meta name=\"twitter:data1\" content=\"1 minute\" \/>\n<script type=\"application\/ld+json\" class=\"yoast-schema-graph\">{\"@context\":\"https:\\\/\\\/schema.org\",\"@graph\":[{\"@type\":\"WebPage\",\"@id\":\"https:\\\/\\\/websjop.afuk.frl\\\/frl\\\/winkel\\\/marten-hepkes-bakker-dan-krije-ek-de-fugels-dien\\\/\",\"url\":\"https:\\\/\\\/websjop.afuk.frl\\\/frl\\\/winkel\\\/marten-hepkes-bakker-dan-krije-ek-de-fugels-dien\\\/\",\"name\":\"Marten Hepkes Bakker - Dan krije ek de f\u00fbgels dien &#8211; Af\u00fbk Websjop\",\"isPartOf\":{\"@id\":\"https:\\\/\\\/websjop.afuk.frl\\\/frl\\\/#website\"},\"primaryImageOfPage\":{\"@id\":\"https:\\\/\\\/websjop.afuk.frl\\\/frl\\\/winkel\\\/marten-hepkes-bakker-dan-krije-ek-de-fugels-dien\\\/#primaryimage\"},\"image\":{\"@id\":\"https:\\\/\\\/websjop.afuk.frl\\\/frl\\\/winkel\\\/marten-hepkes-bakker-dan-krije-ek-de-fugels-dien\\\/#primaryimage\"},\"thumbnailUrl\":\"https:\\\/\\\/websjop.afuk.frl\\\/wp-content\\\/uploads\\\/2017\\\/02\\\/Marten-hepkes-Bakker-001.jpg\",\"datePublished\":\"2017-02-08T08:09:31+00:00\",\"dateModified\":\"2019-11-05T15:00:21+00:00\",\"breadcrumb\":{\"@id\":\"https:\\\/\\\/websjop.afuk.frl\\\/frl\\\/winkel\\\/marten-hepkes-bakker-dan-krije-ek-de-fugels-dien\\\/#breadcrumb\"},\"inLanguage\":\"fy-NL\",\"potentialAction\":[{\"@type\":\"ReadAction\",\"target\":[\"https:\\\/\\\/websjop.afuk.frl\\\/frl\\\/winkel\\\/marten-hepkes-bakker-dan-krije-ek-de-fugels-dien\\\/\"]}]},{\"@type\":\"ImageObject\",\"inLanguage\":\"fy-NL\",\"@id\":\"https:\\\/\\\/websjop.afuk.frl\\\/frl\\\/winkel\\\/marten-hepkes-bakker-dan-krije-ek-de-fugels-dien\\\/#primaryimage\",\"url\":\"https:\\\/\\\/websjop.afuk.frl\\\/wp-content\\\/uploads\\\/2017\\\/02\\\/Marten-hepkes-Bakker-001.jpg\",\"contentUrl\":\"https:\\\/\\\/websjop.afuk.frl\\\/wp-content\\\/uploads\\\/2017\\\/02\\\/Marten-hepkes-Bakker-001.jpg\",\"width\":1616,\"height\":2520},{\"@type\":\"BreadcrumbList\",\"@id\":\"https:\\\/\\\/websjop.afuk.frl\\\/frl\\\/winkel\\\/marten-hepkes-bakker-dan-krije-ek-de-fugels-dien\\\/#breadcrumb\",\"itemListElement\":[{\"@type\":\"ListItem\",\"position\":1,\"name\":\"Home\",\"item\":\"https:\\\/\\\/websjop.afuk.frl\\\/frl\\\/\"},{\"@type\":\"ListItem\",\"position\":2,\"name\":\"Winkel\",\"item\":\"https:\\\/\\\/websjop.afuk.frl\\\/nl\\\/winkel\\\/\"},{\"@type\":\"ListItem\",\"position\":3,\"name\":\"Marten Hepkes Bakker &#8211; Dan krije ek de f\u00fbgels dien\"}]},{\"@type\":\"WebSite\",\"@id\":\"https:\\\/\\\/websjop.afuk.frl\\\/frl\\\/#website\",\"url\":\"https:\\\/\\\/websjop.afuk.frl\\\/frl\\\/\",\"name\":\"Af\u00fbk Websjop\",\"description\":\"\",\"potentialAction\":[{\"@type\":\"SearchAction\",\"target\":{\"@type\":\"EntryPoint\",\"urlTemplate\":\"https:\\\/\\\/websjop.afuk.frl\\\/frl\\\/?s={search_term_string}\"},\"query-input\":{\"@type\":\"PropertyValueSpecification\",\"valueRequired\":true,\"valueName\":\"search_term_string\"}}],\"inLanguage\":\"fy-NL\"}]}<\/script>\n<!-- \/ Yoast SEO plugin. -->","yoast_head_json":{"title":"Marten Hepkes Bakker - Dan krije ek de f\u00fbgels dien &#8211; Af\u00fbk Websjop","robots":{"index":"index","follow":"follow","max-snippet":"max-snippet:-1","max-image-preview":"max-image-preview:large","max-video-preview":"max-video-preview:-1"},"canonical":"https:\/\/websjop.afuk.frl\/frl\/winkel\/marten-hepkes-bakker-dan-krije-ek-de-fugels-dien\/","og_locale":"fy_NL","og_type":"article","og_title":"Marten Hepkes Bakker - Dan krije ek de f\u00fbgels dien &#8211; Af\u00fbk Websjop","og_description":"Marten Hepkes Bakker - Dan krije ek de f\u00fbgels dien gedichten Abe de Vries","og_url":"https:\/\/websjop.afuk.frl\/frl\/winkel\/marten-hepkes-bakker-dan-krije-ek-de-fugels-dien\/","og_site_name":"Af\u00fbk Websjop","article_modified_time":"2019-11-05T15:00:21+00:00","og_image":[{"width":1616,"height":2520,"url":"https:\/\/websjop.afuk.frl\/wp-content\/uploads\/2017\/02\/Marten-hepkes-Bakker-001.jpg","type":"image\/jpeg"}],"twitter_card":"summary_large_image","twitter_misc":{"Est. reading time":"1 minute"},"schema":{"@context":"https:\/\/schema.org","@graph":[{"@type":"WebPage","@id":"https:\/\/websjop.afuk.frl\/frl\/winkel\/marten-hepkes-bakker-dan-krije-ek-de-fugels-dien\/","url":"https:\/\/websjop.afuk.frl\/frl\/winkel\/marten-hepkes-bakker-dan-krije-ek-de-fugels-dien\/","name":"Marten Hepkes Bakker - Dan krije ek de f\u00fbgels dien &#8211; Af\u00fbk Websjop","isPartOf":{"@id":"https:\/\/websjop.afuk.frl\/frl\/#website"},"primaryImageOfPage":{"@id":"https:\/\/websjop.afuk.frl\/frl\/winkel\/marten-hepkes-bakker-dan-krije-ek-de-fugels-dien\/#primaryimage"},"image":{"@id":"https:\/\/websjop.afuk.frl\/frl\/winkel\/marten-hepkes-bakker-dan-krije-ek-de-fugels-dien\/#primaryimage"},"thumbnailUrl":"https:\/\/websjop.afuk.frl\/wp-content\/uploads\/2017\/02\/Marten-hepkes-Bakker-001.jpg","datePublished":"2017-02-08T08:09:31+00:00","dateModified":"2019-11-05T15:00:21+00:00","breadcrumb":{"@id":"https:\/\/websjop.afuk.frl\/frl\/winkel\/marten-hepkes-bakker-dan-krije-ek-de-fugels-dien\/#breadcrumb"},"inLanguage":"fy-NL","potentialAction":[{"@type":"ReadAction","target":["https:\/\/websjop.afuk.frl\/frl\/winkel\/marten-hepkes-bakker-dan-krije-ek-de-fugels-dien\/"]}]},{"@type":"ImageObject","inLanguage":"fy-NL","@id":"https:\/\/websjop.afuk.frl\/frl\/winkel\/marten-hepkes-bakker-dan-krije-ek-de-fugels-dien\/#primaryimage","url":"https:\/\/websjop.afuk.frl\/wp-content\/uploads\/2017\/02\/Marten-hepkes-Bakker-001.jpg","contentUrl":"https:\/\/websjop.afuk.frl\/wp-content\/uploads\/2017\/02\/Marten-hepkes-Bakker-001.jpg","width":1616,"height":2520},{"@type":"BreadcrumbList","@id":"https:\/\/websjop.afuk.frl\/frl\/winkel\/marten-hepkes-bakker-dan-krije-ek-de-fugels-dien\/#breadcrumb","itemListElement":[{"@type":"ListItem","position":1,"name":"Home","item":"https:\/\/websjop.afuk.frl\/frl\/"},{"@type":"ListItem","position":2,"name":"Winkel","item":"https:\/\/websjop.afuk.frl\/nl\/winkel\/"},{"@type":"ListItem","position":3,"name":"Marten Hepkes Bakker &#8211; Dan krije ek de f\u00fbgels dien"}]},{"@type":"WebSite","@id":"https:\/\/websjop.afuk.frl\/frl\/#website","url":"https:\/\/websjop.afuk.frl\/frl\/","name":"Af\u00fbk Websjop","description":"","potentialAction":[{"@type":"SearchAction","target":{"@type":"EntryPoint","urlTemplate":"https:\/\/websjop.afuk.frl\/frl\/?s={search_term_string}"},"query-input":{"@type":"PropertyValueSpecification","valueRequired":true,"valueName":"search_term_string"}}],"inLanguage":"fy-NL"}]}},"_links":{"self":[{"href":"https:\/\/websjop.afuk.frl\/frl\/wp-json\/wp\/v2\/product\/10512","targetHints":{"allow":["GET"]}}],"collection":[{"href":"https:\/\/websjop.afuk.frl\/frl\/wp-json\/wp\/v2\/product"}],"about":[{"href":"https:\/\/websjop.afuk.frl\/frl\/wp-json\/wp\/v2\/types\/product"}],"replies":[{"embeddable":true,"href":"https:\/\/websjop.afuk.frl\/frl\/wp-json\/wp\/v2\/comments?post=10512"}],"wp:featuredmedia":[{"embeddable":true,"href":"https:\/\/websjop.afuk.frl\/frl\/wp-json\/wp\/v2\/media\/12355"}],"wp:attachment":[{"href":"https:\/\/websjop.afuk.frl\/frl\/wp-json\/wp\/v2\/media?parent=10512"}],"wp:term":[{"taxonomy":"product_brand","embeddable":true,"href":"https:\/\/websjop.afuk.frl\/frl\/wp-json\/wp\/v2\/product_brand?post=10512"},{"taxonomy":"product_cat","embeddable":true,"href":"https:\/\/websjop.afuk.frl\/frl\/wp-json\/wp\/v2\/product_cat?post=10512"},{"taxonomy":"product_tag","embeddable":true,"href":"https:\/\/websjop.afuk.frl\/frl\/wp-json\/wp\/v2\/product_tag?post=10512"}],"curies":[{"name":"wp","href":"https:\/\/api.w.org\/{rel}","templated":true}]}}