{"id":10366,"date":"2016-11-22T09:46:24","date_gmt":"2016-11-22T08:46:24","guid":{"rendered":"https:\/\/websjop.bwhontwerpers.nl\/?post_type=product&#038;p=10366"},"modified":"2022-03-03T10:09:41","modified_gmt":"2022-03-03T09:09:41","slug":"en-der-marsjearje-ik-hinne","status":"publish","type":"product","link":"https:\/\/websjop.afuk.frl\/frl\/winkel\/en-der-marsjearje-ik-hinne\/","title":{"rendered":"En d\u00ear marsjearje ik hinne"},"content":{"rendered":"<p>Speelse en satirische novelle over het levensweg van een klein mannetje dat een kerel moet worden.<\/p>\n<p>&nbsp;<\/p>\n","protected":false},"excerpt":{"rendered":"<p>En d\u00ear marsjearje ik hinne &#8211; Boartlike en satiryske novelle oer de libbenswei fan in lyts mantsje dat in keardel wurde moat<\/p>\n","protected":false},"featured_media":10367,"comment_status":"closed","ping_status":"closed","template":"","meta":{"_acf_changed":false},"product_brand":[],"product_cat":[535,537,1215],"product_tag":[5327,5326],"class_list":{"0":"post-10366","1":"product","2":"type-product","3":"status-publish","4":"has-post-thumbnail","6":"product_cat-fryske-boeken","7":"product_cat-romans","8":"product_cat-romans-en-literatuer","9":"product_tag-meindert-bylsma","10":"product_tag-novelle","11":"product_shipping_class-brievenbus-verzending","12":"pa_auteur-meindert-bylsma-2","13":"pa_isbn-2757","14":"pa_taal-frysk","15":"pa_uitgever-elikser","17":"first","18":"instock","19":"taxable","20":"shipping-taxable","21":"purchasable","22":"product-type-simple"},"acf":[],"yoast_head":"<!-- This site is optimized with the Yoast SEO plugin v27.2 - https:\/\/yoast.com\/product\/yoast-seo-wordpress\/ -->\n<title>En d\u00ear marsjearje ik hinne &#8211; Af\u00fbk Websjop<\/title>\n<meta name=\"robots\" content=\"index, follow, max-snippet:-1, max-image-preview:large, max-video-preview:-1\" \/>\n<link rel=\"canonical\" href=\"https:\/\/websjop.afuk.frl\/frl\/winkel\/en-der-marsjearje-ik-hinne\/\" \/>\n<meta property=\"og:locale\" content=\"fy_NL\" \/>\n<meta property=\"og:type\" content=\"article\" \/>\n<meta property=\"og:title\" content=\"En d\u00ear marsjearje ik hinne &#8211; Af\u00fbk Websjop\" \/>\n<meta property=\"og:description\" content=\"En d\u00ear marsjearje ik hinne - Boartlike en satiryske novelle oer de libbenswei fan in lyts mantsje dat in keardel wurde moat\" \/>\n<meta property=\"og:url\" content=\"https:\/\/websjop.afuk.frl\/frl\/winkel\/en-der-marsjearje-ik-hinne\/\" \/>\n<meta property=\"og:site_name\" content=\"Af\u00fbk Websjop\" \/>\n<meta property=\"article:modified_time\" content=\"2022-03-03T09:09:41+00:00\" \/>\n<meta property=\"og:image\" content=\"https:\/\/websjop.afuk.frl\/wp-content\/uploads\/2016\/11\/products-marsjearje.jpg\" \/>\n\t<meta property=\"og:image:width\" content=\"400\" \/>\n\t<meta property=\"og:image:height\" content=\"400\" \/>\n\t<meta property=\"og:image:type\" content=\"image\/jpeg\" \/>\n<meta name=\"twitter:card\" content=\"summary_large_image\" \/>\n<script type=\"application\/ld+json\" class=\"yoast-schema-graph\">{\"@context\":\"https:\/\/schema.org\",\"@graph\":[{\"@type\":\"WebPage\",\"@id\":\"https:\/\/websjop.afuk.frl\/frl\/winkel\/en-der-marsjearje-ik-hinne\/\",\"url\":\"https:\/\/websjop.afuk.frl\/frl\/winkel\/en-der-marsjearje-ik-hinne\/\",\"name\":\"En d\u00ear marsjearje ik hinne &#8211; Af\u00fbk Websjop\",\"isPartOf\":{\"@id\":\"https:\/\/websjop.afuk.frl\/frl\/#website\"},\"primaryImageOfPage\":{\"@id\":\"https:\/\/websjop.afuk.frl\/frl\/winkel\/en-der-marsjearje-ik-hinne\/#primaryimage\"},\"image\":{\"@id\":\"https:\/\/websjop.afuk.frl\/frl\/winkel\/en-der-marsjearje-ik-hinne\/#primaryimage\"},\"thumbnailUrl\":\"https:\/\/websjop.afuk.frl\/wp-content\/uploads\/2016\/11\/products-marsjearje.jpg\",\"datePublished\":\"2016-11-22T08:46:24+00:00\",\"dateModified\":\"2022-03-03T09:09:41+00:00\",\"breadcrumb\":{\"@id\":\"https:\/\/websjop.afuk.frl\/frl\/winkel\/en-der-marsjearje-ik-hinne\/#breadcrumb\"},\"inLanguage\":\"fy-NL\",\"potentialAction\":[{\"@type\":\"ReadAction\",\"target\":[\"https:\/\/websjop.afuk.frl\/frl\/winkel\/en-der-marsjearje-ik-hinne\/\"]}]},{\"@type\":\"ImageObject\",\"inLanguage\":\"fy-NL\",\"@id\":\"https:\/\/websjop.afuk.frl\/frl\/winkel\/en-der-marsjearje-ik-hinne\/#primaryimage\",\"url\":\"https:\/\/websjop.afuk.frl\/wp-content\/uploads\/2016\/11\/products-marsjearje.jpg\",\"contentUrl\":\"https:\/\/websjop.afuk.frl\/wp-content\/uploads\/2016\/11\/products-marsjearje.jpg\",\"width\":400,\"height\":400,\"caption\":\"En d\u00ear marsjearje ik hinne\"},{\"@type\":\"BreadcrumbList\",\"@id\":\"https:\/\/websjop.afuk.frl\/frl\/winkel\/en-der-marsjearje-ik-hinne\/#breadcrumb\",\"itemListElement\":[{\"@type\":\"ListItem\",\"position\":1,\"name\":\"Home\",\"item\":\"https:\/\/websjop.afuk.frl\/frl\/\"},{\"@type\":\"ListItem\",\"position\":2,\"name\":\"Winkel\",\"item\":\"https:\/\/websjop.afuk.frl\/nl\/winkel\/\"},{\"@type\":\"ListItem\",\"position\":3,\"name\":\"En d\u00ear marsjearje ik hinne\"}]},{\"@type\":\"WebSite\",\"@id\":\"https:\/\/websjop.afuk.frl\/frl\/#website\",\"url\":\"https:\/\/websjop.afuk.frl\/frl\/\",\"name\":\"Af\u00fbk Websjop\",\"description\":\"\",\"potentialAction\":[{\"@type\":\"SearchAction\",\"target\":{\"@type\":\"EntryPoint\",\"urlTemplate\":\"https:\/\/websjop.afuk.frl\/frl\/?s={search_term_string}\"},\"query-input\":{\"@type\":\"PropertyValueSpecification\",\"valueRequired\":true,\"valueName\":\"search_term_string\"}}],\"inLanguage\":\"fy-NL\"}]}<\/script>\n<!-- \/ Yoast SEO plugin. -->","yoast_head_json":{"title":"En d\u00ear marsjearje ik hinne &#8211; Af\u00fbk Websjop","robots":{"index":"index","follow":"follow","max-snippet":"max-snippet:-1","max-image-preview":"max-image-preview:large","max-video-preview":"max-video-preview:-1"},"canonical":"https:\/\/websjop.afuk.frl\/frl\/winkel\/en-der-marsjearje-ik-hinne\/","og_locale":"fy_NL","og_type":"article","og_title":"En d\u00ear marsjearje ik hinne &#8211; Af\u00fbk Websjop","og_description":"En d\u00ear marsjearje ik hinne - Boartlike en satiryske novelle oer de libbenswei fan in lyts mantsje dat in keardel wurde moat","og_url":"https:\/\/websjop.afuk.frl\/frl\/winkel\/en-der-marsjearje-ik-hinne\/","og_site_name":"Af\u00fbk Websjop","article_modified_time":"2022-03-03T09:09:41+00:00","og_image":[{"width":400,"height":400,"url":"https:\/\/websjop.afuk.frl\/wp-content\/uploads\/2016\/11\/products-marsjearje.jpg","type":"image\/jpeg"}],"twitter_card":"summary_large_image","schema":{"@context":"https:\/\/schema.org","@graph":[{"@type":"WebPage","@id":"https:\/\/websjop.afuk.frl\/frl\/winkel\/en-der-marsjearje-ik-hinne\/","url":"https:\/\/websjop.afuk.frl\/frl\/winkel\/en-der-marsjearje-ik-hinne\/","name":"En d\u00ear marsjearje ik hinne &#8211; Af\u00fbk Websjop","isPartOf":{"@id":"https:\/\/websjop.afuk.frl\/frl\/#website"},"primaryImageOfPage":{"@id":"https:\/\/websjop.afuk.frl\/frl\/winkel\/en-der-marsjearje-ik-hinne\/#primaryimage"},"image":{"@id":"https:\/\/websjop.afuk.frl\/frl\/winkel\/en-der-marsjearje-ik-hinne\/#primaryimage"},"thumbnailUrl":"https:\/\/websjop.afuk.frl\/wp-content\/uploads\/2016\/11\/products-marsjearje.jpg","datePublished":"2016-11-22T08:46:24+00:00","dateModified":"2022-03-03T09:09:41+00:00","breadcrumb":{"@id":"https:\/\/websjop.afuk.frl\/frl\/winkel\/en-der-marsjearje-ik-hinne\/#breadcrumb"},"inLanguage":"fy-NL","potentialAction":[{"@type":"ReadAction","target":["https:\/\/websjop.afuk.frl\/frl\/winkel\/en-der-marsjearje-ik-hinne\/"]}]},{"@type":"ImageObject","inLanguage":"fy-NL","@id":"https:\/\/websjop.afuk.frl\/frl\/winkel\/en-der-marsjearje-ik-hinne\/#primaryimage","url":"https:\/\/websjop.afuk.frl\/wp-content\/uploads\/2016\/11\/products-marsjearje.jpg","contentUrl":"https:\/\/websjop.afuk.frl\/wp-content\/uploads\/2016\/11\/products-marsjearje.jpg","width":400,"height":400,"caption":"En d\u00ear marsjearje ik hinne"},{"@type":"BreadcrumbList","@id":"https:\/\/websjop.afuk.frl\/frl\/winkel\/en-der-marsjearje-ik-hinne\/#breadcrumb","itemListElement":[{"@type":"ListItem","position":1,"name":"Home","item":"https:\/\/websjop.afuk.frl\/frl\/"},{"@type":"ListItem","position":2,"name":"Winkel","item":"https:\/\/websjop.afuk.frl\/nl\/winkel\/"},{"@type":"ListItem","position":3,"name":"En d\u00ear marsjearje ik hinne"}]},{"@type":"WebSite","@id":"https:\/\/websjop.afuk.frl\/frl\/#website","url":"https:\/\/websjop.afuk.frl\/frl\/","name":"Af\u00fbk Websjop","description":"","potentialAction":[{"@type":"SearchAction","target":{"@type":"EntryPoint","urlTemplate":"https:\/\/websjop.afuk.frl\/frl\/?s={search_term_string}"},"query-input":{"@type":"PropertyValueSpecification","valueRequired":true,"valueName":"search_term_string"}}],"inLanguage":"fy-NL"}]}},"_links":{"self":[{"href":"https:\/\/websjop.afuk.frl\/frl\/wp-json\/wp\/v2\/product\/10366","targetHints":{"allow":["GET"]}}],"collection":[{"href":"https:\/\/websjop.afuk.frl\/frl\/wp-json\/wp\/v2\/product"}],"about":[{"href":"https:\/\/websjop.afuk.frl\/frl\/wp-json\/wp\/v2\/types\/product"}],"replies":[{"embeddable":true,"href":"https:\/\/websjop.afuk.frl\/frl\/wp-json\/wp\/v2\/comments?post=10366"}],"wp:featuredmedia":[{"embeddable":true,"href":"https:\/\/websjop.afuk.frl\/frl\/wp-json\/wp\/v2\/media\/10367"}],"wp:attachment":[{"href":"https:\/\/websjop.afuk.frl\/frl\/wp-json\/wp\/v2\/media?parent=10366"}],"wp:term":[{"taxonomy":"product_brand","embeddable":true,"href":"https:\/\/websjop.afuk.frl\/frl\/wp-json\/wp\/v2\/product_brand?post=10366"},{"taxonomy":"product_cat","embeddable":true,"href":"https:\/\/websjop.afuk.frl\/frl\/wp-json\/wp\/v2\/product_cat?post=10366"},{"taxonomy":"product_tag","embeddable":true,"href":"https:\/\/websjop.afuk.frl\/frl\/wp-json\/wp\/v2\/product_tag?post=10366"}],"curies":[{"name":"wp","href":"https:\/\/api.w.org\/{rel}","templated":true}]}}