{"id":10305,"date":"2016-10-19T09:50:58","date_gmt":"2016-10-19T08:50:58","guid":{"rendered":"https:\/\/websjop.bwhontwerpers.nl\/?post_type=product&#038;p=10305"},"modified":"2026-03-04T14:03:58","modified_gmt":"2026-03-04T13:03:58","slug":"de-leste-floed","status":"publish","type":"product","link":"https:\/\/websjop.afuk.frl\/frl\/winkel\/de-leste-floed\/","title":{"rendered":"De l\u00easte floed"},"content":{"rendered":"<p>Yn 1969 wurdt de Lauwerssee \u00f4fsletten fan it Waad. Dit hat foar de h\u00fash\u00e2lding fan Tsjerk Vogel, dy&#8217;t d\u00ear al jierren buorket en ploeteret mei it winnen fan l\u00e2n, dramatyske gefolgen. Heit wol dat Tunnes, de \u00e2ldste soan, de buorkerij oernimt. Dy sjocht der gjin heil yn as de seeynham \u00f4fsletten driget te wurden; wat l\u00e2nwinning \u00fbnmooglik makket. Hy kriget slim r\u00fbzje mei syn heit, en giet mei de Willem Barendsz nei de S\u00fadlike IIssee foar de walfisk-fangst. D\u00ear ferdwynt Tunnes op mysterieuze wize fan it skip. Arjen, de jongste soan rint, foar syn st\u00fadzje, staazje by de \u00f4fsluting fan de Lauwerssee en rekket by heit yn it ferdomboekje. As heit, jierren letter, yn &#8216;e bernskens komt en help nedich hat, wurdt er in wike of wat troch de jongste soan fersoarge. In \u00fbnderfining dy&#8217;t Arjen mei leafde, tagedienens, mar ek mei \u00fbnbegryp, \u00fbndergiet.<\/p>\n","protected":false},"excerpt":{"rendered":"<p>In spannend en oangripend ferhaal oer persoanlike drama&#8217;s, tsjin de eftergr\u00fbn fan \u00fbnfersetlikens en in net oan te \u00fbntkommen generaasjekonflikt.<\/p>\n","protected":false},"featured_media":10306,"comment_status":"closed","ping_status":"closed","template":"","meta":{"_acf_changed":false},"product_brand":[],"product_cat":[21735,9820,535,537,1215],"product_tag":[5349,5137],"class_list":{"0":"post-10305","1":"product","2":"type-product","3":"status-publish","4":"has-post-thumbnail","6":"product_cat-boekenweek-2026","7":"product_cat-de-fryske-boeken-top-10","8":"product_cat-fryske-boeken","9":"product_cat-romans","10":"product_cat-romans-en-literatuer","11":"product_tag-de-leste-floed","12":"product_tag-durk-van-der-ploeg","13":"product_shipping_class-brievenbus-verzending","14":"pa_auteur-durk-van-der-ploeg-2","15":"pa_isbn-2739","16":"pa_taal-frysk","17":"pa_uitgever-het-nieuwe-kanaal","19":"first","20":"instock","21":"taxable","22":"shipping-taxable","23":"purchasable","24":"product-type-simple"},"acf":[],"yoast_head":"<!-- This site is optimized with the Yoast SEO plugin v27.3 - https:\/\/yoast.com\/product\/yoast-seo-wordpress\/ -->\n<title>De l\u00easte floed<\/title>\n<meta name=\"description\" content=\"Yn 1969 wurdt de Lauwerssee \u00f4fsletten fan it Waad. Dit hat foar de h\u00fash\u00e2lding fan Tsjerk Vogel, dy&#039;t d\u00ear al jierren buorket en ploeteret mei it winnen fan l\u00e2n, dramatyske gefolgen.\" \/>\n<meta name=\"robots\" content=\"index, follow, max-snippet:-1, max-image-preview:large, max-video-preview:-1\" \/>\n<link rel=\"canonical\" href=\"https:\/\/websjop.afuk.frl\/frl\/winkel\/de-leste-floed\/\" \/>\n<meta property=\"og:locale\" content=\"fy_NL\" \/>\n<meta property=\"og:type\" content=\"article\" \/>\n<meta property=\"og:title\" content=\"De l\u00easte floed\" \/>\n<meta property=\"og:description\" content=\"Yn 1969 wurdt de Lauwerssee \u00f4fsletten fan it Waad. Dit hat foar de h\u00fash\u00e2lding fan Tsjerk Vogel, dy&#039;t d\u00ear al jierren buorket en ploeteret mei it winnen fan l\u00e2n, dramatyske gefolgen.\" \/>\n<meta property=\"og:url\" content=\"https:\/\/websjop.afuk.frl\/frl\/winkel\/de-leste-floed\/\" \/>\n<meta property=\"og:site_name\" content=\"Af\u00fbk Websjop\" \/>\n<meta property=\"article:modified_time\" content=\"2026-03-04T13:03:58+00:00\" \/>\n<meta property=\"og:image\" content=\"https:\/\/websjop.afuk.frl\/wp-content\/uploads\/2016\/10\/products-de-leste-floed.jpg\" \/>\n\t<meta property=\"og:image:width\" content=\"1618\" \/>\n\t<meta property=\"og:image:height\" content=\"2449\" \/>\n\t<meta property=\"og:image:type\" content=\"image\/jpeg\" \/>\n<meta name=\"twitter:card\" content=\"summary_large_image\" \/>\n<meta name=\"twitter:label1\" content=\"Est. reading time\" \/>\n\t<meta name=\"twitter:data1\" content=\"1 minute\" \/>\n<script type=\"application\/ld+json\" class=\"yoast-schema-graph\">{\"@context\":\"https:\\\/\\\/schema.org\",\"@graph\":[{\"@type\":\"WebPage\",\"@id\":\"https:\\\/\\\/websjop.afuk.frl\\\/frl\\\/winkel\\\/de-leste-floed\\\/\",\"url\":\"https:\\\/\\\/websjop.afuk.frl\\\/frl\\\/winkel\\\/de-leste-floed\\\/\",\"name\":\"De l\u00easte floed\",\"isPartOf\":{\"@id\":\"https:\\\/\\\/websjop.afuk.frl\\\/frl\\\/#website\"},\"primaryImageOfPage\":{\"@id\":\"https:\\\/\\\/websjop.afuk.frl\\\/frl\\\/winkel\\\/de-leste-floed\\\/#primaryimage\"},\"image\":{\"@id\":\"https:\\\/\\\/websjop.afuk.frl\\\/frl\\\/winkel\\\/de-leste-floed\\\/#primaryimage\"},\"thumbnailUrl\":\"https:\\\/\\\/websjop.afuk.frl\\\/wp-content\\\/uploads\\\/2016\\\/10\\\/products-de-leste-floed.jpg\",\"datePublished\":\"2016-10-19T08:50:58+00:00\",\"dateModified\":\"2026-03-04T13:03:58+00:00\",\"description\":\"Yn 1969 wurdt de Lauwerssee \u00f4fsletten fan it Waad. Dit hat foar de h\u00fash\u00e2lding fan Tsjerk Vogel, dy't d\u00ear al jierren buorket en ploeteret mei it winnen fan l\u00e2n, dramatyske gefolgen.\",\"breadcrumb\":{\"@id\":\"https:\\\/\\\/websjop.afuk.frl\\\/frl\\\/winkel\\\/de-leste-floed\\\/#breadcrumb\"},\"inLanguage\":\"fy-NL\",\"potentialAction\":[{\"@type\":\"ReadAction\",\"target\":[\"https:\\\/\\\/websjop.afuk.frl\\\/frl\\\/winkel\\\/de-leste-floed\\\/\"]}]},{\"@type\":\"ImageObject\",\"inLanguage\":\"fy-NL\",\"@id\":\"https:\\\/\\\/websjop.afuk.frl\\\/frl\\\/winkel\\\/de-leste-floed\\\/#primaryimage\",\"url\":\"https:\\\/\\\/websjop.afuk.frl\\\/wp-content\\\/uploads\\\/2016\\\/10\\\/products-de-leste-floed.jpg\",\"contentUrl\":\"https:\\\/\\\/websjop.afuk.frl\\\/wp-content\\\/uploads\\\/2016\\\/10\\\/products-de-leste-floed.jpg\",\"width\":1618,\"height\":2449,\"caption\":\"De l\u00easte floed\"},{\"@type\":\"BreadcrumbList\",\"@id\":\"https:\\\/\\\/websjop.afuk.frl\\\/frl\\\/winkel\\\/de-leste-floed\\\/#breadcrumb\",\"itemListElement\":[{\"@type\":\"ListItem\",\"position\":1,\"name\":\"Home\",\"item\":\"https:\\\/\\\/websjop.afuk.frl\\\/frl\\\/\"},{\"@type\":\"ListItem\",\"position\":2,\"name\":\"Winkel\",\"item\":\"https:\\\/\\\/websjop.afuk.frl\\\/nl\\\/winkel\\\/\"},{\"@type\":\"ListItem\",\"position\":3,\"name\":\"De l\u00easte floed\"}]},{\"@type\":\"WebSite\",\"@id\":\"https:\\\/\\\/websjop.afuk.frl\\\/frl\\\/#website\",\"url\":\"https:\\\/\\\/websjop.afuk.frl\\\/frl\\\/\",\"name\":\"Af\u00fbk Websjop\",\"description\":\"\",\"potentialAction\":[{\"@type\":\"SearchAction\",\"target\":{\"@type\":\"EntryPoint\",\"urlTemplate\":\"https:\\\/\\\/websjop.afuk.frl\\\/frl\\\/?s={search_term_string}\"},\"query-input\":{\"@type\":\"PropertyValueSpecification\",\"valueRequired\":true,\"valueName\":\"search_term_string\"}}],\"inLanguage\":\"fy-NL\"}]}<\/script>\n<!-- \/ Yoast SEO plugin. -->","yoast_head_json":{"title":"De l\u00easte floed","description":"Yn 1969 wurdt de Lauwerssee \u00f4fsletten fan it Waad. Dit hat foar de h\u00fash\u00e2lding fan Tsjerk Vogel, dy't d\u00ear al jierren buorket en ploeteret mei it winnen fan l\u00e2n, dramatyske gefolgen.","robots":{"index":"index","follow":"follow","max-snippet":"max-snippet:-1","max-image-preview":"max-image-preview:large","max-video-preview":"max-video-preview:-1"},"canonical":"https:\/\/websjop.afuk.frl\/frl\/winkel\/de-leste-floed\/","og_locale":"fy_NL","og_type":"article","og_title":"De l\u00easte floed","og_description":"Yn 1969 wurdt de Lauwerssee \u00f4fsletten fan it Waad. Dit hat foar de h\u00fash\u00e2lding fan Tsjerk Vogel, dy't d\u00ear al jierren buorket en ploeteret mei it winnen fan l\u00e2n, dramatyske gefolgen.","og_url":"https:\/\/websjop.afuk.frl\/frl\/winkel\/de-leste-floed\/","og_site_name":"Af\u00fbk Websjop","article_modified_time":"2026-03-04T13:03:58+00:00","og_image":[{"width":1618,"height":2449,"url":"https:\/\/websjop.afuk.frl\/wp-content\/uploads\/2016\/10\/products-de-leste-floed.jpg","type":"image\/jpeg"}],"twitter_card":"summary_large_image","twitter_misc":{"Est. reading time":"1 minute"},"schema":{"@context":"https:\/\/schema.org","@graph":[{"@type":"WebPage","@id":"https:\/\/websjop.afuk.frl\/frl\/winkel\/de-leste-floed\/","url":"https:\/\/websjop.afuk.frl\/frl\/winkel\/de-leste-floed\/","name":"De l\u00easte floed","isPartOf":{"@id":"https:\/\/websjop.afuk.frl\/frl\/#website"},"primaryImageOfPage":{"@id":"https:\/\/websjop.afuk.frl\/frl\/winkel\/de-leste-floed\/#primaryimage"},"image":{"@id":"https:\/\/websjop.afuk.frl\/frl\/winkel\/de-leste-floed\/#primaryimage"},"thumbnailUrl":"https:\/\/websjop.afuk.frl\/wp-content\/uploads\/2016\/10\/products-de-leste-floed.jpg","datePublished":"2016-10-19T08:50:58+00:00","dateModified":"2026-03-04T13:03:58+00:00","description":"Yn 1969 wurdt de Lauwerssee \u00f4fsletten fan it Waad. Dit hat foar de h\u00fash\u00e2lding fan Tsjerk Vogel, dy't d\u00ear al jierren buorket en ploeteret mei it winnen fan l\u00e2n, dramatyske gefolgen.","breadcrumb":{"@id":"https:\/\/websjop.afuk.frl\/frl\/winkel\/de-leste-floed\/#breadcrumb"},"inLanguage":"fy-NL","potentialAction":[{"@type":"ReadAction","target":["https:\/\/websjop.afuk.frl\/frl\/winkel\/de-leste-floed\/"]}]},{"@type":"ImageObject","inLanguage":"fy-NL","@id":"https:\/\/websjop.afuk.frl\/frl\/winkel\/de-leste-floed\/#primaryimage","url":"https:\/\/websjop.afuk.frl\/wp-content\/uploads\/2016\/10\/products-de-leste-floed.jpg","contentUrl":"https:\/\/websjop.afuk.frl\/wp-content\/uploads\/2016\/10\/products-de-leste-floed.jpg","width":1618,"height":2449,"caption":"De l\u00easte floed"},{"@type":"BreadcrumbList","@id":"https:\/\/websjop.afuk.frl\/frl\/winkel\/de-leste-floed\/#breadcrumb","itemListElement":[{"@type":"ListItem","position":1,"name":"Home","item":"https:\/\/websjop.afuk.frl\/frl\/"},{"@type":"ListItem","position":2,"name":"Winkel","item":"https:\/\/websjop.afuk.frl\/nl\/winkel\/"},{"@type":"ListItem","position":3,"name":"De l\u00easte floed"}]},{"@type":"WebSite","@id":"https:\/\/websjop.afuk.frl\/frl\/#website","url":"https:\/\/websjop.afuk.frl\/frl\/","name":"Af\u00fbk Websjop","description":"","potentialAction":[{"@type":"SearchAction","target":{"@type":"EntryPoint","urlTemplate":"https:\/\/websjop.afuk.frl\/frl\/?s={search_term_string}"},"query-input":{"@type":"PropertyValueSpecification","valueRequired":true,"valueName":"search_term_string"}}],"inLanguage":"fy-NL"}]}},"_links":{"self":[{"href":"https:\/\/websjop.afuk.frl\/frl\/wp-json\/wp\/v2\/product\/10305","targetHints":{"allow":["GET"]}}],"collection":[{"href":"https:\/\/websjop.afuk.frl\/frl\/wp-json\/wp\/v2\/product"}],"about":[{"href":"https:\/\/websjop.afuk.frl\/frl\/wp-json\/wp\/v2\/types\/product"}],"replies":[{"embeddable":true,"href":"https:\/\/websjop.afuk.frl\/frl\/wp-json\/wp\/v2\/comments?post=10305"}],"wp:featuredmedia":[{"embeddable":true,"href":"https:\/\/websjop.afuk.frl\/frl\/wp-json\/wp\/v2\/media\/10306"}],"wp:attachment":[{"href":"https:\/\/websjop.afuk.frl\/frl\/wp-json\/wp\/v2\/media?parent=10305"}],"wp:term":[{"taxonomy":"product_brand","embeddable":true,"href":"https:\/\/websjop.afuk.frl\/frl\/wp-json\/wp\/v2\/product_brand?post=10305"},{"taxonomy":"product_cat","embeddable":true,"href":"https:\/\/websjop.afuk.frl\/frl\/wp-json\/wp\/v2\/product_cat?post=10305"},{"taxonomy":"product_tag","embeddable":true,"href":"https:\/\/websjop.afuk.frl\/frl\/wp-json\/wp\/v2\/product_tag?post=10305"}],"curies":[{"name":"wp","href":"https:\/\/api.w.org\/{rel}","templated":true}]}}