{"id":10243,"date":"2016-09-27T12:25:46","date_gmt":"2016-09-27T11:25:46","guid":{"rendered":"https:\/\/websjop.bwhontwerpers.nl\/?post_type=product&#038;p=10243"},"modified":"2020-04-06T09:19:09","modified_gmt":"2020-04-06T08:19:09","slug":"firalen-lusterboek","status":"publish","type":"product","link":"https:\/\/websjop.afuk.frl\/frl\/winkel\/firalen-lusterboek\/","title":{"rendered":"Firalen- Audioboek"},"content":{"rendered":"<p><em><strong><span style=\"font-size: large\">L\u00fasterboek<\/span><\/strong><\/em><\/p>\n<p><em>In wolk luts foar de sinne del en smiet in skaad oer de lytse romte d\u00ear\u2019t ik op \u2019e knibbels siet. Imerkes tsjirpten op ferburgen plakken. It swit plakte myn shirt oan myn r\u00each f\u00east. Neat kaam by my binnen. Myn geast siet kompleet f\u00east oan dy lytse brune foarwerpen foar my. Ik twong mysels om de wierheid \u00fbnder eagen te sjen. Ik hie de bonkjes fan in minsklike h\u00e2n bleatlein.<\/em><\/p>\n<p>De fjirtjinjierrige Tory Brennan wennet s\u00fbnt it \u00fbngelok fan har mem op Morris Island, by har heit Christopher \u2018Kit\u2019 Howard. Har heit is seebiolooch en wittenskiplik \u00fbndersiker by it ynstit\u00fat op Loggerhead Island. Hy is in workaholic, dy\u2019t gjin ferst\u00e2n fan it heit-w\u00eazen hat. En Tory sels is in nerd, dy\u2019t neat leaver docht as dingen \u00fat te f\u00fbgeljen en antwurden op lestige fragen te finen. Op in speurtocht mei in groepke freonen fynt se in identiteitsplaatsje mei de namme \u2018F. Heaton\u2019 derop en d\u00ear begjint it mei. Letter stuitsje se net allinne op in gr\u00eaf, mar ek op in ferburgen laboratoarium, d\u00ear\u2019t se in wolfsh\u00fbn befrije. It bist is ynfekteard mei in firus, en dat hat in wol hiel bys\u00fbnder effekt op de sintugen fan de freonegroep. It makket harren \u00fbnferslaanber en de folwoeksenen hawwe der de hannen fol oan.<br \/>\nIn magysk en tige spannend fantasyferhaal yn it sjenre young adult fan de h\u00e2n fan de popul\u00eare skriuwster Kathy Reichs.<\/p>\n<p>Foarl\u00eazen troch Geartsje de Vries.<\/p>\n<p>1 mp3 cd<\/p>\n<p>&nbsp;<\/p>\n<p><span style=\"font-size: large\">\u00a0<\/span><\/p>\n","protected":false},"excerpt":{"rendered":"<p>Firalen- l\u00fasterboek<\/p>\n","protected":false},"featured_media":10244,"comment_status":"closed","ping_status":"closed","template":"","meta":{"_acf_changed":false},"product_brand":[],"product_cat":[535,552,547],"product_tag":[5780,5808,5803,5781],"class_list":{"0":"post-10243","1":"product","2":"type-product","3":"status-publish","4":"has-post-thumbnail","6":"product_cat-fryske-boeken","7":"product_cat-jeugdboeken","8":"product_cat-lusterboeken","9":"product_tag-audioboek","10":"product_tag-firalen","11":"product_tag-lusterboek","12":"product_tag-lusterboeken","13":"product_shipping_class-brievenbus-verzending","14":"pa_auteur-kathy-reichs-2","15":"pa_isbn-5807","16":"pa_taal-frysk","17":"pa_uitgever-audiofrysk","19":"first","20":"instock","21":"taxable","22":"shipping-taxable","23":"purchasable","24":"product-type-simple"},"acf":[],"yoast_head":"<!-- This site is optimized with the Yoast SEO plugin v27.2 - https:\/\/yoast.com\/product\/yoast-seo-wordpress\/ -->\n<title>Firalen- Audioboek &#8211; Af\u00fbk Websjop<\/title>\n<meta name=\"robots\" content=\"index, follow, max-snippet:-1, max-image-preview:large, max-video-preview:-1\" \/>\n<link rel=\"canonical\" href=\"https:\/\/websjop.afuk.frl\/frl\/winkel\/firalen-lusterboek\/\" \/>\n<meta property=\"og:locale\" content=\"fy_NL\" \/>\n<meta property=\"og:type\" content=\"article\" \/>\n<meta property=\"og:title\" content=\"Firalen- Audioboek &#8211; Af\u00fbk Websjop\" \/>\n<meta property=\"og:description\" content=\"Firalen- l\u00fasterboek\" \/>\n<meta property=\"og:url\" content=\"https:\/\/websjop.afuk.frl\/frl\/winkel\/firalen-lusterboek\/\" \/>\n<meta property=\"og:site_name\" content=\"Af\u00fbk Websjop\" \/>\n<meta property=\"article:modified_time\" content=\"2020-04-06T08:19:09+00:00\" \/>\n<meta property=\"og:image\" content=\"https:\/\/websjop.afuk.frl\/wp-content\/uploads\/2016\/09\/products-hoesfiralenmp3.jpg\" \/>\n\t<meta property=\"og:image:width\" content=\"757\" \/>\n\t<meta property=\"og:image:height\" content=\"1068\" \/>\n\t<meta property=\"og:image:type\" content=\"image\/jpeg\" \/>\n<meta name=\"twitter:card\" content=\"summary_large_image\" \/>\n<meta name=\"twitter:label1\" content=\"Est. reading time\" \/>\n\t<meta name=\"twitter:data1\" content=\"1 minute\" \/>\n<script type=\"application\/ld+json\" class=\"yoast-schema-graph\">{\"@context\":\"https:\/\/schema.org\",\"@graph\":[{\"@type\":\"WebPage\",\"@id\":\"https:\/\/websjop.afuk.frl\/frl\/winkel\/firalen-lusterboek\/\",\"url\":\"https:\/\/websjop.afuk.frl\/frl\/winkel\/firalen-lusterboek\/\",\"name\":\"Firalen- Audioboek &#8211; Af\u00fbk Websjop\",\"isPartOf\":{\"@id\":\"https:\/\/websjop.afuk.frl\/frl\/#website\"},\"primaryImageOfPage\":{\"@id\":\"https:\/\/websjop.afuk.frl\/frl\/winkel\/firalen-lusterboek\/#primaryimage\"},\"image\":{\"@id\":\"https:\/\/websjop.afuk.frl\/frl\/winkel\/firalen-lusterboek\/#primaryimage\"},\"thumbnailUrl\":\"https:\/\/websjop.afuk.frl\/wp-content\/uploads\/2016\/09\/products-hoesfiralenmp3.jpg\",\"datePublished\":\"2016-09-27T11:25:46+00:00\",\"dateModified\":\"2020-04-06T08:19:09+00:00\",\"breadcrumb\":{\"@id\":\"https:\/\/websjop.afuk.frl\/frl\/winkel\/firalen-lusterboek\/#breadcrumb\"},\"inLanguage\":\"fy-NL\",\"potentialAction\":[{\"@type\":\"ReadAction\",\"target\":[\"https:\/\/websjop.afuk.frl\/frl\/winkel\/firalen-lusterboek\/\"]}]},{\"@type\":\"ImageObject\",\"inLanguage\":\"fy-NL\",\"@id\":\"https:\/\/websjop.afuk.frl\/frl\/winkel\/firalen-lusterboek\/#primaryimage\",\"url\":\"https:\/\/websjop.afuk.frl\/wp-content\/uploads\/2016\/09\/products-hoesfiralenmp3.jpg\",\"contentUrl\":\"https:\/\/websjop.afuk.frl\/wp-content\/uploads\/2016\/09\/products-hoesfiralenmp3.jpg\",\"width\":757,\"height\":1068,\"caption\":\"Firalen\"},{\"@type\":\"BreadcrumbList\",\"@id\":\"https:\/\/websjop.afuk.frl\/frl\/winkel\/firalen-lusterboek\/#breadcrumb\",\"itemListElement\":[{\"@type\":\"ListItem\",\"position\":1,\"name\":\"Home\",\"item\":\"https:\/\/websjop.afuk.frl\/frl\/\"},{\"@type\":\"ListItem\",\"position\":2,\"name\":\"Winkel\",\"item\":\"https:\/\/websjop.afuk.frl\/nl\/winkel\/\"},{\"@type\":\"ListItem\",\"position\":3,\"name\":\"Firalen- Audioboek\"}]},{\"@type\":\"WebSite\",\"@id\":\"https:\/\/websjop.afuk.frl\/frl\/#website\",\"url\":\"https:\/\/websjop.afuk.frl\/frl\/\",\"name\":\"Af\u00fbk Websjop\",\"description\":\"\",\"potentialAction\":[{\"@type\":\"SearchAction\",\"target\":{\"@type\":\"EntryPoint\",\"urlTemplate\":\"https:\/\/websjop.afuk.frl\/frl\/?s={search_term_string}\"},\"query-input\":{\"@type\":\"PropertyValueSpecification\",\"valueRequired\":true,\"valueName\":\"search_term_string\"}}],\"inLanguage\":\"fy-NL\"}]}<\/script>\n<!-- \/ Yoast SEO plugin. -->","yoast_head_json":{"title":"Firalen- Audioboek &#8211; Af\u00fbk Websjop","robots":{"index":"index","follow":"follow","max-snippet":"max-snippet:-1","max-image-preview":"max-image-preview:large","max-video-preview":"max-video-preview:-1"},"canonical":"https:\/\/websjop.afuk.frl\/frl\/winkel\/firalen-lusterboek\/","og_locale":"fy_NL","og_type":"article","og_title":"Firalen- Audioboek &#8211; Af\u00fbk Websjop","og_description":"Firalen- l\u00fasterboek","og_url":"https:\/\/websjop.afuk.frl\/frl\/winkel\/firalen-lusterboek\/","og_site_name":"Af\u00fbk Websjop","article_modified_time":"2020-04-06T08:19:09+00:00","og_image":[{"width":757,"height":1068,"url":"https:\/\/websjop.afuk.frl\/wp-content\/uploads\/2016\/09\/products-hoesfiralenmp3.jpg","type":"image\/jpeg"}],"twitter_card":"summary_large_image","twitter_misc":{"Est. reading time":"1 minute"},"schema":{"@context":"https:\/\/schema.org","@graph":[{"@type":"WebPage","@id":"https:\/\/websjop.afuk.frl\/frl\/winkel\/firalen-lusterboek\/","url":"https:\/\/websjop.afuk.frl\/frl\/winkel\/firalen-lusterboek\/","name":"Firalen- Audioboek &#8211; Af\u00fbk Websjop","isPartOf":{"@id":"https:\/\/websjop.afuk.frl\/frl\/#website"},"primaryImageOfPage":{"@id":"https:\/\/websjop.afuk.frl\/frl\/winkel\/firalen-lusterboek\/#primaryimage"},"image":{"@id":"https:\/\/websjop.afuk.frl\/frl\/winkel\/firalen-lusterboek\/#primaryimage"},"thumbnailUrl":"https:\/\/websjop.afuk.frl\/wp-content\/uploads\/2016\/09\/products-hoesfiralenmp3.jpg","datePublished":"2016-09-27T11:25:46+00:00","dateModified":"2020-04-06T08:19:09+00:00","breadcrumb":{"@id":"https:\/\/websjop.afuk.frl\/frl\/winkel\/firalen-lusterboek\/#breadcrumb"},"inLanguage":"fy-NL","potentialAction":[{"@type":"ReadAction","target":["https:\/\/websjop.afuk.frl\/frl\/winkel\/firalen-lusterboek\/"]}]},{"@type":"ImageObject","inLanguage":"fy-NL","@id":"https:\/\/websjop.afuk.frl\/frl\/winkel\/firalen-lusterboek\/#primaryimage","url":"https:\/\/websjop.afuk.frl\/wp-content\/uploads\/2016\/09\/products-hoesfiralenmp3.jpg","contentUrl":"https:\/\/websjop.afuk.frl\/wp-content\/uploads\/2016\/09\/products-hoesfiralenmp3.jpg","width":757,"height":1068,"caption":"Firalen"},{"@type":"BreadcrumbList","@id":"https:\/\/websjop.afuk.frl\/frl\/winkel\/firalen-lusterboek\/#breadcrumb","itemListElement":[{"@type":"ListItem","position":1,"name":"Home","item":"https:\/\/websjop.afuk.frl\/frl\/"},{"@type":"ListItem","position":2,"name":"Winkel","item":"https:\/\/websjop.afuk.frl\/nl\/winkel\/"},{"@type":"ListItem","position":3,"name":"Firalen- Audioboek"}]},{"@type":"WebSite","@id":"https:\/\/websjop.afuk.frl\/frl\/#website","url":"https:\/\/websjop.afuk.frl\/frl\/","name":"Af\u00fbk Websjop","description":"","potentialAction":[{"@type":"SearchAction","target":{"@type":"EntryPoint","urlTemplate":"https:\/\/websjop.afuk.frl\/frl\/?s={search_term_string}"},"query-input":{"@type":"PropertyValueSpecification","valueRequired":true,"valueName":"search_term_string"}}],"inLanguage":"fy-NL"}]}},"_links":{"self":[{"href":"https:\/\/websjop.afuk.frl\/frl\/wp-json\/wp\/v2\/product\/10243","targetHints":{"allow":["GET"]}}],"collection":[{"href":"https:\/\/websjop.afuk.frl\/frl\/wp-json\/wp\/v2\/product"}],"about":[{"href":"https:\/\/websjop.afuk.frl\/frl\/wp-json\/wp\/v2\/types\/product"}],"replies":[{"embeddable":true,"href":"https:\/\/websjop.afuk.frl\/frl\/wp-json\/wp\/v2\/comments?post=10243"}],"wp:featuredmedia":[{"embeddable":true,"href":"https:\/\/websjop.afuk.frl\/frl\/wp-json\/wp\/v2\/media\/10244"}],"wp:attachment":[{"href":"https:\/\/websjop.afuk.frl\/frl\/wp-json\/wp\/v2\/media?parent=10243"}],"wp:term":[{"taxonomy":"product_brand","embeddable":true,"href":"https:\/\/websjop.afuk.frl\/frl\/wp-json\/wp\/v2\/product_brand?post=10243"},{"taxonomy":"product_cat","embeddable":true,"href":"https:\/\/websjop.afuk.frl\/frl\/wp-json\/wp\/v2\/product_cat?post=10243"},{"taxonomy":"product_tag","embeddable":true,"href":"https:\/\/websjop.afuk.frl\/frl\/wp-json\/wp\/v2\/product_tag?post=10243"}],"curies":[{"name":"wp","href":"https:\/\/api.w.org\/{rel}","templated":true}]}}