{"id":10187,"date":"2025-03-25T11:23:09","date_gmt":"2025-03-25T10:23:09","guid":{"rendered":"https:\/\/websjop.bwhontwerpers.nl\/?post_type=product&#038;p=10187"},"modified":"2025-05-15T11:08:35","modified_gmt":"2025-05-15T09:08:35","slug":"stip-syn-moaiste-ferhalen","status":"publish","type":"product","link":"https:\/\/websjop.afuk.frl\/frl\/winkel\/stip-syn-moaiste-ferhalen\/","title":{"rendered":"Stip syn moaiste ferhalen"},"content":{"rendered":"<p>Zes van de mooiste Stip-verhalen!<\/p>\n<p>Lees hoe Stip en zijn vriendjes picknicken, een nieuw spelletje doen, opa helpen in de tuin en nog veel meer!<\/p>\n<p><a href=\"https:\/\/youtu.be\/zMarUpWNBlg\">Bekijk hier een doorbladerfilmpje van het boek<\/a>.<\/p>\n<p><em>Stip syn earste picknick<\/em><br \/>\n<em>Stip op sikebesite<\/em><br \/>\n<em>Stip giet nei de merke<\/em><br \/>\n<em>Stip yn &#8216;e grientet\u00fan<\/em><br \/>\n<em>Stip sil kampeare<\/em><br \/>\n<em>Stip docht in spultsje<\/em><\/p>\n<p>&nbsp;<\/p>\n<hr \/>\n<p><em>Marlies: &#8220;Dit fleurige boek fol mei werkenbere ferhalen soe yn de boekekast fan elke pjut en beuker yn Frysl\u00e2n stean moatte. Ideaal foar it deistige foarl\u00easmomintsje foar it sliepen gean. Wat is der no moaier as tegearre op aventoer gean yn in prachtich boek?!&#8221; <a href=\"https:\/\/heitenmem.frl\/resinsje-stip-syn-moaiste-ferhalen-troch-marlies\/\" target=\"_blank\" rel=\"noopener\">L\u00eas hjir de folsleine resinsje fan Marlies.<\/a><\/em><\/p>\n<p><em>Maaike: &#8220;Belangryk om te witten: de siden binne net fan ferstevige karton (sa as oare Stip-boeken wol binne), dus net geskikt foar lytse babyhantsjes. Mar nettsjinsteande dat wol hiel geskikt foar de lytskes om ek mei te l\u00eazen, troch de prachtige kleure siden yn it boek. Jurjen koe syn eachjes der yn elk gefal hast net fan \u00f4fh\u00e2lde. Al mei al in prachtich boek om yn \u2019e h\u00fbs te hawwen ast jonge bern th\u00fas hast. Om\u2019t der seis ferskillende ferhaaltsjes yn stean, soest elke dei dus in oaren l\u00eaze kinne.&#8221; <a href=\"https:\/\/heitenmem.frl\/resinsje-stip-syn-moaiste-ferhalen-troch-maaike\/\" target=\"_blank\" rel=\"noopener\">L\u00eas hjir de folsleine resinsje fan Maaike.<\/a><\/em><\/p>\n","protected":false},"excerpt":{"rendered":"<p>Stip syn moaiste ferhalen<br \/>\nSeis fan de moaiste Stip-ferhaaltsjes<br \/>\nEric Hill<\/p>\n","protected":false},"featured_media":10188,"comment_status":"closed","ping_status":"closed","template":"","meta":{"_acf_changed":false},"product_brand":[],"product_cat":[1213,549,535,560,557,9568,22913,22477],"product_tag":[6057,5325,5939,6056],"class_list":{"0":"post-10187","1":"product","2":"type-product","3":"status-publish","4":"has-post-thumbnail","6":"product_cat-berne-en-jeugdboeken","7":"product_cat-berneboeken-0-tot-4-jaar","8":"product_cat-fryske-boeken","9":"product_cat-kreamkado-boeken","10":"product_cat-friese-kraamcadeautjes","11":"product_cat-stip","12":"product_cat-tema-ferhaleboeken","13":"product_cat-tema-sunens","14":"product_tag-eric-hill","15":"product_tag-ferhalen","16":"product_tag-stip","17":"product_tag-stip-syn-moaiste-ferhalen","18":"product_shipping_class-brievenbus-verzending","19":"pa_auteur-eric-hill-2","20":"pa_isbn-6055","21":"pa_taal-frysk","22":"pa_uitgever-afuk","24":"first","25":"instock","26":"taxable","27":"shipping-taxable","28":"purchasable","29":"product-type-simple"},"acf":[],"yoast_head":"<!-- This site is optimized with the Yoast SEO plugin v27.2 - https:\/\/yoast.com\/product\/yoast-seo-wordpress\/ -->\n<title>Stip syn moaiste ferhalen &#8211; Af\u00fbk Websjop<\/title>\n<meta name=\"description\" content=\"Zes van de mooiste Stip-verhalen! Lees hoe de Friese Stip en zijn vriendjes picknicken, een nieuw spelletje doen, opa helpen in de tuin en nog veel meer!\" \/>\n<meta name=\"robots\" content=\"index, follow, max-snippet:-1, max-image-preview:large, max-video-preview:-1\" \/>\n<link rel=\"canonical\" href=\"https:\/\/websjop.afuk.frl\/frl\/winkel\/stip-syn-moaiste-ferhalen\/\" \/>\n<meta property=\"og:locale\" content=\"fy_NL\" \/>\n<meta property=\"og:type\" content=\"article\" \/>\n<meta property=\"og:title\" content=\"Stip syn moaiste ferhalen &#8211; Af\u00fbk Websjop\" \/>\n<meta property=\"og:description\" content=\"Zes van de mooiste Stip-verhalen! Lees hoe de Friese Stip en zijn vriendjes picknicken, een nieuw spelletje doen, opa helpen in de tuin en nog veel meer!\" \/>\n<meta property=\"og:url\" content=\"https:\/\/websjop.afuk.frl\/frl\/winkel\/stip-syn-moaiste-ferhalen\/\" \/>\n<meta property=\"og:site_name\" content=\"Af\u00fbk Websjop\" \/>\n<meta property=\"article:modified_time\" content=\"2025-05-15T09:08:35+00:00\" \/>\n<meta property=\"og:image\" content=\"https:\/\/websjop.afuk.frl\/wp-content\/uploads\/2016\/08\/products-stip-syn-moaiste-ferhalen-web.gif\" \/>\n\t<meta property=\"og:image:width\" content=\"700\" \/>\n\t<meta property=\"og:image:height\" content=\"702\" \/>\n\t<meta property=\"og:image:type\" content=\"image\/jpeg\" \/>\n<meta name=\"twitter:card\" content=\"summary_large_image\" \/>\n<meta name=\"twitter:label1\" content=\"Est. reading time\" \/>\n\t<meta name=\"twitter:data1\" content=\"3 minutes\" \/>\n<script type=\"application\/ld+json\" class=\"yoast-schema-graph\">{\"@context\":\"https:\/\/schema.org\",\"@graph\":[{\"@type\":\"WebPage\",\"@id\":\"https:\/\/websjop.afuk.frl\/frl\/winkel\/stip-syn-moaiste-ferhalen\/\",\"url\":\"https:\/\/websjop.afuk.frl\/frl\/winkel\/stip-syn-moaiste-ferhalen\/\",\"name\":\"Stip syn moaiste ferhalen &#8211; Af\u00fbk Websjop\",\"isPartOf\":{\"@id\":\"https:\/\/websjop.afuk.frl\/frl\/#website\"},\"primaryImageOfPage\":{\"@id\":\"https:\/\/websjop.afuk.frl\/frl\/winkel\/stip-syn-moaiste-ferhalen\/#primaryimage\"},\"image\":{\"@id\":\"https:\/\/websjop.afuk.frl\/frl\/winkel\/stip-syn-moaiste-ferhalen\/#primaryimage\"},\"thumbnailUrl\":\"https:\/\/websjop.afuk.frl\/wp-content\/uploads\/2016\/08\/products-stip-syn-moaiste-ferhalen-web.gif\",\"datePublished\":\"2025-03-25T10:23:09+00:00\",\"dateModified\":\"2025-05-15T09:08:35+00:00\",\"description\":\"Zes van de mooiste Stip-verhalen! Lees hoe de Friese Stip en zijn vriendjes picknicken, een nieuw spelletje doen, opa helpen in de tuin en nog veel meer!\",\"breadcrumb\":{\"@id\":\"https:\/\/websjop.afuk.frl\/frl\/winkel\/stip-syn-moaiste-ferhalen\/#breadcrumb\"},\"inLanguage\":\"fy-NL\",\"potentialAction\":[{\"@type\":\"ReadAction\",\"target\":[\"https:\/\/websjop.afuk.frl\/frl\/winkel\/stip-syn-moaiste-ferhalen\/\"]}]},{\"@type\":\"ImageObject\",\"inLanguage\":\"fy-NL\",\"@id\":\"https:\/\/websjop.afuk.frl\/frl\/winkel\/stip-syn-moaiste-ferhalen\/#primaryimage\",\"url\":\"https:\/\/websjop.afuk.frl\/wp-content\/uploads\/2016\/08\/products-stip-syn-moaiste-ferhalen-web.gif\",\"contentUrl\":\"https:\/\/websjop.afuk.frl\/wp-content\/uploads\/2016\/08\/products-stip-syn-moaiste-ferhalen-web.gif\",\"width\":700,\"height\":702,\"caption\":\"Stip syn moaiste ferhalen\"},{\"@type\":\"BreadcrumbList\",\"@id\":\"https:\/\/websjop.afuk.frl\/frl\/winkel\/stip-syn-moaiste-ferhalen\/#breadcrumb\",\"itemListElement\":[{\"@type\":\"ListItem\",\"position\":1,\"name\":\"Home\",\"item\":\"https:\/\/websjop.afuk.frl\/frl\/\"},{\"@type\":\"ListItem\",\"position\":2,\"name\":\"Winkel\",\"item\":\"https:\/\/websjop.afuk.frl\/nl\/winkel\/\"},{\"@type\":\"ListItem\",\"position\":3,\"name\":\"Stip syn moaiste ferhalen\"}]},{\"@type\":\"WebSite\",\"@id\":\"https:\/\/websjop.afuk.frl\/frl\/#website\",\"url\":\"https:\/\/websjop.afuk.frl\/frl\/\",\"name\":\"Af\u00fbk Websjop\",\"description\":\"\",\"potentialAction\":[{\"@type\":\"SearchAction\",\"target\":{\"@type\":\"EntryPoint\",\"urlTemplate\":\"https:\/\/websjop.afuk.frl\/frl\/?s={search_term_string}\"},\"query-input\":{\"@type\":\"PropertyValueSpecification\",\"valueRequired\":true,\"valueName\":\"search_term_string\"}}],\"inLanguage\":\"fy-NL\"}]}<\/script>\n<!-- \/ Yoast SEO plugin. -->","yoast_head_json":{"title":"Stip syn moaiste ferhalen &#8211; Af\u00fbk Websjop","description":"Zes van de mooiste Stip-verhalen! Lees hoe de Friese Stip en zijn vriendjes picknicken, een nieuw spelletje doen, opa helpen in de tuin en nog veel meer!","robots":{"index":"index","follow":"follow","max-snippet":"max-snippet:-1","max-image-preview":"max-image-preview:large","max-video-preview":"max-video-preview:-1"},"canonical":"https:\/\/websjop.afuk.frl\/frl\/winkel\/stip-syn-moaiste-ferhalen\/","og_locale":"fy_NL","og_type":"article","og_title":"Stip syn moaiste ferhalen &#8211; Af\u00fbk Websjop","og_description":"Zes van de mooiste Stip-verhalen! Lees hoe de Friese Stip en zijn vriendjes picknicken, een nieuw spelletje doen, opa helpen in de tuin en nog veel meer!","og_url":"https:\/\/websjop.afuk.frl\/frl\/winkel\/stip-syn-moaiste-ferhalen\/","og_site_name":"Af\u00fbk Websjop","article_modified_time":"2025-05-15T09:08:35+00:00","og_image":[{"width":700,"height":702,"url":"https:\/\/websjop.afuk.frl\/wp-content\/uploads\/2016\/08\/products-stip-syn-moaiste-ferhalen-web.gif","type":"image\/jpeg"}],"twitter_card":"summary_large_image","twitter_misc":{"Est. reading time":"3 minutes"},"schema":{"@context":"https:\/\/schema.org","@graph":[{"@type":"WebPage","@id":"https:\/\/websjop.afuk.frl\/frl\/winkel\/stip-syn-moaiste-ferhalen\/","url":"https:\/\/websjop.afuk.frl\/frl\/winkel\/stip-syn-moaiste-ferhalen\/","name":"Stip syn moaiste ferhalen &#8211; Af\u00fbk Websjop","isPartOf":{"@id":"https:\/\/websjop.afuk.frl\/frl\/#website"},"primaryImageOfPage":{"@id":"https:\/\/websjop.afuk.frl\/frl\/winkel\/stip-syn-moaiste-ferhalen\/#primaryimage"},"image":{"@id":"https:\/\/websjop.afuk.frl\/frl\/winkel\/stip-syn-moaiste-ferhalen\/#primaryimage"},"thumbnailUrl":"https:\/\/websjop.afuk.frl\/wp-content\/uploads\/2016\/08\/products-stip-syn-moaiste-ferhalen-web.gif","datePublished":"2025-03-25T10:23:09+00:00","dateModified":"2025-05-15T09:08:35+00:00","description":"Zes van de mooiste Stip-verhalen! Lees hoe de Friese Stip en zijn vriendjes picknicken, een nieuw spelletje doen, opa helpen in de tuin en nog veel meer!","breadcrumb":{"@id":"https:\/\/websjop.afuk.frl\/frl\/winkel\/stip-syn-moaiste-ferhalen\/#breadcrumb"},"inLanguage":"fy-NL","potentialAction":[{"@type":"ReadAction","target":["https:\/\/websjop.afuk.frl\/frl\/winkel\/stip-syn-moaiste-ferhalen\/"]}]},{"@type":"ImageObject","inLanguage":"fy-NL","@id":"https:\/\/websjop.afuk.frl\/frl\/winkel\/stip-syn-moaiste-ferhalen\/#primaryimage","url":"https:\/\/websjop.afuk.frl\/wp-content\/uploads\/2016\/08\/products-stip-syn-moaiste-ferhalen-web.gif","contentUrl":"https:\/\/websjop.afuk.frl\/wp-content\/uploads\/2016\/08\/products-stip-syn-moaiste-ferhalen-web.gif","width":700,"height":702,"caption":"Stip syn moaiste ferhalen"},{"@type":"BreadcrumbList","@id":"https:\/\/websjop.afuk.frl\/frl\/winkel\/stip-syn-moaiste-ferhalen\/#breadcrumb","itemListElement":[{"@type":"ListItem","position":1,"name":"Home","item":"https:\/\/websjop.afuk.frl\/frl\/"},{"@type":"ListItem","position":2,"name":"Winkel","item":"https:\/\/websjop.afuk.frl\/nl\/winkel\/"},{"@type":"ListItem","position":3,"name":"Stip syn moaiste ferhalen"}]},{"@type":"WebSite","@id":"https:\/\/websjop.afuk.frl\/frl\/#website","url":"https:\/\/websjop.afuk.frl\/frl\/","name":"Af\u00fbk Websjop","description":"","potentialAction":[{"@type":"SearchAction","target":{"@type":"EntryPoint","urlTemplate":"https:\/\/websjop.afuk.frl\/frl\/?s={search_term_string}"},"query-input":{"@type":"PropertyValueSpecification","valueRequired":true,"valueName":"search_term_string"}}],"inLanguage":"fy-NL"}]}},"_links":{"self":[{"href":"https:\/\/websjop.afuk.frl\/frl\/wp-json\/wp\/v2\/product\/10187","targetHints":{"allow":["GET"]}}],"collection":[{"href":"https:\/\/websjop.afuk.frl\/frl\/wp-json\/wp\/v2\/product"}],"about":[{"href":"https:\/\/websjop.afuk.frl\/frl\/wp-json\/wp\/v2\/types\/product"}],"replies":[{"embeddable":true,"href":"https:\/\/websjop.afuk.frl\/frl\/wp-json\/wp\/v2\/comments?post=10187"}],"wp:featuredmedia":[{"embeddable":true,"href":"https:\/\/websjop.afuk.frl\/frl\/wp-json\/wp\/v2\/media\/10188"}],"wp:attachment":[{"href":"https:\/\/websjop.afuk.frl\/frl\/wp-json\/wp\/v2\/media?parent=10187"}],"wp:term":[{"taxonomy":"product_brand","embeddable":true,"href":"https:\/\/websjop.afuk.frl\/frl\/wp-json\/wp\/v2\/product_brand?post=10187"},{"taxonomy":"product_cat","embeddable":true,"href":"https:\/\/websjop.afuk.frl\/frl\/wp-json\/wp\/v2\/product_cat?post=10187"},{"taxonomy":"product_tag","embeddable":true,"href":"https:\/\/websjop.afuk.frl\/frl\/wp-json\/wp\/v2\/product_tag?post=10187"}],"curies":[{"name":"wp","href":"https:\/\/api.w.org\/{rel}","templated":true}]}}