{"id":10149,"date":"2021-07-05T08:44:59","date_gmt":"2021-07-05T07:44:59","guid":{"rendered":"https:\/\/websjop.bwhontwerpers.nl\/?post_type=product&#038;p=10149"},"modified":"2025-12-03T10:36:28","modified_gmt":"2025-12-03T09:36:28","slug":"tije","status":"publish","type":"product","link":"https:\/\/websjop.afuk.frl\/frl\/winkel\/tije\/","title":{"rendered":"Tije"},"content":{"rendered":"<p><strong>* Genomineerd voor de Simke Kloosterman Priis 2019 *<\/strong><\/p>\n<p>Tije mag graag buiten bij de buren op de boerderij spelen.<br \/>\nMaar nu moet hij verhuizen naar de stad en daar ziet hij tegenop.<br \/>\nZou hij daar wel vrienden krijgen? En hoe zal het op school gaan?<br \/>\nIn de stad krijgt Tije een heel bijzondere vriend, maar of dat helpt\u2026<\/p>\n<p>Een boek voor kinderen van 7 \u2013 9 jaar over een plekje vinden in een nieuwe omgeving.<\/p>\n<p><a href=\"http:\/\/issuu.com\/heitenmem.nl\/docs\/ynsjocheksimplaar-tije\/1\" target=\"_blank\" rel=\"noopener noreferrer\"><strong>Klik hier voor het inkijkexemplaar<\/strong><\/a><\/p>\n<hr \/>\n<p><em>Tante Tjits: &#8220;\u2018Tije\u2019 is in lekker (foar)l\u00easboek. Hiel herkenber foar bern fan de romte (lykas ik!) en foar bern \u00fat \u2018e st\u00ead (lykas dy fan my!). Alles belibbest mei Tije mei. L\u00fbdop laitsje as juf op knibbels troch de skoalt\u00fan kr\u00fbpt. De adem ynh\u00e2lde as Tije in grutte frachtwein stopje litte moat. En eefkes twa kear slikke as Tije him sa allinne fielt. De yllustraasjes dogge mei. Lyts en ienf\u00e2ldich of paginagrut en sels troch de tekst hinne; altyd passend by it ferhaal.&#8221;\u00a0<\/em><\/p>\n<p><em>Jitske: &#8220;It boek &#8216;Tije&#8217; hat alles: spanning, aventoer, magysk tinken, skruten w\u00eaze mar dochs je wei fine yn in nije omjouwing. It wie in grut feest om dit boek te l\u00eazen en foar te l\u00eazen oan myn dochter Femke.&#8221; <a href=\"https:\/\/heitenmem.nl\/artikel\/22684\/de-resinsje-fan-jitske-tije\/\" target=\"_blank\" rel=\"noopener\">L\u00eas hjir de folsleine resinsje fan Jitske.<\/a><\/em><\/p>\n<p><em>Jeltje: &#8220;It boek Tije is echt prachtich. Yn earste ynst\u00e2nsje f\u00fbn ik 96 siden b\u00east folle foar in berneboek, mar it l\u00east sa flot dat it jammer is dat it boek \u00fat is. De tekeningen passe by it ferhaal en de beleving fan de bern.&#8221; <a href=\"https:\/\/heitenmem.nl\/artikel\/22794\/de-resinsje-fan-jeltje-tije\/\" target=\"_blank\" rel=\"noopener\">L\u00eas hjir de folsleine resinsje fan Jeltje.<\/a><\/em><\/p>\n","protected":false},"excerpt":{"rendered":"<p>Tije<br \/>\nMirjam van Houten<\/p>\n","protected":false},"featured_media":10150,"comment_status":"closed","ping_status":"closed","template":"","meta":{"_acf_changed":false},"product_brand":[],"product_cat":[1213,550,551,16973,9763,535,16975,1255,23211],"product_tag":[5881,6503,6502,6500],"class_list":{"0":"post-10149","1":"product","2":"type-product","3":"status-publish","4":"has-post-thumbnail","6":"product_cat-berne-en-jeugdboeken","7":"product_cat-berneboeken-4-8","8":"product_cat-berneboeken-8-12","9":"product_cat-berneboekewike2023","10":"product_cat-de-moaiste-jeugdboeken","11":"product_cat-fryske-boeken","12":"product_cat-groep-3-en-4-en-5","13":"product_cat-kado-s-foar-de-feestdagen","14":"product_cat-tema-7-oant-10-jier","15":"product_tag-berneboek","16":"product_tag-boartsje","17":"product_tag-ferhuzje","18":"product_tag-tije","19":"product_shipping_class-brievenbus-verzending","20":"pa_auteur-mirjam-van-houten","21":"pa_isbn-2705","22":"pa_taal-frysk","23":"pa_uitgever-afuk","25":"first","26":"instock","27":"taxable","28":"shipping-taxable","29":"purchasable","30":"product-type-simple"},"acf":[],"yoast_head":"<!-- This site is optimized with the Yoast SEO plugin v27.3 - https:\/\/yoast.com\/product\/yoast-seo-wordpress\/ -->\n<title>Tije &#8211; Af\u00fbk Websjop<\/title>\n<meta name=\"description\" content=\"Tije moet hij verhuizen naar de stad en daar ziet hij tegenop. Een boek voor kinderen van 7 \u2013 9 jaar over een plekje vinden in een nieuwe omgeving.\" \/>\n<meta name=\"robots\" content=\"index, follow, max-snippet:-1, max-image-preview:large, max-video-preview:-1\" \/>\n<link rel=\"canonical\" href=\"https:\/\/websjop.afuk.frl\/frl\/winkel\/tije\/\" \/>\n<meta property=\"og:locale\" content=\"fy_NL\" \/>\n<meta property=\"og:type\" content=\"article\" \/>\n<meta property=\"og:title\" content=\"Tije &#8211; Af\u00fbk Websjop\" \/>\n<meta property=\"og:description\" content=\"Tije moet hij verhuizen naar de stad en daar ziet hij tegenop. Een boek voor kinderen van 7 \u2013 9 jaar over een plekje vinden in een nieuwe omgeving.\" \/>\n<meta property=\"og:url\" content=\"https:\/\/websjop.afuk.frl\/frl\/winkel\/tije\/\" \/>\n<meta property=\"og:site_name\" content=\"Af\u00fbk Websjop\" \/>\n<meta property=\"article:modified_time\" content=\"2025-12-03T09:36:28+00:00\" \/>\n<meta property=\"og:image\" content=\"https:\/\/websjop.afuk.frl\/wp-content\/uploads\/2016\/09\/products-tije_cover_geheel_def_print.jpg\" \/>\n\t<meta property=\"og:image:width\" content=\"1181\" \/>\n\t<meta property=\"og:image:height\" content=\"1501\" \/>\n\t<meta property=\"og:image:type\" content=\"image\/jpeg\" \/>\n<meta name=\"twitter:card\" content=\"summary_large_image\" \/>\n<meta name=\"twitter:label1\" content=\"Est. reading time\" \/>\n\t<meta name=\"twitter:data1\" content=\"4 minutes\" \/>\n<script type=\"application\/ld+json\" class=\"yoast-schema-graph\">{\"@context\":\"https:\\\/\\\/schema.org\",\"@graph\":[{\"@type\":\"WebPage\",\"@id\":\"https:\\\/\\\/websjop.afuk.frl\\\/frl\\\/winkel\\\/tije\\\/\",\"url\":\"https:\\\/\\\/websjop.afuk.frl\\\/frl\\\/winkel\\\/tije\\\/\",\"name\":\"Tije &#8211; Af\u00fbk Websjop\",\"isPartOf\":{\"@id\":\"https:\\\/\\\/websjop.afuk.frl\\\/frl\\\/#website\"},\"primaryImageOfPage\":{\"@id\":\"https:\\\/\\\/websjop.afuk.frl\\\/frl\\\/winkel\\\/tije\\\/#primaryimage\"},\"image\":{\"@id\":\"https:\\\/\\\/websjop.afuk.frl\\\/frl\\\/winkel\\\/tije\\\/#primaryimage\"},\"thumbnailUrl\":\"https:\\\/\\\/websjop.afuk.frl\\\/wp-content\\\/uploads\\\/2016\\\/09\\\/products-tije_cover_geheel_def_print.jpg\",\"datePublished\":\"2021-07-05T07:44:59+00:00\",\"dateModified\":\"2025-12-03T09:36:28+00:00\",\"description\":\"Tije moet hij verhuizen naar de stad en daar ziet hij tegenop. Een boek voor kinderen van 7 \u2013 9 jaar over een plekje vinden in een nieuwe omgeving.\",\"breadcrumb\":{\"@id\":\"https:\\\/\\\/websjop.afuk.frl\\\/frl\\\/winkel\\\/tije\\\/#breadcrumb\"},\"inLanguage\":\"fy-NL\",\"potentialAction\":[{\"@type\":\"ReadAction\",\"target\":[\"https:\\\/\\\/websjop.afuk.frl\\\/frl\\\/winkel\\\/tije\\\/\"]}]},{\"@type\":\"ImageObject\",\"inLanguage\":\"fy-NL\",\"@id\":\"https:\\\/\\\/websjop.afuk.frl\\\/frl\\\/winkel\\\/tije\\\/#primaryimage\",\"url\":\"https:\\\/\\\/websjop.afuk.frl\\\/wp-content\\\/uploads\\\/2016\\\/09\\\/products-tije_cover_geheel_def_print.jpg\",\"contentUrl\":\"https:\\\/\\\/websjop.afuk.frl\\\/wp-content\\\/uploads\\\/2016\\\/09\\\/products-tije_cover_geheel_def_print.jpg\",\"width\":1181,\"height\":1501,\"caption\":\"Tije\"},{\"@type\":\"BreadcrumbList\",\"@id\":\"https:\\\/\\\/websjop.afuk.frl\\\/frl\\\/winkel\\\/tije\\\/#breadcrumb\",\"itemListElement\":[{\"@type\":\"ListItem\",\"position\":1,\"name\":\"Home\",\"item\":\"https:\\\/\\\/websjop.afuk.frl\\\/frl\\\/\"},{\"@type\":\"ListItem\",\"position\":2,\"name\":\"Winkel\",\"item\":\"https:\\\/\\\/websjop.afuk.frl\\\/nl\\\/winkel\\\/\"},{\"@type\":\"ListItem\",\"position\":3,\"name\":\"Tije\"}]},{\"@type\":\"WebSite\",\"@id\":\"https:\\\/\\\/websjop.afuk.frl\\\/frl\\\/#website\",\"url\":\"https:\\\/\\\/websjop.afuk.frl\\\/frl\\\/\",\"name\":\"Af\u00fbk Websjop\",\"description\":\"\",\"potentialAction\":[{\"@type\":\"SearchAction\",\"target\":{\"@type\":\"EntryPoint\",\"urlTemplate\":\"https:\\\/\\\/websjop.afuk.frl\\\/frl\\\/?s={search_term_string}\"},\"query-input\":{\"@type\":\"PropertyValueSpecification\",\"valueRequired\":true,\"valueName\":\"search_term_string\"}}],\"inLanguage\":\"fy-NL\"}]}<\/script>\n<!-- \/ Yoast SEO plugin. -->","yoast_head_json":{"title":"Tije &#8211; Af\u00fbk Websjop","description":"Tije moet hij verhuizen naar de stad en daar ziet hij tegenop. Een boek voor kinderen van 7 \u2013 9 jaar over een plekje vinden in een nieuwe omgeving.","robots":{"index":"index","follow":"follow","max-snippet":"max-snippet:-1","max-image-preview":"max-image-preview:large","max-video-preview":"max-video-preview:-1"},"canonical":"https:\/\/websjop.afuk.frl\/frl\/winkel\/tije\/","og_locale":"fy_NL","og_type":"article","og_title":"Tije &#8211; Af\u00fbk Websjop","og_description":"Tije moet hij verhuizen naar de stad en daar ziet hij tegenop. Een boek voor kinderen van 7 \u2013 9 jaar over een plekje vinden in een nieuwe omgeving.","og_url":"https:\/\/websjop.afuk.frl\/frl\/winkel\/tije\/","og_site_name":"Af\u00fbk Websjop","article_modified_time":"2025-12-03T09:36:28+00:00","og_image":[{"width":1181,"height":1501,"url":"https:\/\/websjop.afuk.frl\/wp-content\/uploads\/2016\/09\/products-tije_cover_geheel_def_print.jpg","type":"image\/jpeg"}],"twitter_card":"summary_large_image","twitter_misc":{"Est. reading time":"4 minutes"},"schema":{"@context":"https:\/\/schema.org","@graph":[{"@type":"WebPage","@id":"https:\/\/websjop.afuk.frl\/frl\/winkel\/tije\/","url":"https:\/\/websjop.afuk.frl\/frl\/winkel\/tije\/","name":"Tije &#8211; Af\u00fbk Websjop","isPartOf":{"@id":"https:\/\/websjop.afuk.frl\/frl\/#website"},"primaryImageOfPage":{"@id":"https:\/\/websjop.afuk.frl\/frl\/winkel\/tije\/#primaryimage"},"image":{"@id":"https:\/\/websjop.afuk.frl\/frl\/winkel\/tije\/#primaryimage"},"thumbnailUrl":"https:\/\/websjop.afuk.frl\/wp-content\/uploads\/2016\/09\/products-tije_cover_geheel_def_print.jpg","datePublished":"2021-07-05T07:44:59+00:00","dateModified":"2025-12-03T09:36:28+00:00","description":"Tije moet hij verhuizen naar de stad en daar ziet hij tegenop. Een boek voor kinderen van 7 \u2013 9 jaar over een plekje vinden in een nieuwe omgeving.","breadcrumb":{"@id":"https:\/\/websjop.afuk.frl\/frl\/winkel\/tije\/#breadcrumb"},"inLanguage":"fy-NL","potentialAction":[{"@type":"ReadAction","target":["https:\/\/websjop.afuk.frl\/frl\/winkel\/tije\/"]}]},{"@type":"ImageObject","inLanguage":"fy-NL","@id":"https:\/\/websjop.afuk.frl\/frl\/winkel\/tije\/#primaryimage","url":"https:\/\/websjop.afuk.frl\/wp-content\/uploads\/2016\/09\/products-tije_cover_geheel_def_print.jpg","contentUrl":"https:\/\/websjop.afuk.frl\/wp-content\/uploads\/2016\/09\/products-tije_cover_geheel_def_print.jpg","width":1181,"height":1501,"caption":"Tije"},{"@type":"BreadcrumbList","@id":"https:\/\/websjop.afuk.frl\/frl\/winkel\/tije\/#breadcrumb","itemListElement":[{"@type":"ListItem","position":1,"name":"Home","item":"https:\/\/websjop.afuk.frl\/frl\/"},{"@type":"ListItem","position":2,"name":"Winkel","item":"https:\/\/websjop.afuk.frl\/nl\/winkel\/"},{"@type":"ListItem","position":3,"name":"Tije"}]},{"@type":"WebSite","@id":"https:\/\/websjop.afuk.frl\/frl\/#website","url":"https:\/\/websjop.afuk.frl\/frl\/","name":"Af\u00fbk Websjop","description":"","potentialAction":[{"@type":"SearchAction","target":{"@type":"EntryPoint","urlTemplate":"https:\/\/websjop.afuk.frl\/frl\/?s={search_term_string}"},"query-input":{"@type":"PropertyValueSpecification","valueRequired":true,"valueName":"search_term_string"}}],"inLanguage":"fy-NL"}]}},"_links":{"self":[{"href":"https:\/\/websjop.afuk.frl\/frl\/wp-json\/wp\/v2\/product\/10149","targetHints":{"allow":["GET"]}}],"collection":[{"href":"https:\/\/websjop.afuk.frl\/frl\/wp-json\/wp\/v2\/product"}],"about":[{"href":"https:\/\/websjop.afuk.frl\/frl\/wp-json\/wp\/v2\/types\/product"}],"replies":[{"embeddable":true,"href":"https:\/\/websjop.afuk.frl\/frl\/wp-json\/wp\/v2\/comments?post=10149"}],"wp:featuredmedia":[{"embeddable":true,"href":"https:\/\/websjop.afuk.frl\/frl\/wp-json\/wp\/v2\/media\/10150"}],"wp:attachment":[{"href":"https:\/\/websjop.afuk.frl\/frl\/wp-json\/wp\/v2\/media?parent=10149"}],"wp:term":[{"taxonomy":"product_brand","embeddable":true,"href":"https:\/\/websjop.afuk.frl\/frl\/wp-json\/wp\/v2\/product_brand?post=10149"},{"taxonomy":"product_cat","embeddable":true,"href":"https:\/\/websjop.afuk.frl\/frl\/wp-json\/wp\/v2\/product_cat?post=10149"},{"taxonomy":"product_tag","embeddable":true,"href":"https:\/\/websjop.afuk.frl\/frl\/wp-json\/wp\/v2\/product_tag?post=10149"}],"curies":[{"name":"wp","href":"https:\/\/api.w.org\/{rel}","templated":true}]}}