{"id":10082,"date":"2021-02-10T12:05:54","date_gmt":"2021-02-10T11:05:54","guid":{"rendered":"https:\/\/websjop.bwhontwerpers.nl\/?post_type=product&#038;p=10082"},"modified":"2026-01-08T15:54:23","modified_gmt":"2026-01-08T14:54:23","slug":"skelte-wol-in-skelter","status":"publish","type":"product","link":"https:\/\/websjop.afuk.frl\/frl\/winkel\/skelte-wol-in-skelter\/","title":{"rendered":"Skelte wol in skelter"},"content":{"rendered":"<p>Skelte wil graag een skelter, maar dat mag niet van vader en moeder. Van opa wel, maar als dat goed gaat\u2026<\/p>\n<p>Een humoristisch prentenboek met een herkenbaar thema en rijke illustraties.<\/p>\n<p>3+<\/p>\n<hr \/>\n<p><em>Thea: &#8220;In prachtich, moai yllustrearre boek. De platen binne kleurryk, realistysk en grappich. Sa is buorman Bouke tige wiis mei syn moaie auto, dus dy wurdt fansels wosken. Heit syn garaazje stiet gr\u00f4tfol mei fan alles, ek foar de bern wer hiel herkenber.&#8221; <a href=\"https:\/\/heitenmem.nl\/artikel\/21668\/skelte-wol-in-skelter-resinsje-fan-thea\/\" target=\"_blank\" rel=\"noopener\">L\u00eas hjir de folsleine resinsje.<\/a><\/em><\/p>\n<p><em>Elmatine: &#8220;De tekst is \u00fbngefear twa rigels per plaat; ast dat wolst kinst it ferhaal maklik in bytsje \u00fatwreidzje. Op de detaillearre platen is gen\u00f4ch te sjen en der stean werkenbere dingen op, sa as in pyk yn in amer yn de garaazje of in r\u00fbpke op de blomkes yn de t\u00fan fan de buorfrou. Gen\u00f4ch te sjen, te beneamen en oan te wizen. It boek wurdt hjir faak \u00fat de kast pakt om foar te l\u00eazen, mar ek om sels de platen te bew\u00fbnderjen. It is in oanrieder, wat \u00fas oanbelanget.&#8221; <a href=\"https:\/\/heitenmem.nl\/artikel\/21636\/skelte-wol-in-skelter-resinsje-fan-elmatine\/\" target=\"_blank\" rel=\"noopener\">L\u00eas hjir de folsleine resinsje.<\/a><\/em><\/p>\n","protected":false},"excerpt":{"rendered":"<p>Skelte wol in skelter<br \/>\nprinteboek fan Joke Scheffer en Anna Sikkes<\/p>\n","protected":false},"featured_media":10083,"comment_status":"closed","ping_status":"closed","template":"","meta":{"_acf_changed":false},"product_brand":[],"product_cat":[1213,549,535,21150,1221,23627,23209],"product_tag":[6109,6155,6154,18288],"class_list":{"0":"post-10082","1":"product","2":"type-product","3":"status-publish","4":"has-post-thumbnail","6":"product_cat-berne-en-jeugdboeken","7":"product_cat-berneboeken-0-tot-4-jaar","8":"product_cat-fryske-boeken","9":"product_cat-kinderboekenweek","10":"product_cat-maitiid","11":"product_cat-op-aventoer","12":"product_cat-tema-thus","13":"product_tag-bisten","14":"product_tag-skelte","15":"product_tag-skelte-wol-in-skelter","16":"product_tag-skelter","17":"product_shipping_class-brievenbus-verzending","18":"pa_auteur-joke-scheffer","19":"pa_isbn-2685","20":"pa_taal-frysk","21":"pa_uitgever-afuk","23":"first","24":"instock","25":"taxable","26":"shipping-taxable","27":"purchasable","28":"product-type-simple"},"acf":[],"yoast_head":"<!-- This site is optimized with the Yoast SEO plugin v27.2 - https:\/\/yoast.com\/product\/yoast-seo-wordpress\/ -->\n<title>Skelte wol in skelter &#8211; Af\u00fbk Websjop<\/title>\n<meta name=\"description\" content=\"Skelte wil graag een skelter, maar dat mag niet van vader en moeder. Van opa wel, maar als dat goed gaat\u2026 Prachtig Fries humoristisch prentenboek.\" \/>\n<meta name=\"robots\" content=\"index, follow, max-snippet:-1, max-image-preview:large, max-video-preview:-1\" \/>\n<link rel=\"canonical\" href=\"https:\/\/websjop.afuk.frl\/frl\/winkel\/skelte-wol-in-skelter\/\" \/>\n<meta property=\"og:locale\" content=\"fy_NL\" \/>\n<meta property=\"og:type\" content=\"article\" \/>\n<meta property=\"og:title\" content=\"Skelte wol in skelter &#8211; Af\u00fbk Websjop\" \/>\n<meta property=\"og:description\" content=\"Skelte wil graag een skelter, maar dat mag niet van vader en moeder. Van opa wel, maar als dat goed gaat\u2026 Prachtig Fries humoristisch prentenboek.\" \/>\n<meta property=\"og:url\" content=\"https:\/\/websjop.afuk.frl\/frl\/winkel\/skelte-wol-in-skelter\/\" \/>\n<meta property=\"og:site_name\" content=\"Af\u00fbk Websjop\" \/>\n<meta property=\"article:modified_time\" content=\"2026-01-08T14:54:23+00:00\" \/>\n<meta property=\"og:image\" content=\"https:\/\/websjop.afuk.frl\/wp-content\/uploads\/2016\/05\/products-skelte012.jpg\" \/>\n\t<meta property=\"og:image:width\" content=\"2545\" \/>\n\t<meta property=\"og:image:height\" content=\"3425\" \/>\n\t<meta property=\"og:image:type\" content=\"image\/jpeg\" \/>\n<meta name=\"twitter:card\" content=\"summary_large_image\" \/>\n<meta name=\"twitter:label1\" content=\"Est. reading time\" \/>\n\t<meta name=\"twitter:data1\" content=\"1 minute\" \/>\n<script type=\"application\/ld+json\" class=\"yoast-schema-graph\">{\"@context\":\"https:\/\/schema.org\",\"@graph\":[{\"@type\":\"WebPage\",\"@id\":\"https:\/\/websjop.afuk.frl\/frl\/winkel\/skelte-wol-in-skelter\/\",\"url\":\"https:\/\/websjop.afuk.frl\/frl\/winkel\/skelte-wol-in-skelter\/\",\"name\":\"Skelte wol in skelter &#8211; Af\u00fbk Websjop\",\"isPartOf\":{\"@id\":\"https:\/\/websjop.afuk.frl\/frl\/#website\"},\"primaryImageOfPage\":{\"@id\":\"https:\/\/websjop.afuk.frl\/frl\/winkel\/skelte-wol-in-skelter\/#primaryimage\"},\"image\":{\"@id\":\"https:\/\/websjop.afuk.frl\/frl\/winkel\/skelte-wol-in-skelter\/#primaryimage\"},\"thumbnailUrl\":\"https:\/\/websjop.afuk.frl\/wp-content\/uploads\/2016\/05\/products-skelte012.jpg\",\"datePublished\":\"2021-02-10T11:05:54+00:00\",\"dateModified\":\"2026-01-08T14:54:23+00:00\",\"description\":\"Skelte wil graag een skelter, maar dat mag niet van vader en moeder. Van opa wel, maar als dat goed gaat\u2026 Prachtig Fries humoristisch prentenboek.\",\"breadcrumb\":{\"@id\":\"https:\/\/websjop.afuk.frl\/frl\/winkel\/skelte-wol-in-skelter\/#breadcrumb\"},\"inLanguage\":\"fy-NL\",\"potentialAction\":[{\"@type\":\"ReadAction\",\"target\":[\"https:\/\/websjop.afuk.frl\/frl\/winkel\/skelte-wol-in-skelter\/\"]}]},{\"@type\":\"ImageObject\",\"inLanguage\":\"fy-NL\",\"@id\":\"https:\/\/websjop.afuk.frl\/frl\/winkel\/skelte-wol-in-skelter\/#primaryimage\",\"url\":\"https:\/\/websjop.afuk.frl\/wp-content\/uploads\/2016\/05\/products-skelte012.jpg\",\"contentUrl\":\"https:\/\/websjop.afuk.frl\/wp-content\/uploads\/2016\/05\/products-skelte012.jpg\",\"width\":2545,\"height\":3425,\"caption\":\"Skelte wol in skelter\"},{\"@type\":\"BreadcrumbList\",\"@id\":\"https:\/\/websjop.afuk.frl\/frl\/winkel\/skelte-wol-in-skelter\/#breadcrumb\",\"itemListElement\":[{\"@type\":\"ListItem\",\"position\":1,\"name\":\"Home\",\"item\":\"https:\/\/websjop.afuk.frl\/frl\/\"},{\"@type\":\"ListItem\",\"position\":2,\"name\":\"Winkel\",\"item\":\"https:\/\/websjop.afuk.frl\/nl\/winkel\/\"},{\"@type\":\"ListItem\",\"position\":3,\"name\":\"Skelte wol in skelter\"}]},{\"@type\":\"WebSite\",\"@id\":\"https:\/\/websjop.afuk.frl\/frl\/#website\",\"url\":\"https:\/\/websjop.afuk.frl\/frl\/\",\"name\":\"Af\u00fbk Websjop\",\"description\":\"\",\"potentialAction\":[{\"@type\":\"SearchAction\",\"target\":{\"@type\":\"EntryPoint\",\"urlTemplate\":\"https:\/\/websjop.afuk.frl\/frl\/?s={search_term_string}\"},\"query-input\":{\"@type\":\"PropertyValueSpecification\",\"valueRequired\":true,\"valueName\":\"search_term_string\"}}],\"inLanguage\":\"fy-NL\"}]}<\/script>\n<!-- \/ Yoast SEO plugin. -->","yoast_head_json":{"title":"Skelte wol in skelter &#8211; Af\u00fbk Websjop","description":"Skelte wil graag een skelter, maar dat mag niet van vader en moeder. Van opa wel, maar als dat goed gaat\u2026 Prachtig Fries humoristisch prentenboek.","robots":{"index":"index","follow":"follow","max-snippet":"max-snippet:-1","max-image-preview":"max-image-preview:large","max-video-preview":"max-video-preview:-1"},"canonical":"https:\/\/websjop.afuk.frl\/frl\/winkel\/skelte-wol-in-skelter\/","og_locale":"fy_NL","og_type":"article","og_title":"Skelte wol in skelter &#8211; Af\u00fbk Websjop","og_description":"Skelte wil graag een skelter, maar dat mag niet van vader en moeder. Van opa wel, maar als dat goed gaat\u2026 Prachtig Fries humoristisch prentenboek.","og_url":"https:\/\/websjop.afuk.frl\/frl\/winkel\/skelte-wol-in-skelter\/","og_site_name":"Af\u00fbk Websjop","article_modified_time":"2026-01-08T14:54:23+00:00","og_image":[{"width":2545,"height":3425,"url":"https:\/\/websjop.afuk.frl\/wp-content\/uploads\/2016\/05\/products-skelte012.jpg","type":"image\/jpeg"}],"twitter_card":"summary_large_image","twitter_misc":{"Est. reading time":"1 minute"},"schema":{"@context":"https:\/\/schema.org","@graph":[{"@type":"WebPage","@id":"https:\/\/websjop.afuk.frl\/frl\/winkel\/skelte-wol-in-skelter\/","url":"https:\/\/websjop.afuk.frl\/frl\/winkel\/skelte-wol-in-skelter\/","name":"Skelte wol in skelter &#8211; Af\u00fbk Websjop","isPartOf":{"@id":"https:\/\/websjop.afuk.frl\/frl\/#website"},"primaryImageOfPage":{"@id":"https:\/\/websjop.afuk.frl\/frl\/winkel\/skelte-wol-in-skelter\/#primaryimage"},"image":{"@id":"https:\/\/websjop.afuk.frl\/frl\/winkel\/skelte-wol-in-skelter\/#primaryimage"},"thumbnailUrl":"https:\/\/websjop.afuk.frl\/wp-content\/uploads\/2016\/05\/products-skelte012.jpg","datePublished":"2021-02-10T11:05:54+00:00","dateModified":"2026-01-08T14:54:23+00:00","description":"Skelte wil graag een skelter, maar dat mag niet van vader en moeder. Van opa wel, maar als dat goed gaat\u2026 Prachtig Fries humoristisch prentenboek.","breadcrumb":{"@id":"https:\/\/websjop.afuk.frl\/frl\/winkel\/skelte-wol-in-skelter\/#breadcrumb"},"inLanguage":"fy-NL","potentialAction":[{"@type":"ReadAction","target":["https:\/\/websjop.afuk.frl\/frl\/winkel\/skelte-wol-in-skelter\/"]}]},{"@type":"ImageObject","inLanguage":"fy-NL","@id":"https:\/\/websjop.afuk.frl\/frl\/winkel\/skelte-wol-in-skelter\/#primaryimage","url":"https:\/\/websjop.afuk.frl\/wp-content\/uploads\/2016\/05\/products-skelte012.jpg","contentUrl":"https:\/\/websjop.afuk.frl\/wp-content\/uploads\/2016\/05\/products-skelte012.jpg","width":2545,"height":3425,"caption":"Skelte wol in skelter"},{"@type":"BreadcrumbList","@id":"https:\/\/websjop.afuk.frl\/frl\/winkel\/skelte-wol-in-skelter\/#breadcrumb","itemListElement":[{"@type":"ListItem","position":1,"name":"Home","item":"https:\/\/websjop.afuk.frl\/frl\/"},{"@type":"ListItem","position":2,"name":"Winkel","item":"https:\/\/websjop.afuk.frl\/nl\/winkel\/"},{"@type":"ListItem","position":3,"name":"Skelte wol in skelter"}]},{"@type":"WebSite","@id":"https:\/\/websjop.afuk.frl\/frl\/#website","url":"https:\/\/websjop.afuk.frl\/frl\/","name":"Af\u00fbk Websjop","description":"","potentialAction":[{"@type":"SearchAction","target":{"@type":"EntryPoint","urlTemplate":"https:\/\/websjop.afuk.frl\/frl\/?s={search_term_string}"},"query-input":{"@type":"PropertyValueSpecification","valueRequired":true,"valueName":"search_term_string"}}],"inLanguage":"fy-NL"}]}},"_links":{"self":[{"href":"https:\/\/websjop.afuk.frl\/frl\/wp-json\/wp\/v2\/product\/10082","targetHints":{"allow":["GET"]}}],"collection":[{"href":"https:\/\/websjop.afuk.frl\/frl\/wp-json\/wp\/v2\/product"}],"about":[{"href":"https:\/\/websjop.afuk.frl\/frl\/wp-json\/wp\/v2\/types\/product"}],"replies":[{"embeddable":true,"href":"https:\/\/websjop.afuk.frl\/frl\/wp-json\/wp\/v2\/comments?post=10082"}],"wp:featuredmedia":[{"embeddable":true,"href":"https:\/\/websjop.afuk.frl\/frl\/wp-json\/wp\/v2\/media\/10083"}],"wp:attachment":[{"href":"https:\/\/websjop.afuk.frl\/frl\/wp-json\/wp\/v2\/media?parent=10082"}],"wp:term":[{"taxonomy":"product_brand","embeddable":true,"href":"https:\/\/websjop.afuk.frl\/frl\/wp-json\/wp\/v2\/product_brand?post=10082"},{"taxonomy":"product_cat","embeddable":true,"href":"https:\/\/websjop.afuk.frl\/frl\/wp-json\/wp\/v2\/product_cat?post=10082"},{"taxonomy":"product_tag","embeddable":true,"href":"https:\/\/websjop.afuk.frl\/frl\/wp-json\/wp\/v2\/product_tag?post=10082"}],"curies":[{"name":"wp","href":"https:\/\/api.w.org\/{rel}","templated":true}]}}