{"id":10036,"date":"2016-04-12T09:54:06","date_gmt":"2016-04-12T08:54:06","guid":{"rendered":"https:\/\/websjop.bwhontwerpers.nl\/?post_type=product&#038;p=10036"},"modified":"2019-12-20T11:58:58","modified_gmt":"2019-12-20T10:58:58","slug":"de-achttjin","status":"publish","type":"product","link":"https:\/\/websjop.afuk.frl\/frl\/winkel\/de-achttjin\/","title":{"rendered":"De Achttjin"},"content":{"rendered":"<p><span style=\"font-size: large\"><strong><span style=\"font-size: small\">De Achttjin<\/span><\/strong><span style=\"font-size: small\"><br \/>\n<em>roman fan Aggie van der Meer<\/em><\/span><\/span><\/p>\n<p>Praag 1969. Jan Palach hat himsels yn br\u00e2n stutsen as protest tsjin de Russyske besetting fan Tsjecho-Slowakije. It Politburo yn Praach moat soargje dat de skea dy\u2019t sa tabrocht wurdt oan it stalinisme, beheind bliuwt. Mar hoe bliuwt it Politburo in ienheid? In roman oer krityk, keuzes meitsje en de gefolgen dy\u2019t dat hawwe kin. Net allinnich foar jo sels.<\/p>\n<p>\u201cAlhoewol\u2019t er mei de r\u00each nei my ta stie, wist ik dat er it wie: de man dy\u2019t my al in moai skoft dwaande h\u00e2lde. It wie syn h\u00e2lding, de opfallende yntensivens dy\u2019t my ek de earste kear al rekke. Hy koe net witte dat if foar my mear wie as in gelokkich tafal dat wy op itselde momint foar de Guernica stienen\u201d<\/p>\n<p><em>\u201cDe Achttjin fan Aggie van der Meer is ien fan de nijsgjirrichste romans dy\u2019t ik yn it Frysk l\u00eazen ha. Dat leit oan it sintrale gegeven: de ferantwurdelikheid fan it yndividu foar it kollektyf, mar ek foar syn eigen idealen oer. Mar it leit likegoed oan de liter\u00eare wize sa\u2019t Van der Meer it ferhaal stalj\u00fbn hat. De skriuwstyl is sa helder as gl\u00eas, en likegoed bliuwt der romte by de l\u00eazer foar ferbylding.\u201d Abe de Vries<\/em>.<\/p>\n<p>L\u00fasterje ek nei de podcast fan Omrop Frysl\u00e2n:<\/p>\n<p><a href=\"https:\/\/www.omropfryslan.nl\/utstjoering\/boekekast-3-de-achttjin-fan-aggie-van-der-meer\">https:\/\/www.omropfryslan.nl\/utstjoering\/boekekast-3-de-achttjin-fan-aggie-van-der-meer<\/a><\/p>\n<p>L\u00eas <a href=\"http:\/\/www.frieseliteratuur.nl\/aggie-van-der-meer\/#De%20achttjin\" target=\"_blank\" rel=\"noopener noreferrer\">hjir<\/a> de komplete resinsje fan Jelle van der Meulen: &#8220;<strong><em>De achttjin<\/em><\/strong> v<em>an Aggie van der Meer verdient het om vertaald te worden in het Nederlands, in het Duits, Tsjechisch, Spaans, Russisch, Engels, want het is een boek van wereldformaat.&#8221;<\/em><\/p>\n<p>&nbsp;<\/p>\n<p>&nbsp;<\/p>\n<p>&nbsp;<\/p>\n<p>Skriuwer: Aggie van der Mee<em>r<\/em><br \/>\nUtjouwer : Af\u00fbk<br \/>\nUtfiering : paperback<br \/>\nSiden : 144<br \/>\nTaal: Frysk<\/p>\n","protected":false},"excerpt":{"rendered":"<p>De Achttjin<br \/>\nroman fan Aggie van der Meer<\/p>\n","protected":false},"featured_media":10037,"comment_status":"closed","ping_status":"closed","template":"","meta":{"_acf_changed":false},"product_brand":[],"product_cat":[535,537,1215],"product_tag":[],"class_list":{"0":"post-10036","1":"product","2":"type-product","3":"status-publish","4":"has-post-thumbnail","6":"product_cat-fryske-boeken","7":"product_cat-romans","8":"product_cat-romans-en-literatuer","9":"product_shipping_class-brievenbus-verzending","10":"pa_auteur-aggie-van-der-meer-2","11":"pa_is-een-afuk-product-1-2","12":"pa_sale-label-0-3","14":"first","15":"instock","16":"taxable","17":"shipping-taxable","18":"purchasable","19":"product-type-simple"},"acf":[],"yoast_head":"<!-- This site is optimized with the Yoast SEO plugin v27.2 - https:\/\/yoast.com\/product\/yoast-seo-wordpress\/ -->\n<title>De Achttjin &#8211; Af\u00fbk Websjop<\/title>\n<meta name=\"robots\" content=\"index, follow, max-snippet:-1, max-image-preview:large, max-video-preview:-1\" \/>\n<link rel=\"canonical\" href=\"https:\/\/websjop.afuk.frl\/frl\/winkel\/de-achttjin\/\" \/>\n<meta property=\"og:locale\" content=\"fy_NL\" \/>\n<meta property=\"og:type\" content=\"article\" \/>\n<meta property=\"og:title\" content=\"De Achttjin &#8211; Af\u00fbk Websjop\" \/>\n<meta property=\"og:description\" content=\"De Achttjin roman fan Aggie van der Meer\" \/>\n<meta property=\"og:url\" content=\"https:\/\/websjop.afuk.frl\/frl\/winkel\/de-achttjin\/\" \/>\n<meta property=\"og:site_name\" content=\"Af\u00fbk Websjop\" \/>\n<meta property=\"article:modified_time\" content=\"2019-12-20T10:58:58+00:00\" \/>\n<meta property=\"og:image\" content=\"https:\/\/websjop.afuk.frl\/wp-content\/uploads\/2016\/04\/products-de_achtjin-664x1024.jpg\" \/>\n\t<meta property=\"og:image:width\" content=\"664\" \/>\n\t<meta property=\"og:image:height\" content=\"1024\" \/>\n\t<meta property=\"og:image:type\" content=\"image\/jpeg\" \/>\n<meta name=\"twitter:card\" content=\"summary_large_image\" \/>\n<meta name=\"twitter:label1\" content=\"Est. reading time\" \/>\n\t<meta name=\"twitter:data1\" content=\"1 minute\" \/>\n<script type=\"application\/ld+json\" class=\"yoast-schema-graph\">{\"@context\":\"https:\/\/schema.org\",\"@graph\":[{\"@type\":\"WebPage\",\"@id\":\"https:\/\/websjop.afuk.frl\/frl\/winkel\/de-achttjin\/\",\"url\":\"https:\/\/websjop.afuk.frl\/frl\/winkel\/de-achttjin\/\",\"name\":\"De Achttjin &#8211; Af\u00fbk Websjop\",\"isPartOf\":{\"@id\":\"https:\/\/websjop.afuk.frl\/frl\/#website\"},\"primaryImageOfPage\":{\"@id\":\"https:\/\/websjop.afuk.frl\/frl\/winkel\/de-achttjin\/#primaryimage\"},\"image\":{\"@id\":\"https:\/\/websjop.afuk.frl\/frl\/winkel\/de-achttjin\/#primaryimage\"},\"thumbnailUrl\":\"https:\/\/websjop.afuk.frl\/wp-content\/uploads\/2016\/04\/products-de_achtjin.jpg\",\"datePublished\":\"2016-04-12T08:54:06+00:00\",\"dateModified\":\"2019-12-20T10:58:58+00:00\",\"breadcrumb\":{\"@id\":\"https:\/\/websjop.afuk.frl\/frl\/winkel\/de-achttjin\/#breadcrumb\"},\"inLanguage\":\"fy-NL\",\"potentialAction\":[{\"@type\":\"ReadAction\",\"target\":[\"https:\/\/websjop.afuk.frl\/frl\/winkel\/de-achttjin\/\"]}]},{\"@type\":\"ImageObject\",\"inLanguage\":\"fy-NL\",\"@id\":\"https:\/\/websjop.afuk.frl\/frl\/winkel\/de-achttjin\/#primaryimage\",\"url\":\"https:\/\/websjop.afuk.frl\/wp-content\/uploads\/2016\/04\/products-de_achtjin.jpg\",\"contentUrl\":\"https:\/\/websjop.afuk.frl\/wp-content\/uploads\/2016\/04\/products-de_achtjin.jpg\",\"width\":1646,\"height\":2539},{\"@type\":\"BreadcrumbList\",\"@id\":\"https:\/\/websjop.afuk.frl\/frl\/winkel\/de-achttjin\/#breadcrumb\",\"itemListElement\":[{\"@type\":\"ListItem\",\"position\":1,\"name\":\"Home\",\"item\":\"https:\/\/websjop.afuk.frl\/frl\/\"},{\"@type\":\"ListItem\",\"position\":2,\"name\":\"Winkel\",\"item\":\"https:\/\/websjop.afuk.frl\/nl\/winkel\/\"},{\"@type\":\"ListItem\",\"position\":3,\"name\":\"De Achttjin\"}]},{\"@type\":\"WebSite\",\"@id\":\"https:\/\/websjop.afuk.frl\/frl\/#website\",\"url\":\"https:\/\/websjop.afuk.frl\/frl\/\",\"name\":\"Af\u00fbk Websjop\",\"description\":\"\",\"potentialAction\":[{\"@type\":\"SearchAction\",\"target\":{\"@type\":\"EntryPoint\",\"urlTemplate\":\"https:\/\/websjop.afuk.frl\/frl\/?s={search_term_string}\"},\"query-input\":{\"@type\":\"PropertyValueSpecification\",\"valueRequired\":true,\"valueName\":\"search_term_string\"}}],\"inLanguage\":\"fy-NL\"}]}<\/script>\n<!-- \/ Yoast SEO plugin. -->","yoast_head_json":{"title":"De Achttjin &#8211; Af\u00fbk Websjop","robots":{"index":"index","follow":"follow","max-snippet":"max-snippet:-1","max-image-preview":"max-image-preview:large","max-video-preview":"max-video-preview:-1"},"canonical":"https:\/\/websjop.afuk.frl\/frl\/winkel\/de-achttjin\/","og_locale":"fy_NL","og_type":"article","og_title":"De Achttjin &#8211; Af\u00fbk Websjop","og_description":"De Achttjin roman fan Aggie van der Meer","og_url":"https:\/\/websjop.afuk.frl\/frl\/winkel\/de-achttjin\/","og_site_name":"Af\u00fbk Websjop","article_modified_time":"2019-12-20T10:58:58+00:00","og_image":[{"width":664,"height":1024,"url":"https:\/\/websjop.afuk.frl\/wp-content\/uploads\/2016\/04\/products-de_achtjin-664x1024.jpg","type":"image\/jpeg"}],"twitter_card":"summary_large_image","twitter_misc":{"Est. reading time":"1 minute"},"schema":{"@context":"https:\/\/schema.org","@graph":[{"@type":"WebPage","@id":"https:\/\/websjop.afuk.frl\/frl\/winkel\/de-achttjin\/","url":"https:\/\/websjop.afuk.frl\/frl\/winkel\/de-achttjin\/","name":"De Achttjin &#8211; Af\u00fbk Websjop","isPartOf":{"@id":"https:\/\/websjop.afuk.frl\/frl\/#website"},"primaryImageOfPage":{"@id":"https:\/\/websjop.afuk.frl\/frl\/winkel\/de-achttjin\/#primaryimage"},"image":{"@id":"https:\/\/websjop.afuk.frl\/frl\/winkel\/de-achttjin\/#primaryimage"},"thumbnailUrl":"https:\/\/websjop.afuk.frl\/wp-content\/uploads\/2016\/04\/products-de_achtjin.jpg","datePublished":"2016-04-12T08:54:06+00:00","dateModified":"2019-12-20T10:58:58+00:00","breadcrumb":{"@id":"https:\/\/websjop.afuk.frl\/frl\/winkel\/de-achttjin\/#breadcrumb"},"inLanguage":"fy-NL","potentialAction":[{"@type":"ReadAction","target":["https:\/\/websjop.afuk.frl\/frl\/winkel\/de-achttjin\/"]}]},{"@type":"ImageObject","inLanguage":"fy-NL","@id":"https:\/\/websjop.afuk.frl\/frl\/winkel\/de-achttjin\/#primaryimage","url":"https:\/\/websjop.afuk.frl\/wp-content\/uploads\/2016\/04\/products-de_achtjin.jpg","contentUrl":"https:\/\/websjop.afuk.frl\/wp-content\/uploads\/2016\/04\/products-de_achtjin.jpg","width":1646,"height":2539},{"@type":"BreadcrumbList","@id":"https:\/\/websjop.afuk.frl\/frl\/winkel\/de-achttjin\/#breadcrumb","itemListElement":[{"@type":"ListItem","position":1,"name":"Home","item":"https:\/\/websjop.afuk.frl\/frl\/"},{"@type":"ListItem","position":2,"name":"Winkel","item":"https:\/\/websjop.afuk.frl\/nl\/winkel\/"},{"@type":"ListItem","position":3,"name":"De Achttjin"}]},{"@type":"WebSite","@id":"https:\/\/websjop.afuk.frl\/frl\/#website","url":"https:\/\/websjop.afuk.frl\/frl\/","name":"Af\u00fbk Websjop","description":"","potentialAction":[{"@type":"SearchAction","target":{"@type":"EntryPoint","urlTemplate":"https:\/\/websjop.afuk.frl\/frl\/?s={search_term_string}"},"query-input":{"@type":"PropertyValueSpecification","valueRequired":true,"valueName":"search_term_string"}}],"inLanguage":"fy-NL"}]}},"_links":{"self":[{"href":"https:\/\/websjop.afuk.frl\/frl\/wp-json\/wp\/v2\/product\/10036","targetHints":{"allow":["GET"]}}],"collection":[{"href":"https:\/\/websjop.afuk.frl\/frl\/wp-json\/wp\/v2\/product"}],"about":[{"href":"https:\/\/websjop.afuk.frl\/frl\/wp-json\/wp\/v2\/types\/product"}],"replies":[{"embeddable":true,"href":"https:\/\/websjop.afuk.frl\/frl\/wp-json\/wp\/v2\/comments?post=10036"}],"wp:featuredmedia":[{"embeddable":true,"href":"https:\/\/websjop.afuk.frl\/frl\/wp-json\/wp\/v2\/media\/10037"}],"wp:attachment":[{"href":"https:\/\/websjop.afuk.frl\/frl\/wp-json\/wp\/v2\/media?parent=10036"}],"wp:term":[{"taxonomy":"product_brand","embeddable":true,"href":"https:\/\/websjop.afuk.frl\/frl\/wp-json\/wp\/v2\/product_brand?post=10036"},{"taxonomy":"product_cat","embeddable":true,"href":"https:\/\/websjop.afuk.frl\/frl\/wp-json\/wp\/v2\/product_cat?post=10036"},{"taxonomy":"product_tag","embeddable":true,"href":"https:\/\/websjop.afuk.frl\/frl\/wp-json\/wp\/v2\/product_tag?post=10036"}],"curies":[{"name":"wp","href":"https:\/\/api.w.org\/{rel}","templated":true}]}}