{"id":6760,"date":"2018-12-13T16:04:32","date_gmt":"2018-12-13T15:04:32","guid":{"rendered":"https:\/\/websjop.bwhontwerpers.nl\/?page_id=6760"},"modified":"2026-03-25T12:00:06","modified_gmt":"2026-03-25T11:00:06","slug":"oer-us","status":"publish","type":"page","link":"https:\/\/websjop.afuk.frl\/frl\/oer-us\/","title":{"rendered":"Oer \u00fas"},"content":{"rendered":"<h2>De missy fan de Af\u00fbk: <em>Mear mei it Frysk<\/em><\/h2>\n<p>By de Af\u00fbk giet alles oer taal, de Fryske taal yn it bys\u00fbnder. Al mear hast 100 jier jout de Fryske taal en kultuer \u00fas besteansrjocht w\u00earby\u2019t it ferskaat oan wurksumheden binnen de Af\u00fbk geandewei de jierren hieltyd grutter wurden is. Wy hawwe de winkel, de \u00fatjouwerij, de kursussen en de \u00fbnderwiismetoaden, mar wy wurkje d\u00earnjonken ek oan in hiel soad wikseljende projekten en kampanjes yn binnen- en b\u00fbtenl\u00e2n.<br \/>\n<strong><br \/>\nAf\u00fbk\u00a0 &#8211; Op nei de 100<\/strong><br \/>\nDe Af\u00fbk is yn 1928 oprjochte yn in tiid dat der in rop wie om de Fryske taal te beskermjen en ek om derfoar te striden dat it Frysk in grutter plak yn de maatskippij krije soe, yn alle hoeken fan de mienskip. S\u00fbnt dy tiid is der in soad feroare. It Frysk hat syn posysje krigen yn de Nederl\u00e2nske en Europeeske wetten en regelingen: dat wie nedich en it helpt de taal foar\u00fat. D\u00earom draait it no minder om de beskerming fan de taal sels, mar mear om wat minsken mei de taal dogge.<\/p>\n<p>It Frysk is in libbene taal. Hjoed-de-dei br\u00fbke likern\u00f4ch in heal miljoen minsken de taal alle dagen, binnen en b\u00fbten de provinsje Frysl\u00e2n. Al dy minsken br\u00fbke it Frysk as memmetaal, om\u2019t it foar harren de taal fan it hert is. Yn 2028 bestiet de Af\u00fbk 100 jier en yn \u00fas beliedsplan litte wy sjen hoe\u2019t wy by de Af\u00fbk de kommende fjouwer jier ynsette op wat der noch mear mei it Frysk kin.<\/p>\n<p><strong>De Af\u00fbk is in ANBI<\/strong><br \/>\nDe Af\u00fbk hat in ANBI-status (RSIN\/ fiskaal n\u00fbmer ANBI 3304334). In ANBI is in Algemeen Nut Beogende Instelling. Op basis derf\u00e2n kinne jo in skinking dwaan of in legaat neilitte oan \u00fas organisaasje.Foar al gemiene ynformaasje d\u00earoer ferwize wy jo graach nei <a href=\"https:\/\/www.belastingdienst.nl\/wps\/wcm\/connect\/bldcontentnl\/belastingdienst\/zakelijk\/bijzondere_regelingen\/goede_doelen\/algemeen_nut_beogende_instellingen\/welke_belastingvoordelen_heeft_een_anbi\" target=\"_blank\" rel=\"noopener\">www.belastingdienst.nl<\/a>.<\/p>\n","protected":false},"excerpt":{"rendered":"<p>De missy fan de Af\u00fbk: Mear mei it Frysk By de Af\u00fbk giet alles oer taal, de Fryske taal yn it bys\u00fbnder. Al mear hast 100 jier jout de Fryske taal en kultuer \u00fas besteansrjocht w\u00earby\u2019t it ferskaat oan wurksumheden binnen de Af\u00fbk geandewei de jierren hieltyd grutter wurden is. Wy hawwe de winkel, de [&hellip;]<\/p>\n","protected":false},"author":1,"featured_media":0,"parent":0,"menu_order":0,"comment_status":"closed","ping_status":"closed","template":"","meta":{"_acf_changed":false,"footnotes":""},"class_list":["post-6760","page","type-page","status-publish","hentry"],"acf":[],"yoast_head":"<!-- This site is optimized with the Yoast SEO plugin v27.3 - https:\/\/yoast.com\/product\/yoast-seo-wordpress\/ -->\n<title>Oer \u00fas &#8211; Af\u00fbk Websjop<\/title>\n<meta name=\"robots\" content=\"index, follow, max-snippet:-1, max-image-preview:large, max-video-preview:-1\" \/>\n<link rel=\"canonical\" href=\"https:\/\/websjop.afuk.frl\/frl\/oer-us\/\" \/>\n<meta property=\"og:locale\" content=\"fy_NL\" \/>\n<meta property=\"og:type\" content=\"article\" \/>\n<meta property=\"og:title\" content=\"Oer \u00fas &#8211; Af\u00fbk Websjop\" \/>\n<meta property=\"og:description\" content=\"De missy fan de Af\u00fbk: Mear mei it Frysk By de Af\u00fbk giet alles oer taal, de Fryske taal yn it bys\u00fbnder. Al mear hast 100 jier jout de Fryske taal en kultuer \u00fas besteansrjocht w\u00earby\u2019t it ferskaat oan wurksumheden binnen de Af\u00fbk geandewei de jierren hieltyd grutter wurden is. Wy hawwe de winkel, de [&hellip;]\" \/>\n<meta property=\"og:url\" content=\"https:\/\/websjop.afuk.frl\/frl\/oer-us\/\" \/>\n<meta property=\"og:site_name\" content=\"Af\u00fbk Websjop\" \/>\n<meta property=\"article:modified_time\" content=\"2026-03-25T11:00:06+00:00\" \/>\n<meta name=\"twitter:card\" content=\"summary_large_image\" \/>\n<meta name=\"twitter:label1\" content=\"Est. reading time\" \/>\n\t<meta name=\"twitter:data1\" content=\"2 minutes\" \/>\n<script type=\"application\/ld+json\" class=\"yoast-schema-graph\">{\"@context\":\"https:\\\/\\\/schema.org\",\"@graph\":[{\"@type\":\"WebPage\",\"@id\":\"https:\\\/\\\/websjop.afuk.frl\\\/frl\\\/oer-us\\\/\",\"url\":\"https:\\\/\\\/websjop.afuk.frl\\\/frl\\\/oer-us\\\/\",\"name\":\"Oer \u00fas &#8211; Af\u00fbk Websjop\",\"isPartOf\":{\"@id\":\"https:\\\/\\\/websjop.afuk.frl\\\/frl\\\/#website\"},\"datePublished\":\"2018-12-13T15:04:32+00:00\",\"dateModified\":\"2026-03-25T11:00:06+00:00\",\"breadcrumb\":{\"@id\":\"https:\\\/\\\/websjop.afuk.frl\\\/frl\\\/oer-us\\\/#breadcrumb\"},\"inLanguage\":\"fy-NL\",\"potentialAction\":[{\"@type\":\"ReadAction\",\"target\":[\"https:\\\/\\\/websjop.afuk.frl\\\/frl\\\/oer-us\\\/\"]}]},{\"@type\":\"BreadcrumbList\",\"@id\":\"https:\\\/\\\/websjop.afuk.frl\\\/frl\\\/oer-us\\\/#breadcrumb\",\"itemListElement\":[{\"@type\":\"ListItem\",\"position\":1,\"name\":\"Home\",\"item\":\"https:\\\/\\\/websjop.afuk.frl\\\/frl\\\/\"},{\"@type\":\"ListItem\",\"position\":2,\"name\":\"Oer \u00fas\"}]},{\"@type\":\"WebSite\",\"@id\":\"https:\\\/\\\/websjop.afuk.frl\\\/frl\\\/#website\",\"url\":\"https:\\\/\\\/websjop.afuk.frl\\\/frl\\\/\",\"name\":\"Af\u00fbk Websjop\",\"description\":\"\",\"potentialAction\":[{\"@type\":\"SearchAction\",\"target\":{\"@type\":\"EntryPoint\",\"urlTemplate\":\"https:\\\/\\\/websjop.afuk.frl\\\/frl\\\/?s={search_term_string}\"},\"query-input\":{\"@type\":\"PropertyValueSpecification\",\"valueRequired\":true,\"valueName\":\"search_term_string\"}}],\"inLanguage\":\"fy-NL\"}]}<\/script>\n<!-- \/ Yoast SEO plugin. -->","yoast_head_json":{"title":"Oer \u00fas &#8211; Af\u00fbk Websjop","robots":{"index":"index","follow":"follow","max-snippet":"max-snippet:-1","max-image-preview":"max-image-preview:large","max-video-preview":"max-video-preview:-1"},"canonical":"https:\/\/websjop.afuk.frl\/frl\/oer-us\/","og_locale":"fy_NL","og_type":"article","og_title":"Oer \u00fas &#8211; Af\u00fbk Websjop","og_description":"De missy fan de Af\u00fbk: Mear mei it Frysk By de Af\u00fbk giet alles oer taal, de Fryske taal yn it bys\u00fbnder. Al mear hast 100 jier jout de Fryske taal en kultuer \u00fas besteansrjocht w\u00earby\u2019t it ferskaat oan wurksumheden binnen de Af\u00fbk geandewei de jierren hieltyd grutter wurden is. Wy hawwe de winkel, de [&hellip;]","og_url":"https:\/\/websjop.afuk.frl\/frl\/oer-us\/","og_site_name":"Af\u00fbk Websjop","article_modified_time":"2026-03-25T11:00:06+00:00","twitter_card":"summary_large_image","twitter_misc":{"Est. reading time":"2 minutes"},"schema":{"@context":"https:\/\/schema.org","@graph":[{"@type":"WebPage","@id":"https:\/\/websjop.afuk.frl\/frl\/oer-us\/","url":"https:\/\/websjop.afuk.frl\/frl\/oer-us\/","name":"Oer \u00fas &#8211; Af\u00fbk Websjop","isPartOf":{"@id":"https:\/\/websjop.afuk.frl\/frl\/#website"},"datePublished":"2018-12-13T15:04:32+00:00","dateModified":"2026-03-25T11:00:06+00:00","breadcrumb":{"@id":"https:\/\/websjop.afuk.frl\/frl\/oer-us\/#breadcrumb"},"inLanguage":"fy-NL","potentialAction":[{"@type":"ReadAction","target":["https:\/\/websjop.afuk.frl\/frl\/oer-us\/"]}]},{"@type":"BreadcrumbList","@id":"https:\/\/websjop.afuk.frl\/frl\/oer-us\/#breadcrumb","itemListElement":[{"@type":"ListItem","position":1,"name":"Home","item":"https:\/\/websjop.afuk.frl\/frl\/"},{"@type":"ListItem","position":2,"name":"Oer \u00fas"}]},{"@type":"WebSite","@id":"https:\/\/websjop.afuk.frl\/frl\/#website","url":"https:\/\/websjop.afuk.frl\/frl\/","name":"Af\u00fbk Websjop","description":"","potentialAction":[{"@type":"SearchAction","target":{"@type":"EntryPoint","urlTemplate":"https:\/\/websjop.afuk.frl\/frl\/?s={search_term_string}"},"query-input":{"@type":"PropertyValueSpecification","valueRequired":true,"valueName":"search_term_string"}}],"inLanguage":"fy-NL"}]}},"_links":{"self":[{"href":"https:\/\/websjop.afuk.frl\/frl\/wp-json\/wp\/v2\/pages\/6760","targetHints":{"allow":["GET"]}}],"collection":[{"href":"https:\/\/websjop.afuk.frl\/frl\/wp-json\/wp\/v2\/pages"}],"about":[{"href":"https:\/\/websjop.afuk.frl\/frl\/wp-json\/wp\/v2\/types\/page"}],"author":[{"embeddable":true,"href":"https:\/\/websjop.afuk.frl\/frl\/wp-json\/wp\/v2\/users\/1"}],"replies":[{"embeddable":true,"href":"https:\/\/websjop.afuk.frl\/frl\/wp-json\/wp\/v2\/comments?post=6760"}],"version-history":[{"count":5,"href":"https:\/\/websjop.afuk.frl\/frl\/wp-json\/wp\/v2\/pages\/6760\/revisions"}],"predecessor-version":[{"id":53313,"href":"https:\/\/websjop.afuk.frl\/frl\/wp-json\/wp\/v2\/pages\/6760\/revisions\/53313"}],"wp:attachment":[{"href":"https:\/\/websjop.afuk.frl\/frl\/wp-json\/wp\/v2\/media?parent=6760"}],"curies":[{"name":"wp","href":"https:\/\/api.w.org\/{rel}","templated":true}]}}