{"id":47974,"date":"2025-03-21T10:46:49","date_gmt":"2025-03-21T09:46:49","guid":{"rendered":"https:\/\/websjop.afuk.frl\/?page_id=47974"},"modified":"2025-03-25T16:10:39","modified_gmt":"2025-03-25T15:10:39","slug":"bestelle-foar-in-skoalle","status":"publish","type":"page","link":"https:\/\/websjop.afuk.frl\/frl\/bestelle-foar-in-skoalle\/","title":{"rendered":"Bestelling dwaan foar in skoalle?"},"content":{"rendered":"<p>Yn it ramt fan de Taalplan Frysk 2030 regeling biede wy skoallen de mooglikheid om materialen te bestellen op rekken. Hjirmei is it ienf\u00e2ldiger wurden om de boeken en oare materialen foar jim skoalle fia de websjop te bestellen en de faktuer letter te beteljen. Hjirfoar kinsto foar jim skoalle in akkount oanfreegje by \u00fas yn de websjop. De mooglikheid om op rekken te beteljen wurdt dan oan dat akkount keppele. Foar it bestellen op rekken h\u00e2lde wy in minimale bestelbedrach fan \u20ac100,- oan. Lytsere bestellingen kinne ek dien wurde, mar moatte gelyk \u00f4frekkene wurde yn de websjop.<\/p>\n<p>Hoe wurket dit?<br \/>\nFolje \u00fbndersteand formulier yn en wy stjoere jim op dat e-mailadres in akkount ta om yn te loggen yn de websjop. By it \u00f4frekkenjen is der dan in ekstra opsje om te kiezen foar betelje op rekken.<\/p>\n<p>Om te ferifiearjen dat it giet om in skoalle freegje wy om it akkount oant te meitsjen mei in e-mailadres dat komt fan in skoalorganisaasje. algemiene e-mailadressen (@gmail, @hotmail, @outlook ensafh.) binne net tastien. D\u00earneist freegje wy om it BRIN n\u00fbmer fan de skoalle. Nei ferifikaasje \u00fbntfangsto dyn ynlochgegevens foar de websjop op de e-mail.<\/p>\n<script type=\"text\/javascript\">\n\/* <![CDATA[ *\/\nvar gform;gform||(document.addEventListener(\"gform_main_scripts_loaded\",function(){gform.scriptsLoaded=!0}),document.addEventListener(\"gform\/theme\/scripts_loaded\",function(){gform.themeScriptsLoaded=!0}),window.addEventListener(\"DOMContentLoaded\",function(){gform.domLoaded=!0}),gform={domLoaded:!1,scriptsLoaded:!1,themeScriptsLoaded:!1,isFormEditor:()=>\"function\"==typeof InitializeEditor,callIfLoaded:function(o){return!(!gform.domLoaded||!gform.scriptsLoaded||!gform.themeScriptsLoaded&&!gform.isFormEditor()||(gform.isFormEditor()&&console.warn(\"The use of gform.initializeOnLoaded() is deprecated in the form editor context and will be removed in Gravity Forms 3.1.\"),o(),0))},initializeOnLoaded:function(o){gform.callIfLoaded(o)||(document.addEventListener(\"gform_main_scripts_loaded\",()=>{gform.scriptsLoaded=!0,gform.callIfLoaded(o)}),document.addEventListener(\"gform\/theme\/scripts_loaded\",()=>{gform.themeScriptsLoaded=!0,gform.callIfLoaded(o)}),window.addEventListener(\"DOMContentLoaded\",()=>{gform.domLoaded=!0,gform.callIfLoaded(o)}))},hooks:{action:{},filter:{}},addAction:function(o,r,e,t){gform.addHook(\"action\",o,r,e,t)},addFilter:function(o,r,e,t){gform.addHook(\"filter\",o,r,e,t)},doAction:function(o){gform.doHook(\"action\",o,arguments)},applyFilters:function(o){return gform.doHook(\"filter\",o,arguments)},removeAction:function(o,r){gform.removeHook(\"action\",o,r)},removeFilter:function(o,r,e){gform.removeHook(\"filter\",o,r,e)},addHook:function(o,r,e,t,n){null==gform.hooks[o][r]&&(gform.hooks[o][r]=[]);var d=gform.hooks[o][r];null==n&&(n=r+\"_\"+d.length),gform.hooks[o][r].push({tag:n,callable:e,priority:t=null==t?10:t})},doHook:function(r,o,e){var t;if(e=Array.prototype.slice.call(e,1),null!=gform.hooks[r][o]&&((o=gform.hooks[r][o]).sort(function(o,r){return o.priority-r.priority}),o.forEach(function(o){\"function\"!=typeof(t=o.callable)&&(t=window[t]),\"action\"==r?t.apply(null,e):e[0]=t.apply(null,e)})),\"filter\"==r)return e[0]},removeHook:function(o,r,t,n){var e;null!=gform.hooks[o][r]&&(e=(e=gform.hooks[o][r]).filter(function(o,r,e){return!!(null!=n&&n!=o.tag||null!=t&&t!=o.priority)}),gform.hooks[o][r]=e)}});\n\/* ]]> *\/\n<\/script>\n\n                <div class='gf_browser_gecko gform_wrapper gravity-theme gform-theme--no-framework' data-form-theme='gravity-theme' data-form-index='0' id='gform_wrapper_6' >\n                        <div class='gform_heading'>\n                            <h2 class=\"gform_title\">Freegje in akkount oan<\/h2>\n                            <p class='gform_description'><\/p>\n                        <\/div><form method='post' enctype='multipart\/form-data'  id='gform_6'  action='\/frl\/wp-json\/wp\/v2\/pages\/47974' data-formid='6' novalidate>\n                        <div class='gform-body gform_body'><div id='gform_fields_6' class='gform_fields top_label form_sublabel_below description_below validation_below'><div id=\"field_6_10\" class=\"gfield gfield--type-html gfield--width-full gfield_html gfield_html_formatted gfield_no_follows_desc field_sublabel_below gfield--no-description field_description_below field_validation_below gfield_visibility_visible\"  ><style type=\"text\/css\">\n.gform_wrapper { padding: 2rem;\n    border: 1px solid #F9f9f9; }\n.gform_description { display: none;}\ndiv.gfield_description\n{\npadding-bottom: 0px !important;\npadding-top: 0px !important;\nfont-style: italic !important;\n}\n<\/style><\/div><div id=\"field_6_3\" class=\"gfield gfield--type-text gfield--width-full field_sublabel_below gfield--has-description field_description_above field_validation_below gfield_visibility_visible\"  ><label class='gfield_label gform-field-label' for='input_6_3'>Namme kontaktpersoan<\/label><div class='gfield_description' id='gfield_description_6_3'>Jou de namme op fan de kontaktpersoan fan de skoalle<\/div><div class='ginput_container ginput_container_text'><input name='input_3' id='input_6_3' type='text' value='' class='large'  aria-describedby=\"gfield_description_6_3\"    aria-invalid=\"false\"   \/><\/div><\/div><div id=\"field_6_7\" class=\"gfield gfield--type-text gfield--width-full field_sublabel_below gfield--no-description field_description_below field_validation_below gfield_visibility_visible\"  ><label class='gfield_label gform-field-label' for='input_6_7'>Tillefoan kontaktpersoan<\/label><div class='ginput_container ginput_container_text'><input name='input_7' id='input_6_7' type='text' value='' class='large'      aria-invalid=\"false\"   \/><\/div><\/div><div id=\"field_6_1\" class=\"gfield gfield--type-text field_sublabel_below gfield--no-description field_description_below field_validation_below gfield_visibility_visible\"  ><label class='gfield_label gform-field-label' for='input_6_1'>Namme fan de skoalle<\/label><div class='ginput_container ginput_container_text'><input name='input_1' id='input_6_1' type='text' value='' class='large'      aria-invalid=\"false\"   \/><\/div><\/div><div id=\"field_6_5\" class=\"gfield gfield--type-text gfield--width-full field_sublabel_below gfield--has-description field_description_above field_validation_below gfield_visibility_visible\"  ><label class='gfield_label gform-field-label' for='input_6_5'>Adres<\/label><div class='gfield_description' id='gfield_description_6_5'>Adres fan de skoalle<\/div><div class='ginput_container ginput_container_text'><input name='input_5' id='input_6_5' type='text' value='' class='large'  aria-describedby=\"gfield_description_6_5\"    aria-invalid=\"false\"   \/><\/div><\/div><div id=\"field_6_4\" class=\"gfield gfield--type-text gfield--width-quarter field_sublabel_below gfield--has-description field_description_below field_validation_below gfield_visibility_visible\"  ><label class='gfield_label gform-field-label' for='input_6_4'>Postkoade<\/label><div class='ginput_container ginput_container_text'><input name='input_4' id='input_6_4' type='text' value='' class='large'  aria-describedby=\"gfield_description_6_4\"    aria-invalid=\"false\"   \/><\/div><div class='gfield_description' id='gfield_description_6_4'>Postkoade fan de skoalle<\/div><\/div><div id=\"field_6_6\" class=\"gfield gfield--type-text gfield--width-three-quarter field_sublabel_below gfield--has-description field_description_below field_validation_below gfield_visibility_visible\"  ><label class='gfield_label gform-field-label' for='input_6_6'>Plak<\/label><div class='ginput_container ginput_container_text'><input name='input_6' id='input_6_6' type='text' value='' class='large'  aria-describedby=\"gfield_description_6_6\"    aria-invalid=\"false\"   \/><\/div><div class='gfield_description' id='gfield_description_6_6'>Plak fan de skoalle<\/div><\/div><div id=\"field_6_8\" class=\"gfield gfield--type-email gfield--width-full field_sublabel_below gfield--has-description field_description_above field_validation_below gfield_visibility_visible\"  ><label class='gfield_label gform-field-label' for='input_6_8'>E-mailadres<\/label><div class='gfield_description' id='gfield_description_6_8'>Dit moat in e-mailadres fan de skoalle w\u00eaze<\/div><div class='ginput_container ginput_container_email'>\n                            <input name='input_8' id='input_6_8' type='email' value='' class='large'     aria-invalid=\"false\" aria-describedby=\"gfield_description_6_8\" \/>\n                        <\/div><\/div><div id=\"field_6_9\" class=\"gfield gfield--type-text gfield--width-full field_sublabel_below gfield--has-description field_description_below field_validation_below gfield_visibility_visible\"  ><label class='gfield_label gform-field-label' for='input_6_9'>BRIN nummer<\/label><div class='ginput_container ginput_container_text'><input name='input_9' id='input_6_9' type='text' value='' class='large'  aria-describedby=\"gfield_description_6_9\"    aria-invalid=\"false\"   \/><\/div><div class='gfield_description' id='gfield_description_6_9'>BRIN n\u00fbmer fan de skoalle<\/div><\/div><\/div><\/div>\n        <div class='gform-footer gform_footer top_label'> <input type='submit' id='gform_submit_button_6' class='gform_button button' onclick='gform.submission.handleButtonClick(this);' data-submission-type='submit' value='Ferstjoere'  \/> \n            <input type='hidden' class='gform_hidden' name='gform_submission_method' data-js='gform_submission_method_6' value='postback' \/>\n            <input type='hidden' class='gform_hidden' name='gform_theme' data-js='gform_theme_6' id='gform_theme_6' value='gravity-theme' \/>\n            <input type='hidden' class='gform_hidden' name='gform_style_settings' data-js='gform_style_settings_6' id='gform_style_settings_6' value='[]' \/>\n            <input type='hidden' class='gform_hidden' name='is_submit_6' value='1' \/>\n            <input type='hidden' class='gform_hidden' name='gform_submit' value='6' \/>\n            \n            <input type='hidden' class='gform_hidden' name='gform_currency' data-currency='EUR' value='cUjOtc4RifPVtWcW+Wi7D2UZXyfe8NI7+o683jlhwDJPdEgLbwGWGPB9Aj487Plqiit0cTWsroC+2DFoaj+3Rp3+MEnRaarpkXbF4Xr\/h3Gy8QQ=' \/>\n            <input type='hidden' class='gform_hidden' name='gform_unique_id' value='' \/>\n            <input type='hidden' class='gform_hidden' name='state_6' value='WyJbXSIsIjEzN2JlMDgzMDU3ZDkzYjRjOWI5NTYzZDY2MzVhNTViIl0=' \/>\n            <input type='hidden' autocomplete='off' class='gform_hidden' name='gform_target_page_number_6' id='gform_target_page_number_6' value='0' \/>\n            <input type='hidden' autocomplete='off' class='gform_hidden' name='gform_source_page_number_6' id='gform_source_page_number_6' value='1' \/>\n            <input type='hidden' name='gform_field_values' value='' \/>\n            \n        <\/div>\n                        <\/form>\n                        <\/div><script type=\"text\/javascript\">\n\/* <![CDATA[ *\/\n gform.initializeOnLoaded( function() {gformInitSpinner( 6, 'https:\/\/websjop.afuk.frl\/wp-content\/plugins\/gravityforms\/images\/spinner.svg', true );jQuery('#gform_ajax_frame_6').on('load',function(){var contents = jQuery(this).contents().find('*').html();var is_postback = contents.indexOf('GF_AJAX_POSTBACK') >= 0;if(!is_postback){return;}var form_content = jQuery(this).contents().find('#gform_wrapper_6');var is_confirmation = jQuery(this).contents().find('#gform_confirmation_wrapper_6').length > 0;var is_redirect = contents.indexOf('gformRedirect(){') >= 0;var is_form = form_content.length > 0 && ! is_redirect && ! is_confirmation;var mt = parseInt(jQuery('html').css('margin-top'), 10) + parseInt(jQuery('body').css('margin-top'), 10) + 100;if(is_form){jQuery('#gform_wrapper_6').html(form_content.html());if(form_content.hasClass('gform_validation_error')){jQuery('#gform_wrapper_6').addClass('gform_validation_error');} else {jQuery('#gform_wrapper_6').removeClass('gform_validation_error');}setTimeout( function() { \/* delay the scroll by 50 milliseconds to fix a bug in chrome *\/  }, 50 );if(window['gformInitDatepicker']) {gformInitDatepicker();}if(window['gformInitPriceFields']) {gformInitPriceFields();}var current_page = jQuery('#gform_source_page_number_6').val();gformInitSpinner( 6, 'https:\/\/websjop.afuk.frl\/wp-content\/plugins\/gravityforms\/images\/spinner.svg', true );jQuery(document).trigger('gform_page_loaded', [6, current_page]);window['gf_submitting_6'] = false;}else if(!is_redirect){var confirmation_content = jQuery(this).contents().find('.GF_AJAX_POSTBACK').html();if(!confirmation_content){confirmation_content = contents;}jQuery('#gform_wrapper_6').replaceWith(confirmation_content);jQuery(document).trigger('gform_confirmation_loaded', [6]);window['gf_submitting_6'] = false;wp.a11y.speak(jQuery('#gform_confirmation_message_6').text());}else{jQuery('#gform_6').append(contents);if(window['gformRedirect']) {gformRedirect();}}jQuery(document).trigger(\"gform_pre_post_render\", [{ formId: \"6\", currentPage: \"current_page\", abort: function() { this.preventDefault(); } }]);        if (event && event.defaultPrevented) {                return;        }        const gformWrapperDiv = document.getElementById( \"gform_wrapper_6\" );        if ( gformWrapperDiv ) {            const visibilitySpan = document.createElement( \"span\" );            visibilitySpan.id = \"gform_visibility_test_6\";            gformWrapperDiv.insertAdjacentElement( \"afterend\", visibilitySpan );        }        const visibilityTestDiv = document.getElementById( \"gform_visibility_test_6\" );        let postRenderFired = false;        function triggerPostRender() {            if ( postRenderFired ) {                return;            }            postRenderFired = true;            gform.core.triggerPostRenderEvents( 6, current_page );            if ( visibilityTestDiv ) {                visibilityTestDiv.parentNode.removeChild( visibilityTestDiv );            }        }        function debounce( func, wait, immediate ) {            var timeout;            return function() {                var context = this, args = arguments;                var later = function() {                    timeout = null;                    if ( !immediate ) func.apply( context, args );                };                var callNow = immediate && !timeout;                clearTimeout( timeout );                timeout = setTimeout( later, wait );                if ( callNow ) func.apply( context, args );            };        }        const debouncedTriggerPostRender = debounce( function() {            triggerPostRender();        }, 200 );        if ( visibilityTestDiv && visibilityTestDiv.offsetParent === null ) {            const observer = new MutationObserver( ( mutations ) => {                mutations.forEach( ( mutation ) => {                    if ( mutation.type === 'attributes' && visibilityTestDiv.offsetParent !== null ) {                        debouncedTriggerPostRender();                        observer.disconnect();                    }                });            });            observer.observe( document.body, {                attributes: true,                childList: false,                subtree: true,                attributeFilter: [ 'style', 'class' ],            });        } else {            triggerPostRender();        }    } );} ); \n\/* ]]> *\/\n<\/script>\n\n","protected":false},"excerpt":{"rendered":"<p>Yn it ramt fan de Taalplan Frysk 2030 regeling biede wy skoallen de mooglikheid om materialen te bestellen op rekken. Hjirmei is it ienf\u00e2ldiger wurden om de boeken en oare materialen foar jim skoalle fia de websjop te bestellen en de faktuer letter te beteljen. Hjirfoar kinsto foar jim skoalle in akkount oanfreegje by \u00fas [&hellip;]<\/p>\n","protected":false},"author":1775,"featured_media":0,"parent":0,"menu_order":0,"comment_status":"closed","ping_status":"closed","template":"","meta":{"_acf_changed":false,"footnotes":""},"class_list":["post-47974","page","type-page","status-publish","hentry"],"acf":[],"yoast_head":"<!-- This site is optimized with the Yoast SEO plugin v27.3 - https:\/\/yoast.com\/product\/yoast-seo-wordpress\/ -->\n<title>Bestelling dwaan foar in skoalle? &#8211; Af\u00fbk Websjop<\/title>\n<meta name=\"robots\" content=\"index, follow, max-snippet:-1, max-image-preview:large, max-video-preview:-1\" \/>\n<link rel=\"canonical\" href=\"https:\/\/websjop.afuk.frl\/frl\/bestelle-foar-in-skoalle\/\" \/>\n<meta property=\"og:locale\" content=\"fy_NL\" \/>\n<meta property=\"og:type\" content=\"article\" \/>\n<meta property=\"og:title\" content=\"Bestelling dwaan foar in skoalle? &#8211; Af\u00fbk Websjop\" \/>\n<meta property=\"og:description\" content=\"Yn it ramt fan de Taalplan Frysk 2030 regeling biede wy skoallen de mooglikheid om materialen te bestellen op rekken. Hjirmei is it ienf\u00e2ldiger wurden om de boeken en oare materialen foar jim skoalle fia de websjop te bestellen en de faktuer letter te beteljen. Hjirfoar kinsto foar jim skoalle in akkount oanfreegje by \u00fas [&hellip;]\" \/>\n<meta property=\"og:url\" content=\"https:\/\/websjop.afuk.frl\/frl\/bestelle-foar-in-skoalle\/\" \/>\n<meta property=\"og:site_name\" content=\"Af\u00fbk Websjop\" \/>\n<meta property=\"article:modified_time\" content=\"2025-03-25T15:10:39+00:00\" \/>\n<meta name=\"twitter:card\" content=\"summary_large_image\" \/>\n<meta name=\"twitter:label1\" content=\"Est. reading time\" \/>\n\t<meta name=\"twitter:data1\" content=\"2 minutes\" \/>\n<script type=\"application\/ld+json\" class=\"yoast-schema-graph\">{\"@context\":\"https:\\\/\\\/schema.org\",\"@graph\":[{\"@type\":\"WebPage\",\"@id\":\"https:\\\/\\\/websjop.afuk.frl\\\/frl\\\/bestelle-foar-in-skoalle\\\/\",\"url\":\"https:\\\/\\\/websjop.afuk.frl\\\/frl\\\/bestelle-foar-in-skoalle\\\/\",\"name\":\"Bestelling dwaan foar in skoalle? &#8211; Af\u00fbk Websjop\",\"isPartOf\":{\"@id\":\"https:\\\/\\\/websjop.afuk.frl\\\/frl\\\/#website\"},\"datePublished\":\"2025-03-21T09:46:49+00:00\",\"dateModified\":\"2025-03-25T15:10:39+00:00\",\"breadcrumb\":{\"@id\":\"https:\\\/\\\/websjop.afuk.frl\\\/frl\\\/bestelle-foar-in-skoalle\\\/#breadcrumb\"},\"inLanguage\":\"fy-NL\",\"potentialAction\":[{\"@type\":\"ReadAction\",\"target\":[\"https:\\\/\\\/websjop.afuk.frl\\\/frl\\\/bestelle-foar-in-skoalle\\\/\"]}]},{\"@type\":\"BreadcrumbList\",\"@id\":\"https:\\\/\\\/websjop.afuk.frl\\\/frl\\\/bestelle-foar-in-skoalle\\\/#breadcrumb\",\"itemListElement\":[{\"@type\":\"ListItem\",\"position\":1,\"name\":\"Home\",\"item\":\"https:\\\/\\\/websjop.afuk.frl\\\/frl\\\/\"},{\"@type\":\"ListItem\",\"position\":2,\"name\":\"Bestelling dwaan foar in skoalle?\"}]},{\"@type\":\"WebSite\",\"@id\":\"https:\\\/\\\/websjop.afuk.frl\\\/frl\\\/#website\",\"url\":\"https:\\\/\\\/websjop.afuk.frl\\\/frl\\\/\",\"name\":\"Af\u00fbk Websjop\",\"description\":\"\",\"potentialAction\":[{\"@type\":\"SearchAction\",\"target\":{\"@type\":\"EntryPoint\",\"urlTemplate\":\"https:\\\/\\\/websjop.afuk.frl\\\/frl\\\/?s={search_term_string}\"},\"query-input\":{\"@type\":\"PropertyValueSpecification\",\"valueRequired\":true,\"valueName\":\"search_term_string\"}}],\"inLanguage\":\"fy-NL\"}]}<\/script>\n<!-- \/ Yoast SEO plugin. -->","yoast_head_json":{"title":"Bestelling dwaan foar in skoalle? &#8211; Af\u00fbk Websjop","robots":{"index":"index","follow":"follow","max-snippet":"max-snippet:-1","max-image-preview":"max-image-preview:large","max-video-preview":"max-video-preview:-1"},"canonical":"https:\/\/websjop.afuk.frl\/frl\/bestelle-foar-in-skoalle\/","og_locale":"fy_NL","og_type":"article","og_title":"Bestelling dwaan foar in skoalle? &#8211; Af\u00fbk Websjop","og_description":"Yn it ramt fan de Taalplan Frysk 2030 regeling biede wy skoallen de mooglikheid om materialen te bestellen op rekken. Hjirmei is it ienf\u00e2ldiger wurden om de boeken en oare materialen foar jim skoalle fia de websjop te bestellen en de faktuer letter te beteljen. Hjirfoar kinsto foar jim skoalle in akkount oanfreegje by \u00fas [&hellip;]","og_url":"https:\/\/websjop.afuk.frl\/frl\/bestelle-foar-in-skoalle\/","og_site_name":"Af\u00fbk Websjop","article_modified_time":"2025-03-25T15:10:39+00:00","twitter_card":"summary_large_image","twitter_misc":{"Est. reading time":"2 minutes"},"schema":{"@context":"https:\/\/schema.org","@graph":[{"@type":"WebPage","@id":"https:\/\/websjop.afuk.frl\/frl\/bestelle-foar-in-skoalle\/","url":"https:\/\/websjop.afuk.frl\/frl\/bestelle-foar-in-skoalle\/","name":"Bestelling dwaan foar in skoalle? &#8211; Af\u00fbk Websjop","isPartOf":{"@id":"https:\/\/websjop.afuk.frl\/frl\/#website"},"datePublished":"2025-03-21T09:46:49+00:00","dateModified":"2025-03-25T15:10:39+00:00","breadcrumb":{"@id":"https:\/\/websjop.afuk.frl\/frl\/bestelle-foar-in-skoalle\/#breadcrumb"},"inLanguage":"fy-NL","potentialAction":[{"@type":"ReadAction","target":["https:\/\/websjop.afuk.frl\/frl\/bestelle-foar-in-skoalle\/"]}]},{"@type":"BreadcrumbList","@id":"https:\/\/websjop.afuk.frl\/frl\/bestelle-foar-in-skoalle\/#breadcrumb","itemListElement":[{"@type":"ListItem","position":1,"name":"Home","item":"https:\/\/websjop.afuk.frl\/frl\/"},{"@type":"ListItem","position":2,"name":"Bestelling dwaan foar in skoalle?"}]},{"@type":"WebSite","@id":"https:\/\/websjop.afuk.frl\/frl\/#website","url":"https:\/\/websjop.afuk.frl\/frl\/","name":"Af\u00fbk Websjop","description":"","potentialAction":[{"@type":"SearchAction","target":{"@type":"EntryPoint","urlTemplate":"https:\/\/websjop.afuk.frl\/frl\/?s={search_term_string}"},"query-input":{"@type":"PropertyValueSpecification","valueRequired":true,"valueName":"search_term_string"}}],"inLanguage":"fy-NL"}]}},"_links":{"self":[{"href":"https:\/\/websjop.afuk.frl\/frl\/wp-json\/wp\/v2\/pages\/47974","targetHints":{"allow":["GET"]}}],"collection":[{"href":"https:\/\/websjop.afuk.frl\/frl\/wp-json\/wp\/v2\/pages"}],"about":[{"href":"https:\/\/websjop.afuk.frl\/frl\/wp-json\/wp\/v2\/types\/page"}],"author":[{"embeddable":true,"href":"https:\/\/websjop.afuk.frl\/frl\/wp-json\/wp\/v2\/users\/1775"}],"replies":[{"embeddable":true,"href":"https:\/\/websjop.afuk.frl\/frl\/wp-json\/wp\/v2\/comments?post=47974"}],"version-history":[{"count":1,"href":"https:\/\/websjop.afuk.frl\/frl\/wp-json\/wp\/v2\/pages\/47974\/revisions"}],"predecessor-version":[{"id":47975,"href":"https:\/\/websjop.afuk.frl\/frl\/wp-json\/wp\/v2\/pages\/47974\/revisions\/47975"}],"wp:attachment":[{"href":"https:\/\/websjop.afuk.frl\/frl\/wp-json\/wp\/v2\/media?parent=47974"}],"curies":[{"name":"wp","href":"https:\/\/api.w.org\/{rel}","templated":true}]}}