{"id":11615,"date":"2018-12-14T15:12:45","date_gmt":"2018-12-14T14:12:45","guid":{"rendered":"https:\/\/websjop.bwhontwerpers.nl\/?page_id=11615"},"modified":"2019-01-10T13:30:16","modified_gmt":"2019-01-10T12:30:16","slug":"weromstjoere-of-annulearje","status":"publish","type":"page","link":"https:\/\/websjop.afuk.frl\/frl\/klanteservice\/weromstjoere-of-annulearje\/","title":{"rendered":"Weromstjoere of annulearje"},"content":{"rendered":"<p><strong>Annulearje<\/strong><br \/>\nIt annulearjen fan in bestelling is, salang\u2019t dy noch net ferstjoerd is, fergees. Annulearje jo de bestelling, neidat jo dy krigen hawwe, dan moatte jo it pakket by it besoargjen wegerje. As de Af\u00fbk al in betelling fan jo krigen hat, dan sille wy de oankeapsom, nei it yn goede oarder \u00fbntfangen fan wat jo weromstjoerd hawwe, weromstoarte. De ferstjoers- en ferpakkingskosten dy\u2019t makke binne sille d\u00earop yn mindering brocht wurde (allinnich as jo de bestelling oan de doar wegerje en s\u00fbnder te iepenjen wer meinimme litte troch de besoarger).<\/p>\n<p><strong>Weromstjoere<\/strong><br \/>\nWolle jo de folsleine bestelling weromstjoere? Artikels dy\u2019t jo al yn \u00fbntfangst nommen hawwe moatte jo weromstjoere nei \u00fbndersteand retoeradres. De Af\u00fbk sil de hiele oankeapsom, ynklusyf de berekkene ferstjoers- en ferpakkingskosten, oan jo weromstoarte. De kosten foar it weromstjoeren binne foar jo rekken.<\/p>\n<p>By it weromstjoeren fan in part fan jo bestelling binne de ferstjoers- en ferpakkingskosten ek foar jo rekken. De oankeapsom fan it part fan de bestelling dat jo weromstjoerd hawwe sil weromstoart wurde. Ferstjoers- en ferpakkingskosten wurde yn dat gefal net restituearre.<\/p>\n<p>Alle annulearrings en alle produkten dy\u2019t ruile en weromstjoerd wurde moatte skriftlik oan de Af\u00fbk trochj\u00fbn wurde. Br\u00fbk d\u00ear \u00fas retoerformulier foar of stjoer \u00fas in e-mail. Wy fersykje jo om d\u00earby yn alle gefallen jo folsleine namme troch te jaan, it besteln\u00fbmer en de artikels dy\u2019t jo annulearje, ruilje of weromstjoere wolle. Om \u00fas klanteservice te ferbetterjen stelle wy it op priis as jo de reden derfan ek neame wolle. Jo binne d\u00ear \u00fat soarte konform de wet Koop op afstand net ta ferplichte.<\/p>\n<p>Foar it werombeteljen fan bedraggen dy\u2019t al betelle binne (by foar\u00fatbeteljen) hawwe wy ek jo bankrekkenn\u00fbmer nedich.<\/p>\n<p>Tink derom: it rekkenn\u00fbmer dat jo opjouwe foar it werombeteljen moat itselde n\u00fbmer w\u00eaze as it rekkenn\u00fbmer d\u00ear\u2019t jo de betelling oan de Af\u00fbk mei dien hawwe, soks yn ferb\u00e2n mei eventuele fraude mei werombetellings. Bedraggen dy\u2019t eventueel al betelle binne wurde binnen op syn heechst fjirtjin dagen nei de retoermelding oan jo werombetelle.<\/p>\n<p><strong>Retoeradres<\/strong><br \/>\nAf\u00fbk<br \/>\nB\u00fbterhoeke 3<br \/>\n8911 DH Ljouwert\/Leeuwarden<\/p>\n","protected":false},"excerpt":{"rendered":"<p>Annulearje It annulearjen fan in bestelling is, salang\u2019t dy noch net ferstjoerd is, fergees. Annulearje jo de bestelling, neidat jo dy krigen hawwe, dan moatte jo it pakket by it besoargjen wegerje. As de Af\u00fbk al in betelling fan jo krigen hat, dan sille wy de oankeapsom, nei it yn goede oarder \u00fbntfangen fan wat [&hellip;]<\/p>\n","protected":false},"author":1,"featured_media":0,"parent":6762,"menu_order":0,"comment_status":"closed","ping_status":"closed","template":"","meta":{"_acf_changed":false,"footnotes":""},"class_list":["post-11615","page","type-page","status-publish","hentry"],"acf":[],"yoast_head":"<!-- This site is optimized with the Yoast SEO plugin v27.3 - https:\/\/yoast.com\/product\/yoast-seo-wordpress\/ -->\n<title>Weromstjoere of annulearje &#8211; Af\u00fbk Websjop<\/title>\n<meta name=\"robots\" content=\"index, follow, max-snippet:-1, max-image-preview:large, max-video-preview:-1\" \/>\n<link rel=\"canonical\" href=\"https:\/\/websjop.afuk.frl\/frl\/klanteservice\/weromstjoere-of-annulearje\/\" \/>\n<meta property=\"og:locale\" content=\"fy_NL\" \/>\n<meta property=\"og:type\" content=\"article\" \/>\n<meta property=\"og:title\" content=\"Weromstjoere of annulearje &#8211; Af\u00fbk Websjop\" \/>\n<meta property=\"og:description\" content=\"Annulearje It annulearjen fan in bestelling is, salang\u2019t dy noch net ferstjoerd is, fergees. Annulearje jo de bestelling, neidat jo dy krigen hawwe, dan moatte jo it pakket by it besoargjen wegerje. As de Af\u00fbk al in betelling fan jo krigen hat, dan sille wy de oankeapsom, nei it yn goede oarder \u00fbntfangen fan wat [&hellip;]\" \/>\n<meta property=\"og:url\" content=\"https:\/\/websjop.afuk.frl\/frl\/klanteservice\/weromstjoere-of-annulearje\/\" \/>\n<meta property=\"og:site_name\" content=\"Af\u00fbk Websjop\" \/>\n<meta property=\"article:modified_time\" content=\"2019-01-10T12:30:16+00:00\" \/>\n<meta name=\"twitter:card\" content=\"summary_large_image\" \/>\n<meta name=\"twitter:label1\" content=\"Est. reading time\" \/>\n\t<meta name=\"twitter:data1\" content=\"2 minutes\" \/>\n<script type=\"application\/ld+json\" class=\"yoast-schema-graph\">{\"@context\":\"https:\\\/\\\/schema.org\",\"@graph\":[{\"@type\":\"WebPage\",\"@id\":\"https:\\\/\\\/websjop.afuk.frl\\\/frl\\\/klanteservice\\\/weromstjoere-of-annulearje\\\/\",\"url\":\"https:\\\/\\\/websjop.afuk.frl\\\/frl\\\/klanteservice\\\/weromstjoere-of-annulearje\\\/\",\"name\":\"Weromstjoere of annulearje &#8211; Af\u00fbk Websjop\",\"isPartOf\":{\"@id\":\"https:\\\/\\\/websjop.afuk.frl\\\/frl\\\/#website\"},\"datePublished\":\"2018-12-14T14:12:45+00:00\",\"dateModified\":\"2019-01-10T12:30:16+00:00\",\"breadcrumb\":{\"@id\":\"https:\\\/\\\/websjop.afuk.frl\\\/frl\\\/klanteservice\\\/weromstjoere-of-annulearje\\\/#breadcrumb\"},\"inLanguage\":\"fy-NL\",\"potentialAction\":[{\"@type\":\"ReadAction\",\"target\":[\"https:\\\/\\\/websjop.afuk.frl\\\/frl\\\/klanteservice\\\/weromstjoere-of-annulearje\\\/\"]}]},{\"@type\":\"BreadcrumbList\",\"@id\":\"https:\\\/\\\/websjop.afuk.frl\\\/frl\\\/klanteservice\\\/weromstjoere-of-annulearje\\\/#breadcrumb\",\"itemListElement\":[{\"@type\":\"ListItem\",\"position\":1,\"name\":\"Home\",\"item\":\"https:\\\/\\\/websjop.afuk.frl\\\/frl\\\/\"},{\"@type\":\"ListItem\",\"position\":2,\"name\":\"Klanteservice\",\"item\":\"https:\\\/\\\/websjop.afuk.frl\\\/frl\\\/klanteservice\\\/\"},{\"@type\":\"ListItem\",\"position\":3,\"name\":\"Weromstjoere of annulearje\"}]},{\"@type\":\"WebSite\",\"@id\":\"https:\\\/\\\/websjop.afuk.frl\\\/frl\\\/#website\",\"url\":\"https:\\\/\\\/websjop.afuk.frl\\\/frl\\\/\",\"name\":\"Af\u00fbk Websjop\",\"description\":\"\",\"potentialAction\":[{\"@type\":\"SearchAction\",\"target\":{\"@type\":\"EntryPoint\",\"urlTemplate\":\"https:\\\/\\\/websjop.afuk.frl\\\/frl\\\/?s={search_term_string}\"},\"query-input\":{\"@type\":\"PropertyValueSpecification\",\"valueRequired\":true,\"valueName\":\"search_term_string\"}}],\"inLanguage\":\"fy-NL\"}]}<\/script>\n<!-- \/ Yoast SEO plugin. -->","yoast_head_json":{"title":"Weromstjoere of annulearje &#8211; Af\u00fbk Websjop","robots":{"index":"index","follow":"follow","max-snippet":"max-snippet:-1","max-image-preview":"max-image-preview:large","max-video-preview":"max-video-preview:-1"},"canonical":"https:\/\/websjop.afuk.frl\/frl\/klanteservice\/weromstjoere-of-annulearje\/","og_locale":"fy_NL","og_type":"article","og_title":"Weromstjoere of annulearje &#8211; Af\u00fbk Websjop","og_description":"Annulearje It annulearjen fan in bestelling is, salang\u2019t dy noch net ferstjoerd is, fergees. Annulearje jo de bestelling, neidat jo dy krigen hawwe, dan moatte jo it pakket by it besoargjen wegerje. As de Af\u00fbk al in betelling fan jo krigen hat, dan sille wy de oankeapsom, nei it yn goede oarder \u00fbntfangen fan wat [&hellip;]","og_url":"https:\/\/websjop.afuk.frl\/frl\/klanteservice\/weromstjoere-of-annulearje\/","og_site_name":"Af\u00fbk Websjop","article_modified_time":"2019-01-10T12:30:16+00:00","twitter_card":"summary_large_image","twitter_misc":{"Est. reading time":"2 minutes"},"schema":{"@context":"https:\/\/schema.org","@graph":[{"@type":"WebPage","@id":"https:\/\/websjop.afuk.frl\/frl\/klanteservice\/weromstjoere-of-annulearje\/","url":"https:\/\/websjop.afuk.frl\/frl\/klanteservice\/weromstjoere-of-annulearje\/","name":"Weromstjoere of annulearje &#8211; Af\u00fbk Websjop","isPartOf":{"@id":"https:\/\/websjop.afuk.frl\/frl\/#website"},"datePublished":"2018-12-14T14:12:45+00:00","dateModified":"2019-01-10T12:30:16+00:00","breadcrumb":{"@id":"https:\/\/websjop.afuk.frl\/frl\/klanteservice\/weromstjoere-of-annulearje\/#breadcrumb"},"inLanguage":"fy-NL","potentialAction":[{"@type":"ReadAction","target":["https:\/\/websjop.afuk.frl\/frl\/klanteservice\/weromstjoere-of-annulearje\/"]}]},{"@type":"BreadcrumbList","@id":"https:\/\/websjop.afuk.frl\/frl\/klanteservice\/weromstjoere-of-annulearje\/#breadcrumb","itemListElement":[{"@type":"ListItem","position":1,"name":"Home","item":"https:\/\/websjop.afuk.frl\/frl\/"},{"@type":"ListItem","position":2,"name":"Klanteservice","item":"https:\/\/websjop.afuk.frl\/frl\/klanteservice\/"},{"@type":"ListItem","position":3,"name":"Weromstjoere of annulearje"}]},{"@type":"WebSite","@id":"https:\/\/websjop.afuk.frl\/frl\/#website","url":"https:\/\/websjop.afuk.frl\/frl\/","name":"Af\u00fbk Websjop","description":"","potentialAction":[{"@type":"SearchAction","target":{"@type":"EntryPoint","urlTemplate":"https:\/\/websjop.afuk.frl\/frl\/?s={search_term_string}"},"query-input":{"@type":"PropertyValueSpecification","valueRequired":true,"valueName":"search_term_string"}}],"inLanguage":"fy-NL"}]}},"_links":{"self":[{"href":"https:\/\/websjop.afuk.frl\/frl\/wp-json\/wp\/v2\/pages\/11615","targetHints":{"allow":["GET"]}}],"collection":[{"href":"https:\/\/websjop.afuk.frl\/frl\/wp-json\/wp\/v2\/pages"}],"about":[{"href":"https:\/\/websjop.afuk.frl\/frl\/wp-json\/wp\/v2\/types\/page"}],"author":[{"embeddable":true,"href":"https:\/\/websjop.afuk.frl\/frl\/wp-json\/wp\/v2\/users\/1"}],"replies":[{"embeddable":true,"href":"https:\/\/websjop.afuk.frl\/frl\/wp-json\/wp\/v2\/comments?post=11615"}],"version-history":[{"count":2,"href":"https:\/\/websjop.afuk.frl\/frl\/wp-json\/wp\/v2\/pages\/11615\/revisions"}],"predecessor-version":[{"id":11804,"href":"https:\/\/websjop.afuk.frl\/frl\/wp-json\/wp\/v2\/pages\/11615\/revisions\/11804"}],"up":[{"embeddable":true,"href":"https:\/\/websjop.afuk.frl\/frl\/wp-json\/wp\/v2\/pages\/6762"}],"wp:attachment":[{"href":"https:\/\/websjop.afuk.frl\/frl\/wp-json\/wp\/v2\/media?parent=11615"}],"curies":[{"name":"wp","href":"https:\/\/api.w.org\/{rel}","templated":true}]}}